{"id":55,"date":"2024-10-29T15:37:09","date_gmt":"2024-10-29T18:37:09","guid":{"rendered":"https:\/\/departamentos.uel.br\/zootecnia\/?page_id=55"},"modified":"2024-10-30T09:20:00","modified_gmt":"2024-10-30T12:20:00","slug":"sobre-o-departamento","status":"publish","type":"page","link":"https:\/\/departamentos.uel.br\/zootecnia\/sobre-o-departamento\/","title":{"rendered":"Sobre o Departamento"},"content":{"rendered":"\n<p>O Departamento de Zootecnia foi criado com o objetivo geral de qualificar recursos humanos e desenvolver pesquisas na \u00e1rea de Produ\u00e7\u00e3o Animal.&nbsp;<\/p>\n\n\n\n<p>Um dos focos principais do Departamento \u00e9 o curso de Gradua\u00e7\u00e3o em Zootecnia, que \u00e9 ofertado a popula\u00e7\u00e3o desde o ano 2000.<\/p>\n\n\n\n<p>Ainda fornece professores para os cursos de gradua\u00e7\u00e3o em Medicina Veterin\u00e1ria e Agronomia da Universidade Estadual de Londrina.<\/p>\n\n\n\n<p>E faz parte do Programa de P\u00f3s-Gradua\u00e7\u00e3o em Ci\u00eancia Animal, nos n\u00edveis de Mestrado e Doutorado, na \u00e1rea de concentra\u00e7\u00e3o Produ\u00e7\u00e3o Animal.<\/p>\n\n\n\n<p>Nos \u00faltimos anos diversos grupos, como o PET Zootecnia, foram criados no Departamento, melhorando ainda mais as formas de conhecimento.<\/p>\n\n\n\n<p><\/p>\n","protected":false},"excerpt":{"rendered":"<p>O Departamento de Zootecnia foi criado com o objetivo geral de qualificar recursos humanos e desenvolver pesquisas na \u00e1rea de Produ\u00e7\u00e3o Animal.&nbsp; Um dos focos principais do Departamento \u00e9 o curso de Gradua\u00e7\u00e3o em Zootecnia, que \u00e9 ofertado a popula\u00e7\u00e3o desde o ano 2000. Ainda fornece professores para os cursos de gradua\u00e7\u00e3o em Medicina Veterin\u00e1ria [&hellip;]<\/p>\n","protected":false},"author":9,"featured_media":0,"parent":0,"menu_order":0,"comment_status":"closed","ping_status":"closed","template":"","meta":{"_acf_changed":false,"_themeisle_gutenberg_block_has_review":false,"footnotes":""},"class_list":["post-55","page","type-page","status-publish","hentry"],"acf":[],"_links":{"self":[{"href":"https:\/\/departamentos.uel.br\/zootecnia\/wp-json\/wp\/v2\/pages\/55","targetHints":{"allow":["GET"]}}],"collection":[{"href":"https:\/\/departamentos.uel.br\/zootecnia\/wp-json\/wp\/v2\/pages"}],"about":[{"href":"https:\/\/departamentos.uel.br\/zootecnia\/wp-json\/wp\/v2\/types\/page"}],"author":[{"embeddable":true,"href":"https:\/\/departamentos.uel.br\/zootecnia\/wp-json\/wp\/v2\/users\/9"}],"replies":[{"embeddable":true,"href":"https:\/\/departamentos.uel.br\/zootecnia\/wp-json\/wp\/v2\/comments?post=55"}],"version-history":[{"count":2,"href":"https:\/\/departamentos.uel.br\/zootecnia\/wp-json\/wp\/v2\/pages\/55\/revisions"}],"predecessor-version":[{"id":75,"href":"https:\/\/departamentos.uel.br\/zootecnia\/wp-json\/wp\/v2\/pages\/55\/revisions\/75"}],"wp:attachment":[{"href":"https:\/\/departamentos.uel.br\/zootecnia\/wp-json\/wp\/v2\/media?parent=55"}],"curies":[{"name":"wp","href":"https:\/\/api.w.org\/{rel}","templated":true}]}}