{"id":47,"date":"2024-10-29T15:36:24","date_gmt":"2024-10-29T18:36:24","guid":{"rendered":"https:\/\/departamentos.uel.br\/zootecnia\/?page_id=47"},"modified":"2024-10-30T09:48:16","modified_gmt":"2024-10-30T12:48:16","slug":"infraestrutura","status":"publish","type":"page","link":"https:\/\/departamentos.uel.br\/zootecnia\/infraestrutura\/","title":{"rendered":"Infraestrutura"},"content":{"rendered":"\n<p>O Departamento de Zootecnia da UEL faz parte da estrutura administrativa e f\u00edsica do Centro de Ci\u00eancias Agr\u00e1rias (CCA).<\/p>\n\n\n\n<iframe src=\"https:\/\/www.google.com\/maps\/embed?pb=!1m18!1m12!1m3!1d3663.6486875014193!2d-51.20459962483395!3d-23.328501953078366!2m3!1f0!2f0!3f0!3m2!1i1024!2i768!4f13.1!3m3!1m2!1s0x94eb5c9f48016f55%3A0x30ebfc22cdffbf9!2sDepartamento%20de%20Zootecnia!5e0!3m2!1spt-BR!2sbr!4v1730292465618!5m2!1spt-BR!2sbr\" width=\"1000\" height=\"600\" style=\"border:0;\" allowfullscreen=\"\" loading=\"lazy\" referrerpolicy=\"no-referrer-when-downgrade\"><\/iframe>\n","protected":false},"excerpt":{"rendered":"<p>O Departamento de Zootecnia da UEL faz parte da estrutura administrativa e f\u00edsica do Centro de Ci\u00eancias Agr\u00e1rias (CCA).<\/p>\n","protected":false},"author":9,"featured_media":0,"parent":0,"menu_order":0,"comment_status":"closed","ping_status":"closed","template":"","meta":{"_acf_changed":false,"_themeisle_gutenberg_block_has_review":false,"footnotes":""},"class_list":["post-47","page","type-page","status-publish","hentry"],"acf":[],"_links":{"self":[{"href":"https:\/\/departamentos.uel.br\/zootecnia\/wp-json\/wp\/v2\/pages\/47","targetHints":{"allow":["GET"]}}],"collection":[{"href":"https:\/\/departamentos.uel.br\/zootecnia\/wp-json\/wp\/v2\/pages"}],"about":[{"href":"https:\/\/departamentos.uel.br\/zootecnia\/wp-json\/wp\/v2\/types\/page"}],"author":[{"embeddable":true,"href":"https:\/\/departamentos.uel.br\/zootecnia\/wp-json\/wp\/v2\/users\/9"}],"replies":[{"embeddable":true,"href":"https:\/\/departamentos.uel.br\/zootecnia\/wp-json\/wp\/v2\/comments?post=47"}],"version-history":[{"count":3,"href":"https:\/\/departamentos.uel.br\/zootecnia\/wp-json\/wp\/v2\/pages\/47\/revisions"}],"predecessor-version":[{"id":90,"href":"https:\/\/departamentos.uel.br\/zootecnia\/wp-json\/wp\/v2\/pages\/47\/revisions\/90"}],"wp:attachment":[{"href":"https:\/\/departamentos.uel.br\/zootecnia\/wp-json\/wp\/v2\/media?parent=47"}],"curies":[{"name":"wp","href":"https:\/\/api.w.org\/{rel}","templated":true}]}}