{"id":45,"date":"2024-10-04T10:48:28","date_gmt":"2024-10-04T13:48:28","guid":{"rendered":"https:\/\/departamentos.uel.br\/saude-coletiva\/?page_id=45"},"modified":"2025-07-18T14:32:05","modified_gmt":"2025-07-18T17:32:05","slug":"links-importantes","status":"publish","type":"page","link":"https:\/\/departamentos.uel.br\/saude-coletiva\/links-importantes\/","title":{"rendered":"Links Importantes"},"content":{"rendered":"\n<p>Seguem links importantes da \u00e1rea:<\/p>\n\n\n\n<div id=\"wp-block-themeisle-blocks-accordion-2103d436\" class=\"wp-block-themeisle-blocks-accordion exclusive\">\n<details class=\"wp-block-themeisle-blocks-accordion-item\"><summary class=\"wp-block-themeisle-blocks-accordion-item__title\"><div><strong>Sites Nacionais:<\/strong><\/div><\/summary><div class=\"wp-block-themeisle-blocks-accordion-item__content\">\n<p><a href=\"https:\/\/www.gov.br\/cnpq\/pt-br\">CNPq<\/a><\/p>\n\n\n\n<p><a href=\"https:\/\/www.gov.br\/capes\/pt-br\">CAPES<\/a><\/p>\n\n\n\n<p><a href=\"https:\/\/www.gov.br\/anvisa\/pt-br\">ANVISA<\/a><\/p>\n\n\n\n<p><a href=\"https:\/\/www.redeunida.org.br\/pt-br\/\">Rede Unida<\/a><\/p>\n\n\n\n<p><a href=\"https:\/\/www.londrina.pr.gov.br\">Prefeitura de Londrina<\/a><\/p>\n\n\n\n<p><a href=\"https:\/\/www.gov.br\/saude\/pt-br\">Minist\u00e9rio da Sa\u00fade<\/a><\/p>\n\n\n\n<p><a href=\"https:\/\/www.saude.pr.gov.br\/Endereco\/17a-Regional-de-Saude-Londrina\">Secretaria da Sa\u00fade de Londrina<\/a><\/p>\n\n\n\n<p><a href=\"https:\/\/www.saude.pr.gov.br\">Secretaria da Sa\u00fade<\/a><\/p>\n\n\n\n<p><a href=\"https:\/\/www.gov.br\/conselho-nacional-de-saude\/pt-br\">Conselho Nacional de Sa\u00fade<\/a><\/p>\n\n\n\n<p><a href=\"https:\/\/abrasco.org.br\">ABRASCO &#8211; Associa\u00e7\u00e3o Brasileira de Sa\u00fade Coletiva<\/a><\/p>\n\n\n\n<p><a href=\"http:\/\/www.saude.pr.gov.br\/\" target=\"_blank\" rel=\"noreferrer noopener\">http:\/\/www.saude.pr.gov.br<\/a>&nbsp;&#8211; Site da Secretaria de Sa\u00fade do Estado do Paran\u00e1, com diversos dados epidemiol\u00f3gicos para os munic\u00edpios do estado.<\/p>\n\n\n\n<p><a href=\"http:\/\/www.unicef.org\/\" target=\"_blank\" rel=\"noreferrer noopener\">http:\/\/www.unicef.org<\/a>&nbsp;\u2013 Site da UNICEF. Permite acesso a estat\u00edsticas e publica\u00e7\u00f5es sobre a sa\u00fade da crian\u00e7a.<\/p>\n\n\n\n<p><a href=\"http:\/\/www.ensp.fiocruz.br\/\" target=\"_blank\" rel=\"noreferrer noopener\">http:\/\/www.ensp.fiocruz.br<\/a>&nbsp;\u2013 Na Funda\u00e7\u00e3o Oswaldo Cruz (FIOCRUZ) , no Rio de Janeiro, mant\u00e9m este site com v\u00e1rias informa\u00e7\u00f5es pertinentes \u00e0 Institui\u00e7\u00e3o e seus pesquisadores: linhas de pesquisa, produ\u00e7\u00e3o institucional, cursos e est\u00e1gios em Sa\u00fade P\u00fablica, dentre outros, s\u00e3o os destaques do site.<\/p>\n\n\n\n<p><\/p>\n<\/div><\/details>\n<\/div>\n\n\n\n<div id=\"wp-block-themeisle-blocks-accordion-efef50fd\" class=\"wp-block-themeisle-blocks-accordion exclusive\">\n<details class=\"wp-block-themeisle-blocks-accordion-item\"><summary class=\"wp-block-themeisle-blocks-accordion-item__title\"><div><strong>Sites Internacionais:<\/strong><\/div><\/summary><div class=\"wp-block-themeisle-blocks-accordion-item__content\">\n<p><a href=\"http:\/\/www.who.org\/\" target=\"_blank\" rel=\"noreferrer noopener\">http:\/\/www.who.org<\/a>&nbsp;\u2013 Site da Organiza\u00e7\u00e3o Mundial da Sa\u00fade, com diversas informa\u00e7\u00f5es e \u201clinks\u201d para outros sites de interesse \u00e0 Sa\u00fade Coletiva (inclusive Odontologia).<\/p>\n\n\n\n<p><a href=\"http:\/\/www.cdc.gov\/\" target=\"_blank\" rel=\"noreferrer noopener\">http:\/\/www.cdc.gov<\/a>&nbsp;\u2013 site dos Centers for Disease Control and Prevention (CDC). Traz dados estat\u00edsticos de doen\u00e7as e agravos \u00e0 sa\u00fade, informa\u00e7\u00f5es sobre publica\u00e7\u00f5es, softwares (como, por exemplo, o Epi Info), com possibilidade de fazer o \u201cdownload\u201d.<\/p>\n\n\n\n<p><a href=\"http:\/\/www.paho.org\/\" target=\"_blank\" rel=\"noreferrer noopener\">http:\/\/www.paho.org<\/a>&nbsp;\u2013 site da Organiza\u00e7\u00e3o Pan-americana de Sa\u00fade (OPAS), com informa\u00e7\u00f5es sobre sa\u00fade na Am\u00e9rica Latina e publica\u00e7\u00f5es de interesse \u00e0 sa\u00fade.<\/p>\n<\/div><\/details>\n<\/div>\n\n\n\n<div class=\"wp-block-columns is-layout-flex wp-container-core-columns-is-layout-9d6595d7 wp-block-columns-is-layout-flex\">\n<div class=\"wp-block-column is-layout-flow wp-block-column-is-layout-flow\"><\/div>\n<\/div>\n\n\n\n<p class=\"has-cinza-escuro-color has-text-color has-link-color wp-elements-393df6172c629b951aece630755cc85c\"><strong>Formul\u00e1rios Importantes Docentes:<\/strong><\/p>\n\n\n\n<div class=\"wp-block-columns is-layout-flex wp-container-core-columns-is-layout-9d6595d7 wp-block-columns-is-layout-flex\">\n<div class=\"wp-block-column is-layout-flow wp-block-column-is-layout-flow\">\n<div class=\"wp-block-file\"><a id=\"wp-block-file--media-f2e511a9-a013-4d07-8101-196ec3b86690\" href=\"https:\/\/departamentos.uel.br\/saude-coletiva\/wp-content\/uploads\/2024\/12\/Banca-Examinadora-Pontuacao.doc\">Banca Examinadora Pontua\u00e7\u00e3o<\/a><a href=\"https:\/\/departamentos.uel.br\/saude-coletiva\/wp-content\/uploads\/2024\/12\/Banca-Examinadora-Pontuacao.doc\" class=\"wp-block-file__button wp-element-button\" download aria-describedby=\"wp-block-file--media-f2e511a9-a013-4d07-8101-196ec3b86690\">Baixar<\/a><\/div>\n<\/div>\n\n\n\n<div class=\"wp-block-column is-layout-flow wp-block-column-is-layout-flow\">\n<div class=\"wp-block-file\"><a id=\"wp-block-file--media-753fb9ff-4246-4e9e-bfe4-dceabe329cc7\" href=\"https:\/\/departamentos.uel.br\/saude-coletiva\/wp-content\/uploads\/2024\/12\/Solicitacao-Participacao-de-Evento.rtf\">Solicita\u00e7\u00e3o &#8211; Participa\u00e7\u00e3o de Evento<\/a><a href=\"https:\/\/departamentos.uel.br\/saude-coletiva\/wp-content\/uploads\/2024\/12\/Solicitacao-Participacao-de-Evento.rtf\" class=\"wp-block-file__button wp-element-button\" download aria-describedby=\"wp-block-file--media-753fb9ff-4246-4e9e-bfe4-dceabe329cc7\">Baixar<\/a><\/div>\n<\/div>\n<\/div>\n\n\n\n<div class=\"wp-block-columns is-layout-flex wp-container-core-columns-is-layout-9d6595d7 wp-block-columns-is-layout-flex\">\n<div class=\"wp-block-column is-layout-flow wp-block-column-is-layout-flow\">\n<div class=\"wp-block-file\"><a id=\"wp-block-file--media-1c027a37-514d-480e-adc5-b6193dbb9cd5\" href=\"https:\/\/departamentos.uel.br\/saude-coletiva\/wp-content\/uploads\/2024\/12\/QUADRO-RESUMO-licencas-e-relatorios-CAPACITACAO.rtf\">QUADRO-RESUMO licen\u00e7as e relat\u00f3rios CAPACITA\u00c7\u00c3O<\/a><a href=\"https:\/\/departamentos.uel.br\/saude-coletiva\/wp-content\/uploads\/2024\/12\/QUADRO-RESUMO-licencas-e-relatorios-CAPACITACAO.rtf\" class=\"wp-block-file__button wp-element-button\" download aria-describedby=\"wp-block-file--media-1c027a37-514d-480e-adc5-b6193dbb9cd5\">Baixar<\/a><\/div>\n<\/div>\n\n\n\n<div class=\"wp-block-column is-layout-flow wp-block-column-is-layout-flow\">\n<div class=\"wp-block-file\"><a id=\"wp-block-file--media-e4648ebb-f5c8-46ba-a4d3-757309386797\" href=\"https:\/\/departamentos.uel.br\/saude-coletiva\/wp-content\/uploads\/2024\/12\/Quadro-EVOLUCAO-na-licenca-para-capacitacao.rtf\">Quadro EVOLU\u00c7\u00c3O na licen\u00e7a para capacita\u00e7\u00e3o<\/a><a href=\"https:\/\/departamentos.uel.br\/saude-coletiva\/wp-content\/uploads\/2024\/12\/Quadro-EVOLUCAO-na-licenca-para-capacitacao.rtf\" class=\"wp-block-file__button wp-element-button\" download aria-describedby=\"wp-block-file--media-e4648ebb-f5c8-46ba-a4d3-757309386797\">Baixar<\/a><\/div>\n<\/div>\n<\/div>\n\n\n\n<div class=\"wp-block-columns is-layout-flex wp-container-core-columns-is-layout-9d6595d7 wp-block-columns-is-layout-flex\">\n<div class=\"wp-block-column is-layout-flow wp-block-column-is-layout-flow\">\n<p><strong>Ato Normativo 01\/2010<\/strong> &#8211; Avalia\u00e7\u00e3o docente para progress\u00e3o<\/p>\n\n\n\n<div class=\"wp-block-file\"><a id=\"wp-block-file--media-3fd40c0c-e55e-4135-99f2-832aa453e0e8\" href=\"https:\/\/departamentos.uel.br\/saude-coletiva\/wp-content\/uploads\/2025\/07\/ATO1-2010.pdf\">ATO1-2010<\/a><a href=\"https:\/\/departamentos.uel.br\/saude-coletiva\/wp-content\/uploads\/2025\/07\/ATO1-2010.pdf\" class=\"wp-block-file__button wp-element-button\" download aria-describedby=\"wp-block-file--media-3fd40c0c-e55e-4135-99f2-832aa453e0e8\">Baixar<\/a><\/div>\n<\/div>\n\n\n\n<div class=\"wp-block-column is-layout-flow wp-block-column-is-layout-flow\">\n<p><strong>Ato Normativo 01\/2003<\/strong> &#8211; Estabelece sa\u00eddas para capacita\u00e7\u00e3o docente<\/p>\n\n\n\n<div class=\"wp-block-file\"><a id=\"wp-block-file--media-132f5c16-af9e-4b2b-ab17-83a3725636fe\" href=\"https:\/\/departamentos.uel.br\/saude-coletiva\/wp-content\/uploads\/2025\/07\/Ato-Normativo-N.1-1.pdf\">Ato Normativo N.1 (1)<\/a><a href=\"https:\/\/departamentos.uel.br\/saude-coletiva\/wp-content\/uploads\/2025\/07\/Ato-Normativo-N.1-1.pdf\" class=\"wp-block-file__button wp-element-button\" download aria-describedby=\"wp-block-file--media-132f5c16-af9e-4b2b-ab17-83a3725636fe\">Baixar<\/a><\/div>\n<\/div>\n<\/div>\n\n\n\n<p><strong>Ato Normativo 03\/2004<\/strong> &#8211; REVOGADO<\/p>\n\n\n\n<div class=\"wp-block-file\"><a id=\"wp-block-file--media-b565be01-9cf2-4b4e-9185-9ea78e87379e\" href=\"https:\/\/departamentos.uel.br\/saude-coletiva\/wp-content\/uploads\/2025\/07\/Ato-Normativo-N.3.pdf\">Ato Normativo N.3<\/a><a href=\"https:\/\/departamentos.uel.br\/saude-coletiva\/wp-content\/uploads\/2025\/07\/Ato-Normativo-N.3.pdf\" class=\"wp-block-file__button wp-element-button\" download aria-describedby=\"wp-block-file--media-b565be01-9cf2-4b4e-9185-9ea78e87379e\">Baixar<\/a><\/div>\n\n\n\n<div class=\"wp-block-columns is-layout-flex wp-container-core-columns-is-layout-9d6595d7 wp-block-columns-is-layout-flex\">\n<div class=\"wp-block-column is-layout-flow wp-block-column-is-layout-flow\"><\/div>\n<\/div>\n\n\n\n<p class=\"has-text-align-center has-medium-font-size\"><strong>Manual de Identidade Visual da UEL<\/strong><\/p>\n\n\n\n<p>Ao representar a Universidade Estadual de Londrina, utilize a&nbsp;<a href=\"https:\/\/portal.uel.br\/conheca-a-uel\/pages\/marca-e-logotipo.php\" target=\"_blank\" rel=\"noreferrer noopener\">logomarca da UEL<\/a>, conforme manual abaixo:<\/p>\n\n\n\n<div data-wp-interactive=\"core\/file\" class=\"wp-block-file\"><object data-wp-bind--hidden=\"!state.hasPdfPreview\" hidden class=\"wp-block-file__embed\" data=\"https:\/\/departamentos.uel.br\/saude-coletiva\/wp-content\/uploads\/2024\/10\/MANUAL_DE_IDENTIDADE_UEL_-_2019-1.pdf\" type=\"application\/pdf\" style=\"width:100%;height:600px\" aria-label=\"Incorporado de MANUAL_DE_IDENTIDADE_UEL_-_2019 (1).\"><\/object><a id=\"wp-block-file--media-1d91fdf6-23b1-4fbd-864c-22b5df939ffa\" href=\"https:\/\/departamentos.uel.br\/saude-coletiva\/wp-content\/uploads\/2024\/10\/MANUAL_DE_IDENTIDADE_UEL_-_2019-1.pdf\">MANUAL_DE_IDENTIDADE_UEL_-_2019 (1)<\/a><a href=\"https:\/\/departamentos.uel.br\/saude-coletiva\/wp-content\/uploads\/2024\/10\/MANUAL_DE_IDENTIDADE_UEL_-_2019-1.pdf\" class=\"wp-block-file__button wp-element-button\" download aria-describedby=\"wp-block-file--media-1d91fdf6-23b1-4fbd-864c-22b5df939ffa\">Baixar<\/a><\/div>\n","protected":false},"excerpt":{"rendered":"<p>Seguem links importantes da \u00e1rea: Formul\u00e1rios Importantes Docentes: Ato Normativo 01\/2010 &#8211; Avalia\u00e7\u00e3o docente para progress\u00e3o Ato Normativo 01\/2003 &#8211; Estabelece sa\u00eddas para capacita\u00e7\u00e3o docente Ato Normativo 03\/2004 &#8211; REVOGADO Manual de Identidade Visual da UEL Ao representar a Universidade Estadual de Londrina, utilize a&nbsp;logomarca da UEL, conforme manual abaixo:<\/p>\n","protected":false},"author":6,"featured_media":0,"parent":0,"menu_order":0,"comment_status":"closed","ping_status":"closed","template":"","meta":{"_acf_changed":false,"_themeisle_gutenberg_block_has_review":false,"footnotes":""},"class_list":["post-45","page","type-page","status-publish","hentry"],"acf":[],"_links":{"self":[{"href":"https:\/\/departamentos.uel.br\/saude-coletiva\/wp-json\/wp\/v2\/pages\/45","targetHints":{"allow":["GET"]}}],"collection":[{"href":"https:\/\/departamentos.uel.br\/saude-coletiva\/wp-json\/wp\/v2\/pages"}],"about":[{"href":"https:\/\/departamentos.uel.br\/saude-coletiva\/wp-json\/wp\/v2\/types\/page"}],"author":[{"embeddable":true,"href":"https:\/\/departamentos.uel.br\/saude-coletiva\/wp-json\/wp\/v2\/users\/6"}],"replies":[{"embeddable":true,"href":"https:\/\/departamentos.uel.br\/saude-coletiva\/wp-json\/wp\/v2\/comments?post=45"}],"version-history":[{"count":45,"href":"https:\/\/departamentos.uel.br\/saude-coletiva\/wp-json\/wp\/v2\/pages\/45\/revisions"}],"predecessor-version":[{"id":338,"href":"https:\/\/departamentos.uel.br\/saude-coletiva\/wp-json\/wp\/v2\/pages\/45\/revisions\/338"}],"wp:attachment":[{"href":"https:\/\/departamentos.uel.br\/saude-coletiva\/wp-json\/wp\/v2\/media?parent=45"}],"curies":[{"name":"wp","href":"https:\/\/api.w.org\/{rel}","templated":true}]}}