{"id":37,"date":"2024-10-04T10:47:28","date_gmt":"2024-10-04T13:47:28","guid":{"rendered":"https:\/\/departamentos.uel.br\/saude-coletiva\/?page_id=37"},"modified":"2024-10-04T11:26:48","modified_gmt":"2024-10-04T14:26:48","slug":"sobre-o-departamento","status":"publish","type":"page","link":"https:\/\/departamentos.uel.br\/saude-coletiva\/sobre-o-departamento\/","title":{"rendered":"Sobre o Departamento"},"content":{"rendered":"\n<p>O <strong>Departamento de Sa\u00fade Coletiva<\/strong> desempenha um papel central no desenvolvimento e implementa\u00e7\u00e3o de estrat\u00e9gias dentro dos cursos na \u00e1rea de sa\u00fade.<\/p>\n\n\n\n<p>O campo abrange diversas \u00e1reas, incluindo epidemiologia, que estuda a distribui\u00e7\u00e3o e os determinantes das doen\u00e7as, vigil\u00e2ncia em sa\u00fade, que monitora e controla os riscos \u00e0 sa\u00fade, e pol\u00edticas p\u00fablicas de sa\u00fade, que prop\u00f5em e avaliam medidas para garantir o acesso equitativo a cuidados. Al\u00e9m disso, a Sa\u00fade Coletiva reconhece a import\u00e2ncia dos determinantes sociais da sa\u00fade, como condi\u00e7\u00f5es socioecon\u00f4micas, meio ambiente e cultura, na qualidade de vida e no bem-estar da popula\u00e7\u00e3o.<\/p>\n\n\n\n<p>A atua\u00e7\u00e3o dos profissionais de Sa\u00fade Coletiva \u00e9 estrat\u00e9gica e envolve a promo\u00e7\u00e3o da sa\u00fade por meio de campanhas de conscientiza\u00e7\u00e3o, planejamento e gest\u00e3o de sistemas de sa\u00fade, an\u00e1lise de dados epidemiol\u00f3gicos, entre outros. <\/p>\n\n\n\n<p>O objetivo final \u00e9 a constru\u00e7\u00e3o de uma sociedade mais saud\u00e1vel e equitativa, garantindo que os benef\u00edcios dos avan\u00e7os m\u00e9dicos e sanit\u00e1rios sejam acess\u00edveis a todos, independentemente de suas condi\u00e7\u00f5es sociais ou econ\u00f4micas.<\/p>\n\n\n\n<p><\/p>\n","protected":false},"excerpt":{"rendered":"<p>O Departamento de Sa\u00fade Coletiva desempenha um papel central no desenvolvimento e implementa\u00e7\u00e3o de estrat\u00e9gias dentro dos cursos na \u00e1rea de sa\u00fade. O campo abrange diversas \u00e1reas, incluindo epidemiologia, que estuda a distribui\u00e7\u00e3o e os determinantes das doen\u00e7as, vigil\u00e2ncia em sa\u00fade, que monitora e controla os riscos \u00e0 sa\u00fade, e pol\u00edticas p\u00fablicas de sa\u00fade, que [&hellip;]<\/p>\n","protected":false},"author":6,"featured_media":0,"parent":0,"menu_order":0,"comment_status":"closed","ping_status":"closed","template":"","meta":{"_acf_changed":false,"_themeisle_gutenberg_block_has_review":false,"footnotes":""},"class_list":["post-37","page","type-page","status-publish","hentry"],"acf":[],"_links":{"self":[{"href":"https:\/\/departamentos.uel.br\/saude-coletiva\/wp-json\/wp\/v2\/pages\/37","targetHints":{"allow":["GET"]}}],"collection":[{"href":"https:\/\/departamentos.uel.br\/saude-coletiva\/wp-json\/wp\/v2\/pages"}],"about":[{"href":"https:\/\/departamentos.uel.br\/saude-coletiva\/wp-json\/wp\/v2\/types\/page"}],"author":[{"embeddable":true,"href":"https:\/\/departamentos.uel.br\/saude-coletiva\/wp-json\/wp\/v2\/users\/6"}],"replies":[{"embeddable":true,"href":"https:\/\/departamentos.uel.br\/saude-coletiva\/wp-json\/wp\/v2\/comments?post=37"}],"version-history":[{"count":4,"href":"https:\/\/departamentos.uel.br\/saude-coletiva\/wp-json\/wp\/v2\/pages\/37\/revisions"}],"predecessor-version":[{"id":56,"href":"https:\/\/departamentos.uel.br\/saude-coletiva\/wp-json\/wp\/v2\/pages\/37\/revisions\/56"}],"wp:attachment":[{"href":"https:\/\/departamentos.uel.br\/saude-coletiva\/wp-json\/wp\/v2\/media?parent=37"}],"curies":[{"name":"wp","href":"https:\/\/api.w.org\/{rel}","templated":true}]}}