{"id":192,"date":"2025-07-17T14:25:05","date_gmt":"2025-07-17T17:25:05","guid":{"rendered":"https:\/\/departamentos.uel.br\/saude-coletiva\/?page_id=192"},"modified":"2026-03-02T10:27:59","modified_gmt":"2026-03-02T13:27:59","slug":"processo-seletivo-e-editais","status":"publish","type":"page","link":"https:\/\/departamentos.uel.br\/saude-coletiva\/processo-seletivo-e-editais\/","title":{"rendered":"Processo Seletivo e Editais"},"content":{"rendered":"\n<p>Processo Seletivo para Supervisores do Projeto MAIS M\u00c9DICOS PARA O BRASIL <br><strong>EDITAL CCS\/DESC N\u00ba 02\/2024 \u2013 UEL (continua\u00e7\u00e3o abaixo&#8230;)<\/strong><\/p>\n\n\n\n<div id=\"wp-block-themeisle-blocks-accordion-2b834dc9\" class=\"wp-block-themeisle-blocks-accordion exclusive\">\n<details class=\"wp-block-themeisle-blocks-accordion-item\"><summary class=\"wp-block-themeisle-blocks-accordion-item__title\"><div><strong>EDITAL CCS\/DESC 01\/2026<\/strong><\/div><\/summary><div class=\"wp-block-themeisle-blocks-accordion-item__content\">\n<p>Processo Seletivo para Supervisores do Projeto MAIS M\u00c9DICOS PARA O BRASIL em Regi\u00f5es Sob Supervis\u00e3o da Universidade Estadual de Londrina.<br><a href=\"https:\/\/departamentos.uel.br\/saude-coletiva\/wp-content\/uploads\/2026\/03\/edital-CCS-DESC-01-2026-Convoca-Candidato-Supervisao-PMMB.UEL_.pdf\">EDITAL CCS\/DESC N\u00ba 02\/2024 \u2013 UEL (continua\u00e7\u00e3o, sequ\u00eancia do chamamento&#8230;)<\/a><\/p>\n<\/div><\/details>\n<\/div>\n\n\n\n<p><strong>NOVO<\/strong> <strong>Processo Seletivo para Tutores Acad\u00eamicos do Projeto &#8220;Mais M\u00e9dicos para o Brasil&#8221; (PMMB\/UEL)<\/strong><\/p>\n\n\n\n<div id=\"wp-block-themeisle-blocks-accordion-381ec981\" class=\"wp-block-themeisle-blocks-accordion exclusive\">\n<details class=\"wp-block-themeisle-blocks-accordion-item\"><summary class=\"wp-block-themeisle-blocks-accordion-item__title\"><div><strong>Edital CCS\/DESC n\u00ba 01\/2025 &#8211; UEL<\/strong><\/div><\/summary><div class=\"wp-block-themeisle-blocks-accordion-item__content\">\n<ul class=\"wp-block-list\">\n<li><a href=\"https:\/\/departamentos.uel.br\/saude-coletiva\/wp-content\/uploads\/2025\/10\/1_-_Edital_CCS-DESC_n_01-2025__-_Publicar_em_24.10.2025.pdf\">Processo Seletivo de Tutores Acad\u00eamicos (PMMB\/UEL)<\/a><\/li>\n\n\n\n<li><a href=\"https:\/\/departamentos.uel.br\/saude-coletiva\/wp-content\/uploads\/2025\/11\/PORTARIA.DIR_.CCS_._020_COMISSAO_DE_SELECAO_TUTORES_PMMB_DESC_assinado.pdf\">Portaria CCS DIR N\u00ba 020\/2025<\/a><\/li>\n\n\n\n<li><a href=\"https:\/\/departamentos.uel.br\/saude-coletiva\/wp-content\/uploads\/2025\/11\/Resultado-Edital-CCS-DESC-022025.pdf\">Edital CCS\/DESC 02\/2025 (Resultado Processo Seletivo para Tutores Acad\u00eamicos)<\/a><\/li>\n\n\n\n<li><a href=\"https:\/\/departamentos.uel.br\/saude-coletiva\/wp-content\/uploads\/2025\/12\/Resultado-Final-Edital-CCS-DESC-032025.pdf\">Edital CCS\/DESC 03\/2025 (Resultado Final do Processo Seletivo &#8211; Tutores)<\/a><\/li>\n<\/ul>\n<\/div><\/details>\n<\/div>\n\n\n\n<p><strong>Editais para Sele\u00e7\u00e3o de Tutores e Supervisores do Projeto Mais M\u00e9dicos para o Brasil<\/strong><\/p>\n\n\n\n<div id=\"wp-block-themeisle-blocks-accordion-b0203c80\" class=\"wp-block-themeisle-blocks-accordion exclusive\">\n<details class=\"wp-block-themeisle-blocks-accordion-item\"><summary class=\"wp-block-themeisle-blocks-accordion-item__title\"><div><strong>Edital CCS-DESC n\u00ba 01-2024<\/strong><\/div><\/summary><div class=\"wp-block-themeisle-blocks-accordion-item__content\">\n<ul class=\"wp-block-list\">\n<li><a href=\"https:\/\/departamentos.uel.br\/saude-coletiva\/wp-content\/uploads\/2024\/12\/Edital_CCS-DESC_01-2024.pdf\">Processo Seletivo de Tutores Acad\u00eamicos PMMB<\/a><\/li>\n\n\n\n<li><a href=\"https:\/\/departamentos.uel.br\/saude-coletiva\/wp-content\/uploads\/2025\/07\/edital_ccs-desc-03-2024.pdf\">Resultado preliminar Processo Seletivo de Tutores Acad\u00eamicos PMMB<\/a><\/li>\n\n\n\n<li><a href=\"https:\/\/departamentos.uel.br\/saude-coletiva\/wp-content\/uploads\/2025\/07\/EDITAL_CCS_DESC_004_2024.pdf\">Resultado Final Processo Seletivo de Tutores Acad\u00eamicos PMMB<\/a><\/li>\n<\/ul>\n<\/div><\/details>\n<\/div>\n\n\n\n<div id=\"wp-block-themeisle-blocks-accordion-3e1e20da\" class=\"wp-block-themeisle-blocks-accordion exclusive\">\n<details class=\"wp-block-themeisle-blocks-accordion-item\"><summary class=\"wp-block-themeisle-blocks-accordion-item__title\"><div><strong>Edital CCS-DESC n\u00ba 02-2024<\/strong><\/div><\/summary><div class=\"wp-block-themeisle-blocks-accordion-item__content\">\n<ul class=\"wp-block-list\">\n<li><a href=\"https:\/\/departamentos.uel.br\/saude-coletiva\/wp-content\/uploads\/2024\/12\/Edital_CCS-DESC_02-2024.pdf\">Processo Seletivo de Supervisores PMMB<\/a><\/li>\n\n\n\n<li><a href=\"https:\/\/departamentos.uel.br\/saude-coletiva\/wp-content\/uploads\/2025\/07\/edital-ccs-desc-005-2024.pdf\">Resultado Preliminar Processo Seletivo de Supervisores PMMB<\/a><\/li>\n\n\n\n<li><a href=\"https:\/\/departamentos.uel.br\/saude-coletiva\/wp-content\/uploads\/2025\/07\/edital-ccs-desc-006-2024.pdf\">An\u00e1lise de Recursos Interpostos ante o Resultado Preliminar do Processo Seletivo &#8211; Supervisores<\/a><\/li>\n\n\n\n<li><a href=\"https:\/\/departamentos.uel.br\/saude-coletiva\/wp-content\/uploads\/2025\/07\/edital-ccs-desc-007-2024.pdf\">Resultado Final do Processo Seletivo para Supervisores &#8211; PMMB<\/a><\/li>\n\n\n\n<li><a href=\"https:\/\/departamentos.uel.br\/saude-coletiva\/wp-content\/uploads\/2025\/07\/edital-ccs-desc-008-2024-rev.pdf\">1\u00aa Convoca\u00e7\u00e3o para procedimento orientativo de valida\u00e7\u00e3o de candidatos<\/a><\/li>\n\n\n\n<li><a href=\"https:\/\/departamentos.uel.br\/saude-coletiva\/wp-content\/uploads\/2025\/07\/edital-ccs-desc-009-2024.pdf\">2\u00aa Convoca\u00e7\u00e3o para procedimento orientativo de valida\u00e7\u00e3o de candidatos<\/a><\/li>\n\n\n\n<li><a href=\"https:\/\/departamentos.uel.br\/saude-coletiva\/wp-content\/uploads\/2025\/07\/edital-ccs-desc-010-2024.pdf\">Resultado Definitivo de Valida\u00e7\u00e3o de Candidatos a Supervisor e Reclassifica\u00e7\u00e3o por Regionais de Sa\u00fade<\/a><\/li>\n\n\n\n<li><a href=\"https:\/\/departamentos.uel.br\/saude-coletiva\/wp-content\/uploads\/2025\/07\/edital-ccs-desc-011-2024.pdf\">Desclassifica\u00e7\u00e3o &#8211; Supervisor PMMB\/UEL<\/a><\/li>\n\n\n\n<li><a href=\"https:\/\/departamentos.uel.br\/saude-coletiva\/wp-content\/uploads\/2025\/07\/edital-ccs-desc-012-2024.pdf\">Convoca\u00e7\u00e3o de Supervisor &#8211; PMMB\/UEL<\/a><\/li>\n\n\n\n<li><a href=\"https:\/\/departamentos.uel.br\/saude-coletiva\/wp-content\/uploads\/2025\/07\/edital-ccs-desc-013-2024.pdf\">Desclassifica\u00e7\u00e3o &#8211; Supervisor PMMB\/UEL<\/a><\/li>\n\n\n\n<li><a href=\"https:\/\/departamentos.uel.br\/saude-coletiva\/wp-content\/uploads\/2025\/07\/edital-ccs-desc-014-2024.pdf\">Convoca\u00e7\u00e3o de Supervisor &#8211; PMMB\/UEL<\/a><\/li>\n\n\n\n<li><a href=\"https:\/\/departamentos.uel.br\/saude-coletiva\/wp-content\/uploads\/2025\/07\/edital-ccs-desc-015-2024.pdf\">Convoca\u00e7\u00e3o de Supervisor &#8211; PMMB\/UEL<\/a><\/li>\n\n\n\n<li><a href=\"https:\/\/departamentos.uel.br\/saude-coletiva\/wp-content\/uploads\/2025\/07\/edital-ccs-desc-016-2024.pdf\">Convoca\u00e7\u00e3o de Supervisor &#8211; PMMB\/UEL<\/a><\/li>\n\n\n\n<li><a href=\"https:\/\/departamentos.uel.br\/saude-coletiva\/wp-content\/uploads\/2025\/07\/edital-ccs-desc-017-2024.pdf\">Convoca\u00e7\u00e3o de Supervisor &#8211; PMMB\/UEL<\/a><\/li>\n\n\n\n<li><a href=\"https:\/\/departamentos.uel.br\/saude-coletiva\/wp-content\/uploads\/2025\/07\/edital-ccs-desc-018-2024.pdf\">Convoca\u00e7\u00e3o de Supervisor &#8211; PMMB\/UEL 018\/2024<\/a><\/li>\n\n\n\n<li><a href=\"https:\/\/departamentos.uel.br\/saude-coletiva\/wp-content\/uploads\/2025\/07\/edital-ccs-desc-019-2024.pdf\">Convoca\u00e7\u00e3o de Supervisor &#8211; PMMB\/UEL 019\/2024<\/a><\/li>\n\n\n\n<li><a href=\"https:\/\/departamentos.uel.br\/saude-coletiva\/wp-content\/uploads\/2025\/07\/edital-ccs-desc-020-2024.pdf\">Convoca\u00e7\u00e3o de Supervisor &#8211; PMMB\/UEL 020\/2024<\/a><\/li>\n\n\n\n<li><a href=\"https:\/\/departamentos.uel.br\/saude-coletiva\/wp-content\/uploads\/2025\/07\/edital-ccs-desc-021-2024.pdf\">Convoca\u00e7\u00e3o de Supervisor &#8211; PMMB\/UEL 021\/2024<\/a><\/li>\n<\/ul>\n<\/div><\/details>\n<\/div>\n\n\n\n<p><\/p>\n","protected":false},"excerpt":{"rendered":"<p>Processo Seletivo para Supervisores do Projeto MAIS M\u00c9DICOS PARA O BRASIL EDITAL CCS\/DESC N\u00ba 02\/2024 \u2013 UEL (continua\u00e7\u00e3o abaixo&#8230;) NOVO Processo Seletivo para Tutores Acad\u00eamicos do Projeto &#8220;Mais M\u00e9dicos para o Brasil&#8221; (PMMB\/UEL) Editais para Sele\u00e7\u00e3o de Tutores e Supervisores do Projeto Mais M\u00e9dicos para o Brasil<\/p>\n","protected":false},"author":6,"featured_media":0,"parent":0,"menu_order":0,"comment_status":"closed","ping_status":"closed","template":"","meta":{"_acf_changed":false,"_themeisle_gutenberg_block_has_review":false,"footnotes":""},"class_list":["post-192","page","type-page","status-publish","hentry"],"acf":[],"_links":{"self":[{"href":"https:\/\/departamentos.uel.br\/saude-coletiva\/wp-json\/wp\/v2\/pages\/192","targetHints":{"allow":["GET"]}}],"collection":[{"href":"https:\/\/departamentos.uel.br\/saude-coletiva\/wp-json\/wp\/v2\/pages"}],"about":[{"href":"https:\/\/departamentos.uel.br\/saude-coletiva\/wp-json\/wp\/v2\/types\/page"}],"author":[{"embeddable":true,"href":"https:\/\/departamentos.uel.br\/saude-coletiva\/wp-json\/wp\/v2\/users\/6"}],"replies":[{"embeddable":true,"href":"https:\/\/departamentos.uel.br\/saude-coletiva\/wp-json\/wp\/v2\/comments?post=192"}],"version-history":[{"count":52,"href":"https:\/\/departamentos.uel.br\/saude-coletiva\/wp-json\/wp\/v2\/pages\/192\/revisions"}],"predecessor-version":[{"id":373,"href":"https:\/\/departamentos.uel.br\/saude-coletiva\/wp-json\/wp\/v2\/pages\/192\/revisions\/373"}],"wp:attachment":[{"href":"https:\/\/departamentos.uel.br\/saude-coletiva\/wp-json\/wp\/v2\/media?parent=192"}],"curies":[{"name":"wp","href":"https:\/\/api.w.org\/{rel}","templated":true}]}}