{"id":204,"date":"2024-09-17T11:18:30","date_gmt":"2024-09-17T14:18:30","guid":{"rendered":"https:\/\/departamentos.uel.br\/quimica\/?page_id=204"},"modified":"2024-09-17T13:55:04","modified_gmt":"2024-09-17T16:55:04","slug":"corpo-tecnico","status":"publish","type":"page","link":"https:\/\/departamentos.uel.br\/quimica\/corpo-tecnico\/","title":{"rendered":"Corpo T\u00e9cnico"},"content":{"rendered":"\n<p><strong>Secret\u00e1rio<\/strong><br>Rog\u00e9rio Carvalho dos Santos<br>quimica@uel.br<\/p>\n\n\n\n<p><strong>Almoxarife<\/strong><br>Mauro Toshinori Ywata<br>mtywata@yahoo.com.br<\/p>\n\n\n\n<p><strong>T\u00e9cnicos de Laborat\u00f3rio<\/strong><br>Ana Esneire Peretti de Mattos<br>ana@uel.br<\/p>\n\n\n\n<p>Ana Maria da Luz Silva<br>analuz@uel.br\u00a0 \u00a0 \u00a0<\/p>\n\n\n\n<p>Cristina Aparecida Lopes<br>cristina.lopes@uel.br\u00a0 \u00a0 \u00a0<\/p>\n\n\n\n<p>Let\u00edcia Alana Bertoldo<br>leticia.bertoldo@uel.br\u00a0 \u00a0<\/p>\n\n\n\n<p>Lu\u00eds Henrique Segantini<br>luishsegantini@uel.br<\/p>\n\n\n\n<p>Talitha Oliveira Germiniano<br>talitha@uel.br<\/p>\n","protected":false},"excerpt":{"rendered":"<p>Secret\u00e1rioRog\u00e9rio Carvalho dos Santosquimica@uel.br AlmoxarifeMauro Toshinori Ywatamtywata@yahoo.com.br T\u00e9cnicos de Laborat\u00f3rioAna Esneire Peretti de Mattosana@uel.br Ana Maria da Luz Silvaanaluz@uel.br\u00a0 \u00a0 \u00a0 Cristina Aparecida Lopescristina.lopes@uel.br\u00a0 \u00a0 \u00a0 Let\u00edcia Alana Bertoldoleticia.bertoldo@uel.br\u00a0 \u00a0 Lu\u00eds Henrique Segantiniluishsegantini@uel.br Talitha Oliveira Germinianotalitha@uel.br<\/p>\n","protected":false},"author":7,"featured_media":0,"parent":0,"menu_order":0,"comment_status":"closed","ping_status":"closed","template":"","meta":{"_acf_changed":false,"_themeisle_gutenberg_block_has_review":false,"footnotes":""},"class_list":["post-204","page","type-page","status-publish","hentry"],"acf":[],"_links":{"self":[{"href":"https:\/\/departamentos.uel.br\/quimica\/wp-json\/wp\/v2\/pages\/204","targetHints":{"allow":["GET"]}}],"collection":[{"href":"https:\/\/departamentos.uel.br\/quimica\/wp-json\/wp\/v2\/pages"}],"about":[{"href":"https:\/\/departamentos.uel.br\/quimica\/wp-json\/wp\/v2\/types\/page"}],"author":[{"embeddable":true,"href":"https:\/\/departamentos.uel.br\/quimica\/wp-json\/wp\/v2\/users\/7"}],"replies":[{"embeddable":true,"href":"https:\/\/departamentos.uel.br\/quimica\/wp-json\/wp\/v2\/comments?post=204"}],"version-history":[{"count":3,"href":"https:\/\/departamentos.uel.br\/quimica\/wp-json\/wp\/v2\/pages\/204\/revisions"}],"predecessor-version":[{"id":227,"href":"https:\/\/departamentos.uel.br\/quimica\/wp-json\/wp\/v2\/pages\/204\/revisions\/227"}],"wp:attachment":[{"href":"https:\/\/departamentos.uel.br\/quimica\/wp-json\/wp\/v2\/media?parent=204"}],"curies":[{"name":"wp","href":"https:\/\/api.w.org\/{rel}","templated":true}]}}