{"id":198,"date":"2024-09-17T11:08:13","date_gmt":"2024-09-17T14:08:13","guid":{"rendered":"https:\/\/departamentos.uel.br\/quimica\/?page_id=198"},"modified":"2024-09-17T11:23:23","modified_gmt":"2024-09-17T14:23:23","slug":"sobre-o-departamento","status":"publish","type":"page","link":"https:\/\/departamentos.uel.br\/quimica\/sobre-o-departamento\/","title":{"rendered":"Sobre o Departamento"},"content":{"rendered":"\n<p>Foi criado pela Resolu\u00e7\u00e3o 100\/72 de 25\/05\/72 e entrou em funcionamento em 16\/02\/73. A Licenciatura foi a \u00fanica habilita\u00e7\u00e3o ofertada pelo curso naquela ocasi\u00e3o com 20 vagas no per\u00edodo vespertino. A partir do segundo semestre de 1976 foi ofertado no per\u00edodo noturno, retornando ao vespertino no primeiro semestre de 1988.<\/p>\n\n\n\n<p>Foi reconhecido pelo Decreto n\u00ba 81.033 de 15\/12\/77, publicado no Di\u00e1rio Oficial da Uni\u00e3o em 16\/12\/77, e transcrito \u00e0 p\u00e1gina 382 da Documenta n\u00ba 206.<\/p>\n\n\n\n<p>Em 1978, por for\u00e7a da Resolu\u00e7\u00e3o n\u00ba 30 do Minist\u00e9rio da Educa\u00e7\u00e3o e Cultura, os cursos de Licenciatura em Qu\u00edmica, F\u00edsica, Matem\u00e1tica e Biologia passaram por uma reformula\u00e7\u00e3o para atender as suas exig\u00eancias.<\/p>\n\n\n\n<p>Com o fracasso dessa reforma o curso de Qu\u00edmica foi novamente reformulado (Resolu\u00e7\u00e3o 523\/79-UEL) e reaberto em 1979 nas modalidades de Licenciatura e Bacharelado, sendo que esta \u00faltima foi autorizada a funcionar pelo parecer n\u00ba 325\/79 do Conselho Federal de Educa\u00e7\u00e3o transcrito \u00e0 p\u00e1gina 60 da Documenta n\u00ba 220.<\/p>\n\n\n\n<p>A partir de 1992 o regime seriado anual foi implantado em todos os cursos de gradua\u00e7\u00e3o ofertados pela Institui\u00e7\u00e3o, em substitui\u00e7\u00e3o ao regime de matr\u00edcula por disciplina semestral (cr\u00e9dito).<\/p>\n\n\n\n<p>A Resolu\u00e7\u00e3o 3.087\/96 de 04\/12\/1996 criou o Curso de Qu\u00edmica noturno \u2013 Habilita\u00e7\u00e3o em Licenciatura em 1996.<\/p>\n\n\n\n<p>As Resolu\u00e7\u00f5es 3.088\/96 e 3.089\/96 de 04\/12\/1996 criaram o Curso de Qu\u00edmica Integral \u2013 Habilita\u00e7\u00e3o Bacharelado (sem e com op\u00e7\u00e3o em Qu\u00edmica Tecnol\u00f3gica ).<\/p>\n","protected":false},"excerpt":{"rendered":"<p>Foi criado pela Resolu\u00e7\u00e3o 100\/72 de 25\/05\/72 e entrou em funcionamento em 16\/02\/73. A Licenciatura foi a \u00fanica habilita\u00e7\u00e3o ofertada pelo curso naquela ocasi\u00e3o com 20 vagas no per\u00edodo vespertino. A partir do segundo semestre de 1976 foi ofertado no per\u00edodo noturno, retornando ao vespertino no primeiro semestre de 1988. Foi reconhecido pelo Decreto n\u00ba [&hellip;]<\/p>\n","protected":false},"author":7,"featured_media":0,"parent":0,"menu_order":0,"comment_status":"closed","ping_status":"closed","template":"","meta":{"_acf_changed":false,"_themeisle_gutenberg_block_has_review":false,"footnotes":""},"class_list":["post-198","page","type-page","status-publish","hentry"],"acf":[],"_links":{"self":[{"href":"https:\/\/departamentos.uel.br\/quimica\/wp-json\/wp\/v2\/pages\/198","targetHints":{"allow":["GET"]}}],"collection":[{"href":"https:\/\/departamentos.uel.br\/quimica\/wp-json\/wp\/v2\/pages"}],"about":[{"href":"https:\/\/departamentos.uel.br\/quimica\/wp-json\/wp\/v2\/types\/page"}],"author":[{"embeddable":true,"href":"https:\/\/departamentos.uel.br\/quimica\/wp-json\/wp\/v2\/users\/7"}],"replies":[{"embeddable":true,"href":"https:\/\/departamentos.uel.br\/quimica\/wp-json\/wp\/v2\/comments?post=198"}],"version-history":[{"count":3,"href":"https:\/\/departamentos.uel.br\/quimica\/wp-json\/wp\/v2\/pages\/198\/revisions"}],"predecessor-version":[{"id":212,"href":"https:\/\/departamentos.uel.br\/quimica\/wp-json\/wp\/v2\/pages\/198\/revisions\/212"}],"wp:attachment":[{"href":"https:\/\/departamentos.uel.br\/quimica\/wp-json\/wp\/v2\/media?parent=198"}],"curies":[{"name":"wp","href":"https:\/\/api.w.org\/{rel}","templated":true}]}}