{"id":186,"date":"2024-09-17T10:27:56","date_gmt":"2024-09-17T13:27:56","guid":{"rendered":"https:\/\/departamentos.uel.br\/quimica\/?page_id=186"},"modified":"2024-09-19T11:00:15","modified_gmt":"2024-09-19T14:00:15","slug":"infraestrutura","status":"publish","type":"page","link":"https:\/\/departamentos.uel.br\/quimica\/infraestrutura\/","title":{"rendered":"Infraestrutura"},"content":{"rendered":"\n<p>O Departamento de Qu\u00edmica faz parte da estrutura administrativa e f\u00edsica do Centro de Ci\u00eancias Exatas (CCE). <\/p>\n\n\n\n<iframe src=\"https:\/\/www.google.com\/maps\/embed?pb=!1m18!1m12!1m3!1d3663.693521533184!2d-51.20349482483398!3d-23.3268760530192!2m3!1f0!2f0!3f0!3m2!1i1024!2i768!4f13.1!3m3!1m2!1s0x94eb5c9f6345b23b%3A0x889c7328dbef7bd7!2sDepartamento%20de%20Qu%C3%ADmica!5e0!3m2!1spt-BR!2sbr!4v1726598475024!5m2!1spt-BR!2sbr\" width=\"1000\" height=\"600\" style=\"border:0;\" allowfullscreen=\"\" loading=\"lazy\" referrerpolicy=\"no-referrer-when-downgrade\"><\/iframe>\n","protected":false},"excerpt":{"rendered":"<p>O Departamento de Qu\u00edmica faz parte da estrutura administrativa e f\u00edsica do Centro de Ci\u00eancias Exatas (CCE).<\/p>\n","protected":false},"author":7,"featured_media":0,"parent":0,"menu_order":0,"comment_status":"closed","ping_status":"closed","template":"","meta":{"_acf_changed":false,"_themeisle_gutenberg_block_has_review":false,"footnotes":""},"class_list":["post-186","page","type-page","status-publish","hentry"],"acf":[],"_links":{"self":[{"href":"https:\/\/departamentos.uel.br\/quimica\/wp-json\/wp\/v2\/pages\/186","targetHints":{"allow":["GET"]}}],"collection":[{"href":"https:\/\/departamentos.uel.br\/quimica\/wp-json\/wp\/v2\/pages"}],"about":[{"href":"https:\/\/departamentos.uel.br\/quimica\/wp-json\/wp\/v2\/types\/page"}],"author":[{"embeddable":true,"href":"https:\/\/departamentos.uel.br\/quimica\/wp-json\/wp\/v2\/users\/7"}],"replies":[{"embeddable":true,"href":"https:\/\/departamentos.uel.br\/quimica\/wp-json\/wp\/v2\/comments?post=186"}],"version-history":[{"count":4,"href":"https:\/\/departamentos.uel.br\/quimica\/wp-json\/wp\/v2\/pages\/186\/revisions"}],"predecessor-version":[{"id":259,"href":"https:\/\/departamentos.uel.br\/quimica\/wp-json\/wp\/v2\/pages\/186\/revisions\/259"}],"wp:attachment":[{"href":"https:\/\/departamentos.uel.br\/quimica\/wp-json\/wp\/v2\/media?parent=186"}],"curies":[{"name":"wp","href":"https:\/\/api.w.org\/{rel}","templated":true}]}}