{"id":33,"date":"2024-11-07T09:28:41","date_gmt":"2024-11-07T12:28:41","guid":{"rendered":"https:\/\/departamentos.uel.br\/psicologia-e-psicanalise\/?page_id=33"},"modified":"2025-11-03T18:13:22","modified_gmt":"2025-11-03T21:13:22","slug":"eventos","status":"publish","type":"page","link":"https:\/\/departamentos.uel.br\/psicologia-e-psicanalise\/eventos\/","title":{"rendered":"Eventos"},"content":{"rendered":"\n<p class=\"has-medium-font-size\"><\/p>\n\n\n\n<div id=\"wp-block-themeisle-blocks-accordion-60be0ce0\" class=\"wp-block-themeisle-blocks-accordion exclusive\">\n<details class=\"wp-block-themeisle-blocks-accordion-item\"><summary class=\"wp-block-themeisle-blocks-accordion-item__title\"><div>I Jornada de Avalia\u00e7\u00e3o Psicol\u00f3gica do PPSIC-UEL e I Encontro de Avalia\u00e7\u00e3o Psicol\u00f3gica do PPGPSI-UEL<\/div><\/summary><div class=\"wp-block-themeisle-blocks-accordion-item__content\">\n<p>Evento realizado pelo Departamento de Psicologia e Psican\u00e1lise, entre 29 e 30 de maio de 2025, no Centro de Ci\u00eancias Biol\u00f3gicas da Universidade Estadual de Londrina. Arquivo com os trabalhos apresentados no evento pode ser acessado por meio do link &#8211; <a href=\"https:\/\/departamentos.uel.br\/psicologia-e-psicanalise\/wp-content\/uploads\/2025\/07\/Anais-da-I-Jornada-de-Avaliacao-Psicologica.pdf\">Anais da I Jornada de Avalia\u00e7\u00e3o Psicol\u00f3gica do PPSIC-UEL e I Encontro de Avalia\u00e7\u00e3o Psicol\u00f3gica do PPGPSI-UEL<\/a>.<\/p>\n<\/div><\/details>\n<\/div>\n\n\n\n<div id=\"wp-block-themeisle-blocks-accordion-66f28527\" class=\"wp-block-themeisle-blocks-accordion exclusive\">\n<details class=\"wp-block-themeisle-blocks-accordion-item\"><summary class=\"wp-block-themeisle-blocks-accordion-item__title\"><div>A Psicologia Antirracista e as Rela\u00e7\u00f5es \u00c9tnico-Raciais: quest\u00f5es para a cl\u00ednica<\/div><\/summary><div class=\"wp-block-themeisle-blocks-accordion-item__content\">\n<p>Evento realizado pelo Departamento de Psicologia e Psican\u00e1lise, no dia 23 de outubro de 2025, no Centro de Ci\u00eancias Biol\u00f3gicas da Universidade Estadual de Londrina. Arquivo com os trabalhos apresentados no evento pode ser acessado por meio do link &#8211; <a href=\"https:\/\/departamentos.uel.br\/psicologia-e-psicanalise\/wp-content\/uploads\/2025\/11\/Anais-_A-PSICOLOGIA-ANTIRRACISTA-E-AS-RELACOES-ETNICO-RACIAIS_-QUESTOES-PARA-A-CLINICA_.pdf\">Anais &#8211; A Psicologia Antirracista e as Rela\u00e7\u00f5es \u00c9tnico-Raciais: quest\u00f5es para a cl\u00ednica<\/a>.<\/p>\n<\/div><\/details>\n<\/div>\n\n\n\n<p><\/p>\n","protected":false},"excerpt":{"rendered":"","protected":false},"author":6,"featured_media":0,"parent":0,"menu_order":0,"comment_status":"closed","ping_status":"closed","template":"","meta":{"_acf_changed":false,"_themeisle_gutenberg_block_has_review":false,"footnotes":""},"class_list":["post-33","page","type-page","status-publish","hentry"],"acf":[],"_links":{"self":[{"href":"https:\/\/departamentos.uel.br\/psicologia-e-psicanalise\/wp-json\/wp\/v2\/pages\/33","targetHints":{"allow":["GET"]}}],"collection":[{"href":"https:\/\/departamentos.uel.br\/psicologia-e-psicanalise\/wp-json\/wp\/v2\/pages"}],"about":[{"href":"https:\/\/departamentos.uel.br\/psicologia-e-psicanalise\/wp-json\/wp\/v2\/types\/page"}],"author":[{"embeddable":true,"href":"https:\/\/departamentos.uel.br\/psicologia-e-psicanalise\/wp-json\/wp\/v2\/users\/6"}],"replies":[{"embeddable":true,"href":"https:\/\/departamentos.uel.br\/psicologia-e-psicanalise\/wp-json\/wp\/v2\/comments?post=33"}],"version-history":[{"count":13,"href":"https:\/\/departamentos.uel.br\/psicologia-e-psicanalise\/wp-json\/wp\/v2\/pages\/33\/revisions"}],"predecessor-version":[{"id":123,"href":"https:\/\/departamentos.uel.br\/psicologia-e-psicanalise\/wp-json\/wp\/v2\/pages\/33\/revisions\/123"}],"wp:attachment":[{"href":"https:\/\/departamentos.uel.br\/psicologia-e-psicanalise\/wp-json\/wp\/v2\/media?parent=33"}],"curies":[{"name":"wp","href":"https:\/\/api.w.org\/{rel}","templated":true}]}}