{"id":114,"date":"2025-08-07T14:59:26","date_gmt":"2025-08-07T17:59:26","guid":{"rendered":"https:\/\/departamentos.uel.br\/psicologia-e-psicanalise\/?page_id=114"},"modified":"2025-08-07T15:01:58","modified_gmt":"2025-08-07T18:01:58","slug":"regimento-do-departamento","status":"publish","type":"page","link":"https:\/\/departamentos.uel.br\/psicologia-e-psicanalise\/regimento-do-departamento\/","title":{"rendered":"Regimento do Departamento"},"content":{"rendered":"\n<p><strong>Resolu\u00e7\u00e3o 92\/2023<\/strong> &#8211; Aprova a Reformula\u00e7\u00e3o do Regimento do Departamento de Psicologia e Psican\u00e1lise do Centro de Ci\u00eancias Biol\u00f3gicas &#8211; CCB, da Universidade Estadual de Londrina:<\/p>\n\n\n\n<div data-wp-interactive=\"core\/file\" class=\"wp-block-file\"><object data-wp-bind--hidden=\"!state.hasPdfPreview\" hidden class=\"wp-block-file__embed\" data=\"https:\/\/departamentos.uel.br\/psicologia-e-psicanalise\/wp-content\/uploads\/2025\/08\/Resolucao.pdf\" type=\"application\/pdf\" style=\"width:100%;height:600px\" aria-label=\"Incorporado de Resolu\u00e7\u00e3o.\"><\/object><a id=\"wp-block-file--media-d4684ad6-dca4-4a9a-82a9-3a32f3aea269\" href=\"https:\/\/departamentos.uel.br\/psicologia-e-psicanalise\/wp-content\/uploads\/2025\/08\/Resolucao.pdf\">Resolu\u00e7\u00e3o<\/a><a href=\"https:\/\/departamentos.uel.br\/psicologia-e-psicanalise\/wp-content\/uploads\/2025\/08\/Resolucao.pdf\" class=\"wp-block-file__button wp-element-button\" download aria-describedby=\"wp-block-file--media-d4684ad6-dca4-4a9a-82a9-3a32f3aea269\">Baixar<\/a><\/div>\n\n\n\n<p><\/p>\n","protected":false},"excerpt":{"rendered":"<p>Resolu\u00e7\u00e3o 92\/2023 &#8211; Aprova a Reformula\u00e7\u00e3o do Regimento do Departamento de Psicologia e Psican\u00e1lise do Centro de Ci\u00eancias Biol\u00f3gicas &#8211; CCB, da Universidade Estadual de Londrina:<\/p>\n","protected":false},"author":6,"featured_media":0,"parent":0,"menu_order":0,"comment_status":"closed","ping_status":"closed","template":"","meta":{"_acf_changed":false,"_themeisle_gutenberg_block_has_review":false,"footnotes":""},"class_list":["post-114","page","type-page","status-publish","hentry"],"acf":[],"_links":{"self":[{"href":"https:\/\/departamentos.uel.br\/psicologia-e-psicanalise\/wp-json\/wp\/v2\/pages\/114","targetHints":{"allow":["GET"]}}],"collection":[{"href":"https:\/\/departamentos.uel.br\/psicologia-e-psicanalise\/wp-json\/wp\/v2\/pages"}],"about":[{"href":"https:\/\/departamentos.uel.br\/psicologia-e-psicanalise\/wp-json\/wp\/v2\/types\/page"}],"author":[{"embeddable":true,"href":"https:\/\/departamentos.uel.br\/psicologia-e-psicanalise\/wp-json\/wp\/v2\/users\/6"}],"replies":[{"embeddable":true,"href":"https:\/\/departamentos.uel.br\/psicologia-e-psicanalise\/wp-json\/wp\/v2\/comments?post=114"}],"version-history":[{"count":3,"href":"https:\/\/departamentos.uel.br\/psicologia-e-psicanalise\/wp-json\/wp\/v2\/pages\/114\/revisions"}],"predecessor-version":[{"id":118,"href":"https:\/\/departamentos.uel.br\/psicologia-e-psicanalise\/wp-json\/wp\/v2\/pages\/114\/revisions\/118"}],"wp:attachment":[{"href":"https:\/\/departamentos.uel.br\/psicologia-e-psicanalise\/wp-json\/wp\/v2\/media?parent=114"}],"curies":[{"name":"wp","href":"https:\/\/api.w.org\/{rel}","templated":true}]}}