{"id":37,"date":"2024-11-01T15:16:02","date_gmt":"2024-11-01T18:16:02","guid":{"rendered":"https:\/\/departamentos.uel.br\/musica-e-teatro\/?page_id=37"},"modified":"2024-11-03T21:18:48","modified_gmt":"2024-11-04T00:18:48","slug":"sobre-o-departamento","status":"publish","type":"page","link":"https:\/\/departamentos.uel.br\/musica-e-teatro\/sobre-o-departamento\/","title":{"rendered":"Sobre o Departamento"},"content":{"rendered":"\n<p>Nosso departamento \u00e9 dedicado a explorar as diversas formas de express\u00e3o art\u00edstica, proporcionando uma forma\u00e7\u00e3o completa e enriquecedora para nossos estudantes.<\/p>\n\n\n\n<p>Aqui, acreditamos que a m\u00fasica e o teatro s\u00e3o linguagens universais que transcendem fronteiras e conectam pessoas. Oferecemos cursos abrangentes que v\u00e3o desde a teoria musical e a composi\u00e7\u00e3o at\u00e9 a atua\u00e7\u00e3o e a produ\u00e7\u00e3o teatral. Nossos professores, profissionais renomados nas suas \u00e1reas, trazem uma rica experi\u00eancia pr\u00e1tica e acad\u00eamica, guiando os alunos em suas jornadas criativas.<\/p>\n\n\n\n<p>Seja voc\u00ea um m\u00fasico, um ator, ou algu\u00e9m que deseja explorar o mundo das artes perform\u00e1ticas, nosso departamento oferece as ferramentas necess\u00e1rias para que voc\u00ea possa brilhar. Venha fazer parte de uma comunidade apaixonada pela arte, onde cada voz \u00e9 valorizada e cada talento \u00e9 cultivado. Juntos, vamos criar experi\u00eancias inesquec\u00edveis!<\/p>\n\n\n\n<p><\/p>\n","protected":false},"excerpt":{"rendered":"<p>Nosso departamento \u00e9 dedicado a explorar as diversas formas de express\u00e3o art\u00edstica, proporcionando uma forma\u00e7\u00e3o completa e enriquecedora para nossos estudantes. Aqui, acreditamos que a m\u00fasica e o teatro s\u00e3o linguagens universais que transcendem fronteiras e conectam pessoas. Oferecemos cursos abrangentes que v\u00e3o desde a teoria musical e a composi\u00e7\u00e3o at\u00e9 a atua\u00e7\u00e3o e a [&hellip;]<\/p>\n","protected":false},"author":6,"featured_media":0,"parent":0,"menu_order":0,"comment_status":"closed","ping_status":"closed","template":"","meta":{"_acf_changed":false,"_themeisle_gutenberg_block_has_review":false,"footnotes":""},"class_list":["post-37","page","type-page","status-publish","hentry"],"acf":[],"_links":{"self":[{"href":"https:\/\/departamentos.uel.br\/musica-e-teatro\/wp-json\/wp\/v2\/pages\/37","targetHints":{"allow":["GET"]}}],"collection":[{"href":"https:\/\/departamentos.uel.br\/musica-e-teatro\/wp-json\/wp\/v2\/pages"}],"about":[{"href":"https:\/\/departamentos.uel.br\/musica-e-teatro\/wp-json\/wp\/v2\/types\/page"}],"author":[{"embeddable":true,"href":"https:\/\/departamentos.uel.br\/musica-e-teatro\/wp-json\/wp\/v2\/users\/6"}],"replies":[{"embeddable":true,"href":"https:\/\/departamentos.uel.br\/musica-e-teatro\/wp-json\/wp\/v2\/comments?post=37"}],"version-history":[{"count":2,"href":"https:\/\/departamentos.uel.br\/musica-e-teatro\/wp-json\/wp\/v2\/pages\/37\/revisions"}],"predecessor-version":[{"id":61,"href":"https:\/\/departamentos.uel.br\/musica-e-teatro\/wp-json\/wp\/v2\/pages\/37\/revisions\/61"}],"wp:attachment":[{"href":"https:\/\/departamentos.uel.br\/musica-e-teatro\/wp-json\/wp\/v2\/media?parent=37"}],"curies":[{"name":"wp","href":"https:\/\/api.w.org\/{rel}","templated":true}]}}