{"id":33,"date":"2024-11-01T15:15:12","date_gmt":"2024-11-01T18:15:12","guid":{"rendered":"https:\/\/departamentos.uel.br\/musica-e-teatro\/?page_id=33"},"modified":"2024-11-04T10:20:20","modified_gmt":"2024-11-04T13:20:20","slug":"eventos","status":"publish","type":"page","link":"https:\/\/departamentos.uel.br\/musica-e-teatro\/eventos\/","title":{"rendered":"Eventos"},"content":{"rendered":"\n<p class=\"has-medium-font-size\"><strong>2024<\/strong><\/p>\n\n\n\n<div id=\"wp-block-themeisle-blocks-accordion-266cc176\" class=\"wp-block-themeisle-blocks-accordion exclusive\">\n<details class=\"wp-block-themeisle-blocks-accordion-item\"><summary class=\"wp-block-themeisle-blocks-accordion-item__title\"><div><strong>ORQUESTRA SINF\u00d4NICA DA UEL COMEMORA 40 ANOS<\/strong><br>Informa\u00e7\u00f5es e ingressos clique em <a href=\"https:\/\/teatroouroverde.wordpress.com\/2024\/02\/22\/orquestra-sinfonica-da-uel-comemora-40-anos-com-novidades-para-atemporada-ouro-verde-2024\/\">saiba mais<\/a>.<\/div><\/summary><div class=\"wp-block-themeisle-blocks-accordion-item__content\"><div class=\"wp-block-image\">\n<figure class=\"aligncenter size-full\"><img loading=\"lazy\" decoding=\"async\" width=\"488\" height=\"362\" src=\"https:\/\/departamentos.uel.br\/musica-e-teatro\/wp-content\/uploads\/2024\/11\/osuel-orq.png\" alt=\"\" class=\"wp-image-91\" srcset=\"https:\/\/departamentos.uel.br\/musica-e-teatro\/wp-content\/uploads\/2024\/11\/osuel-orq.png 488w, https:\/\/departamentos.uel.br\/musica-e-teatro\/wp-content\/uploads\/2024\/11\/osuel-orq-300x223.png 300w\" sizes=\"auto, (max-width: 488px) 100vw, 488px\" \/><\/figure>\n<\/div><\/div><\/details>\n<\/div>\n\n\n\n<div id=\"wp-block-themeisle-blocks-accordion-f6f73545\" class=\"wp-block-themeisle-blocks-accordion exclusive\">\n<details class=\"wp-block-themeisle-blocks-accordion-item\"><summary class=\"wp-block-themeisle-blocks-accordion-item__title\"><div><strong>\u201cCARTAS PARA NITIS\u201d<\/strong><br><strong>(Mostra de teatro em homenagem a Nitis Jacon)<\/strong><br><strong>Realiza\u00e7\u00e3o: Casa de Cultura, Divis\u00e3o de Artes C\u00eanicas e Curso de Artes C\u00eanicas da UEL<\/strong><br><strong>Per\u00edodo:<\/strong>\u00a020 a 23 de junho de 2024<br><strong>Local:<\/strong>\u00a0Cine Teatro Ouro Verde<br><strong>Ingressos:<\/strong>\u00a0\u00a0Entrada gratuita <\/div><\/summary><div class=\"wp-block-themeisle-blocks-accordion-item__content\"><div class=\"wp-block-image\">\n<figure class=\"aligncenter size-full\"><img loading=\"lazy\" decoding=\"async\" width=\"327\" height=\"210\" src=\"https:\/\/departamentos.uel.br\/musica-e-teatro\/wp-content\/uploads\/2024\/11\/nitis.png\" alt=\"\" class=\"wp-image-96\" srcset=\"https:\/\/departamentos.uel.br\/musica-e-teatro\/wp-content\/uploads\/2024\/11\/nitis.png 327w, https:\/\/departamentos.uel.br\/musica-e-teatro\/wp-content\/uploads\/2024\/11\/nitis-300x193.png 300w\" sizes=\"auto, (max-width: 327px) 100vw, 327px\" \/><\/figure>\n<\/div><\/div><\/details>\n<\/div>\n","protected":false},"excerpt":{"rendered":"<p>2024<\/p>\n","protected":false},"author":6,"featured_media":0,"parent":0,"menu_order":0,"comment_status":"closed","ping_status":"closed","template":"","meta":{"_acf_changed":false,"_themeisle_gutenberg_block_has_review":false,"footnotes":""},"class_list":["post-33","page","type-page","status-publish","hentry"],"acf":[],"_links":{"self":[{"href":"https:\/\/departamentos.uel.br\/musica-e-teatro\/wp-json\/wp\/v2\/pages\/33","targetHints":{"allow":["GET"]}}],"collection":[{"href":"https:\/\/departamentos.uel.br\/musica-e-teatro\/wp-json\/wp\/v2\/pages"}],"about":[{"href":"https:\/\/departamentos.uel.br\/musica-e-teatro\/wp-json\/wp\/v2\/types\/page"}],"author":[{"embeddable":true,"href":"https:\/\/departamentos.uel.br\/musica-e-teatro\/wp-json\/wp\/v2\/users\/6"}],"replies":[{"embeddable":true,"href":"https:\/\/departamentos.uel.br\/musica-e-teatro\/wp-json\/wp\/v2\/comments?post=33"}],"version-history":[{"count":4,"href":"https:\/\/departamentos.uel.br\/musica-e-teatro\/wp-json\/wp\/v2\/pages\/33\/revisions"}],"predecessor-version":[{"id":97,"href":"https:\/\/departamentos.uel.br\/musica-e-teatro\/wp-json\/wp\/v2\/pages\/33\/revisions\/97"}],"wp:attachment":[{"href":"https:\/\/departamentos.uel.br\/musica-e-teatro\/wp-json\/wp\/v2\/media?parent=33"}],"curies":[{"name":"wp","href":"https:\/\/api.w.org\/{rel}","templated":true}]}}