{"id":31,"date":"2024-11-01T15:15:01","date_gmt":"2024-11-01T18:15:01","guid":{"rendered":"https:\/\/departamentos.uel.br\/musica-e-teatro\/?page_id=31"},"modified":"2024-11-03T22:08:38","modified_gmt":"2024-11-04T01:08:38","slug":"infraestrutura","status":"publish","type":"page","link":"https:\/\/departamentos.uel.br\/musica-e-teatro\/infraestrutura\/","title":{"rendered":"Infraestrutura"},"content":{"rendered":"\n<p>O Departamento de M\u00fasica e Teatro da UEL fazem parte da estrutura administrativa e f\u00edsica do Centro de Educa\u00e7\u00e3o, Comunica\u00e7\u00e3o e Artes (CECA).<\/p>\n\n\n\n<iframe src=\"https:\/\/www.google.com\/maps\/embed?pb=!1m18!1m12!1m3!1d3663.743169457412!2d-51.20873482549737!3d-23.325075452952362!2m3!1f0!2f0!3f0!3m2!1i1024!2i768!4f13.1!3m3!1m2!1s0x94eb5b620869cc0b%3A0x86a2cbf8a0d9ac6b!2sDepartamento%20de%20M%C3%BAsica%20e%20Teatro!5e0!3m2!1spt-BR!2sbr!4v1730682855338!5m2!1spt-BR!2sbr\" width=\"1000\" height=\"600\" style=\"border:0;\" allowfullscreen=\"\" loading=\"lazy\" referrerpolicy=\"no-referrer-when-downgrade\"><\/iframe>\n","protected":false},"excerpt":{"rendered":"<p>O Departamento de M\u00fasica e Teatro da UEL fazem parte da estrutura administrativa e f\u00edsica do Centro de Educa\u00e7\u00e3o, Comunica\u00e7\u00e3o e Artes (CECA).<\/p>\n","protected":false},"author":6,"featured_media":0,"parent":0,"menu_order":0,"comment_status":"closed","ping_status":"closed","template":"","meta":{"_acf_changed":false,"_themeisle_gutenberg_block_has_review":false,"footnotes":""},"class_list":["post-31","page","type-page","status-publish","hentry"],"acf":[],"_links":{"self":[{"href":"https:\/\/departamentos.uel.br\/musica-e-teatro\/wp-json\/wp\/v2\/pages\/31","targetHints":{"allow":["GET"]}}],"collection":[{"href":"https:\/\/departamentos.uel.br\/musica-e-teatro\/wp-json\/wp\/v2\/pages"}],"about":[{"href":"https:\/\/departamentos.uel.br\/musica-e-teatro\/wp-json\/wp\/v2\/types\/page"}],"author":[{"embeddable":true,"href":"https:\/\/departamentos.uel.br\/musica-e-teatro\/wp-json\/wp\/v2\/users\/6"}],"replies":[{"embeddable":true,"href":"https:\/\/departamentos.uel.br\/musica-e-teatro\/wp-json\/wp\/v2\/comments?post=31"}],"version-history":[{"count":3,"href":"https:\/\/departamentos.uel.br\/musica-e-teatro\/wp-json\/wp\/v2\/pages\/31\/revisions"}],"predecessor-version":[{"id":78,"href":"https:\/\/departamentos.uel.br\/musica-e-teatro\/wp-json\/wp\/v2\/pages\/31\/revisions\/78"}],"wp:attachment":[{"href":"https:\/\/departamentos.uel.br\/musica-e-teatro\/wp-json\/wp\/v2\/media?parent=31"}],"curies":[{"name":"wp","href":"https:\/\/api.w.org\/{rel}","templated":true}]}}