{"id":40,"date":"2024-11-08T09:18:21","date_gmt":"2024-11-08T12:18:21","guid":{"rendered":"https:\/\/departamentos.uel.br\/microbiologia\/?page_id=40"},"modified":"2024-11-08T09:59:45","modified_gmt":"2024-11-08T12:59:45","slug":"corpo-tecnico","status":"publish","type":"page","link":"https:\/\/departamentos.uel.br\/microbiologia\/corpo-tecnico\/","title":{"rendered":"Corpo T\u00e9cnico"},"content":{"rendered":"\n<p><strong>Auxiliar Operacional<\/strong><br>Ant\u00f4nio Marcelino Esp\u00edrito Santo<br>marcelino.es@uel.br<br>(43) 3371-4630<\/p>\n\n\n\n<p><strong>Auxiliar de Laborat\u00f3rio<\/strong><br>Claci Sandra Stempinhaki<br>clacisandra@uel.br<br>(43) 3371-4788<\/p>\n\n\n\n<p><strong>Auxiliar de Laborat\u00f3rio<\/strong><br>Ediel Clementino da Costa<br>edielverde@uel.br<br>(43) 3371-4277<\/p>\n\n\n\n<p><strong>T\u00e9cnica de Laborat\u00f3rio<\/strong><br>Iara Branco Ferreira<br>iarabranco@uel.br<br>(43) 3371-4277<\/p>\n\n\n\n<p><strong>T\u00e9cnica de Laborat\u00f3rio<\/strong><br>Jussev\u00e2nia Santos Rubbo de S\u00e1<br>jussevania@uel.br<br>(43) 3371-4297<\/p>\n\n\n\n<p><strong>Secret\u00e1rio da P\u00f3s-Gradua\u00e7\u00e3o em Microbiologia<\/strong><br>Luiz Ricardo Alves<br>mestradomicro@uel.br<br>(43) 3371-4192<\/p>\n\n\n\n<p><strong>T\u00e9cnica de laborat\u00f3rio<\/strong><br>Marta Silva de Almeida Salvador<br>martasalvador@uel.br<br>(43) 3371-4791<\/p>\n\n\n\n<p><strong>Auxiliar Laborat\u00f3rio<\/strong><br>Osvaldo Lopes dos Santos<br>osvaldosantos@uel.br<br>(43) 3371-4277<\/p>\n\n\n\n<p><\/p>\n","protected":false},"excerpt":{"rendered":"<p>Auxiliar OperacionalAnt\u00f4nio Marcelino Esp\u00edrito Santomarcelino.es@uel.br(43) 3371-4630 Auxiliar de Laborat\u00f3rioClaci Sandra Stempinhakiclacisandra@uel.br(43) 3371-4788 Auxiliar de Laborat\u00f3rioEdiel Clementino da Costaedielverde@uel.br(43) 3371-4277 T\u00e9cnica de Laborat\u00f3rioIara Branco Ferreiraiarabranco@uel.br(43) 3371-4277 T\u00e9cnica de Laborat\u00f3rioJussev\u00e2nia Santos Rubbo de S\u00e1jussevania@uel.br(43) 3371-4297 Secret\u00e1rio da P\u00f3s-Gradua\u00e7\u00e3o em MicrobiologiaLuiz Ricardo Alvesmestradomicro@uel.br(43) 3371-4192 T\u00e9cnica de laborat\u00f3rioMarta Silva de Almeida Salvadormartasalvador@uel.br(43) 3371-4791 Auxiliar Laborat\u00f3rioOsvaldo Lopes dos Santososvaldosantos@uel.br(43) 3371-4277<\/p>\n","protected":false},"author":6,"featured_media":0,"parent":0,"menu_order":0,"comment_status":"closed","ping_status":"closed","template":"","meta":{"_acf_changed":false,"_themeisle_gutenberg_block_has_review":false,"footnotes":""},"class_list":["post-40","page","type-page","status-publish","hentry"],"acf":[],"_links":{"self":[{"href":"https:\/\/departamentos.uel.br\/microbiologia\/wp-json\/wp\/v2\/pages\/40","targetHints":{"allow":["GET"]}}],"collection":[{"href":"https:\/\/departamentos.uel.br\/microbiologia\/wp-json\/wp\/v2\/pages"}],"about":[{"href":"https:\/\/departamentos.uel.br\/microbiologia\/wp-json\/wp\/v2\/types\/page"}],"author":[{"embeddable":true,"href":"https:\/\/departamentos.uel.br\/microbiologia\/wp-json\/wp\/v2\/users\/6"}],"replies":[{"embeddable":true,"href":"https:\/\/departamentos.uel.br\/microbiologia\/wp-json\/wp\/v2\/comments?post=40"}],"version-history":[{"count":10,"href":"https:\/\/departamentos.uel.br\/microbiologia\/wp-json\/wp\/v2\/pages\/40\/revisions"}],"predecessor-version":[{"id":78,"href":"https:\/\/departamentos.uel.br\/microbiologia\/wp-json\/wp\/v2\/pages\/40\/revisions\/78"}],"wp:attachment":[{"href":"https:\/\/departamentos.uel.br\/microbiologia\/wp-json\/wp\/v2\/media?parent=40"}],"curies":[{"name":"wp","href":"https:\/\/api.w.org\/{rel}","templated":true}]}}