{"id":509,"date":"2025-07-31T14:26:00","date_gmt":"2025-07-31T17:26:00","guid":{"rendered":"https:\/\/departamentos.uel.br\/medicina-veterinaria-preventiva\/?page_id=509"},"modified":"2025-08-01T16:10:39","modified_gmt":"2025-08-01T19:10:39","slug":"portal-patologia-animal-2","status":"publish","type":"page","link":"https:\/\/departamentos.uel.br\/medicina-veterinaria-preventiva\/portal-patologia-animal-2\/","title":{"rendered":"Portal Patologia Animal"},"content":{"rendered":"\n<p>V\u00eddeo da aula de necropsia,&nbsp;podem ser visualizados a seguir:<\/p>\n\n\n\n<div class=\"wp-block-columns is-layout-flex wp-container-core-columns-is-layout-9d6595d7 wp-block-columns-is-layout-flex\">\n<div class=\"wp-block-column is-layout-flow wp-block-column-is-layout-flow\" style=\"flex-basis:66.66%\">\n<p><a href=\"https:\/\/www.youtube.com\/watch?v=6Ube_OsNsMI&amp;rco=1\">https:\/\/www.youtube.com\/watch?v=6Ube_OsNsMI&amp;rco=1<\/a><\/p>\n<\/div>\n<\/div>\n\n\n\n<p class=\"has-cinza-escuro-color has-text-color has-link-color wp-elements-cdc96f1fb217a13d8f24f607ef8e39c9\"><strong>T\u00d3PICOS DE PATOLOGIA<\/strong><\/p>\n\n\n\n<p>&#8211;&nbsp;<u><a href=\"https:\/\/departamentos.uel.br\/medicina-veterinaria-preventiva\/wp-content\/uploads\/2025\/07\/NECROSE1.pdf\">NECROSE<\/a><\/u><\/p>\n\n\n\n<p>&#8211;&nbsp;<u><a href=\"https:\/\/departamentos.uel.br\/medicina-veterinaria-preventiva\/wp-content\/uploads\/2025\/07\/DEGENERACAO.pdf\">DEGENERA\u00c7\u00c3O<\/a><\/u><\/p>\n\n\n\n<p>&#8211;&nbsp;<u><a href=\"https:\/\/departamentos.uel.br\/medicina-veterinaria-preventiva\/wp-content\/uploads\/2025\/07\/PATOLOGIA-DO-TRATO-URINARIO-INFERIOR.pdf\" data-type=\"link\" data-id=\"https:\/\/departamentos.uel.br\/medicina-veterinaria-preventiva\/wp-content\/uploads\/2025\/07\/PATOLOGIA-DO-TRATO-URINARIO-INFERIOR.pdf\">PATOLOGIA DO SISTEMA URIN\u00c1RIO \/ RIM<\/a><\/u><\/p>\n\n\n\n<p>&#8211;&nbsp;<u><a href=\"https:\/\/departamentos.uel.br\/medicina-veterinaria-preventiva\/wp-content\/uploads\/2025\/07\/PATOLOGIA-DO-TRATO-URINARIO-INFERIOR.pdf\" data-type=\"link\" data-id=\"https:\/\/departamentos.uel.br\/medicina-veterinaria-preventiva\/wp-content\/uploads\/2025\/07\/PATOLOGIA-DO-TRATO-URINARIO-INFERIOR.pdf\">PATOLOGIA TRATO URIN\u00c1RIO INFERIOR<\/a><\/u><\/p>\n\n\n\n<p>&#8211;&nbsp;<u><a href=\"https:\/\/departamentos.uel.br\/medicina-veterinaria-preventiva\/wp-content\/uploads\/2025\/07\/Figado-vias-biliares-e-pancreas-exocrino.pdf\" data-type=\"link\" data-id=\"https:\/\/departamentos.uel.br\/medicina-veterinaria-preventiva\/wp-content\/uploads\/2025\/07\/Figado-vias-biliares-e-pancreas-exocrino.pdf\">F\u00cdGADO, VIAS BILIARES E P\u00c2NCREAS<\/a><\/u><\/p>\n\n\n\n<p>&#8211;<a href=\"http:\/\/www.uel.br\/cca\/dmvp\/pages\/arquivos\/Patologia%20do%20sistema%20linfoide.pdf\">&nbsp;<\/a><u><a href=\"https:\/\/departamentos.uel.br\/medicina-veterinaria-preventiva\/wp-content\/uploads\/2025\/07\/Patologia-do-sistema-linfoide.pdf\" data-type=\"link\" data-id=\"https:\/\/departamentos.uel.br\/medicina-veterinaria-preventiva\/wp-content\/uploads\/2025\/07\/Patologia-do-sistema-linfoide.pdf\">PATOLOGIA DO SISTEMA LINFOIDE<\/a><\/u><\/p>\n\n\n\n<p>&#8211;&nbsp;<a href=\"https:\/\/departamentos.uel.br\/medicina-veterinaria-preventiva\/wp-content\/uploads\/2025\/07\/manual-procedimentos-para-diagnostico-BSE.pdf\" data-type=\"link\" data-id=\"https:\/\/departamentos.uel.br\/medicina-veterinaria-preventiva\/wp-content\/uploads\/2025\/07\/manual-procedimentos-para-diagnostico-BSE.pdf\">MANUAL DE PROCEDIMENTO PARA DIAGN\u00d3STICO BSE<\/a><\/p>\n\n\n\n<p>&#8211;\u00a0<u><a href=\"https:\/\/departamentos.uel.br\/medicina-veterinaria-preventiva\/wp-content\/uploads\/2025\/07\/1293491656Prevencao_da_Encefalopatia_Espongiforme_Bovina__EEB__no_Brasil.pdf\" data-type=\"link\" data-id=\"https:\/\/departamentos.uel.br\/medicina-veterinaria-preventiva\/wp-content\/uploads\/2025\/07\/1293491656Prevencao_da_Encefalopatia_Espongiforme_Bovina__EEB__no_Brasil.pdf\">PREVEN\u00c7\u00c3O DA ENCEFALOPATIA ESPONGIFORME BOVINA EEB<\/a><\/u><\/p>\n\n\n\n<div class=\"wp-block-columns is-layout-flex wp-container-core-columns-is-layout-9d6595d7 wp-block-columns-is-layout-flex\">\n<div class=\"wp-block-column is-layout-flow wp-block-column-is-layout-flow\"><\/div>\n<\/div>\n","protected":false},"excerpt":{"rendered":"<p>V\u00eddeo da aula de necropsia,&nbsp;podem ser visualizados a seguir: https:\/\/www.youtube.com\/watch?v=6Ube_OsNsMI&amp;rco=1 T\u00d3PICOS DE PATOLOGIA &#8211;&nbsp;NECROSE &#8211;&nbsp;DEGENERA\u00c7\u00c3O &#8211;&nbsp;PATOLOGIA DO SISTEMA URIN\u00c1RIO \/ RIM &#8211;&nbsp;PATOLOGIA TRATO URIN\u00c1RIO INFERIOR &#8211;&nbsp;F\u00cdGADO, VIAS BILIARES E P\u00c2NCREAS &#8211;&nbsp;PATOLOGIA DO SISTEMA LINFOIDE &#8211;&nbsp;MANUAL DE PROCEDIMENTO PARA DIAGN\u00d3STICO BSE &#8211;\u00a0PREVEN\u00c7\u00c3O DA ENCEFALOPATIA ESPONGIFORME BOVINA EEB<\/p>\n","protected":false},"author":6,"featured_media":0,"parent":0,"menu_order":0,"comment_status":"closed","ping_status":"closed","template":"","meta":{"_acf_changed":false,"_themeisle_gutenberg_block_has_review":false,"footnotes":""},"class_list":["post-509","page","type-page","status-publish","hentry"],"acf":[],"_links":{"self":[{"href":"https:\/\/departamentos.uel.br\/medicina-veterinaria-preventiva\/wp-json\/wp\/v2\/pages\/509","targetHints":{"allow":["GET"]}}],"collection":[{"href":"https:\/\/departamentos.uel.br\/medicina-veterinaria-preventiva\/wp-json\/wp\/v2\/pages"}],"about":[{"href":"https:\/\/departamentos.uel.br\/medicina-veterinaria-preventiva\/wp-json\/wp\/v2\/types\/page"}],"author":[{"embeddable":true,"href":"https:\/\/departamentos.uel.br\/medicina-veterinaria-preventiva\/wp-json\/wp\/v2\/users\/6"}],"replies":[{"embeddable":true,"href":"https:\/\/departamentos.uel.br\/medicina-veterinaria-preventiva\/wp-json\/wp\/v2\/comments?post=509"}],"version-history":[{"count":20,"href":"https:\/\/departamentos.uel.br\/medicina-veterinaria-preventiva\/wp-json\/wp\/v2\/pages\/509\/revisions"}],"predecessor-version":[{"id":548,"href":"https:\/\/departamentos.uel.br\/medicina-veterinaria-preventiva\/wp-json\/wp\/v2\/pages\/509\/revisions\/548"}],"wp:attachment":[{"href":"https:\/\/departamentos.uel.br\/medicina-veterinaria-preventiva\/wp-json\/wp\/v2\/media?parent=509"}],"curies":[{"name":"wp","href":"https:\/\/api.w.org\/{rel}","templated":true}]}}