{"id":43,"date":"2024-10-29T10:37:49","date_gmt":"2024-10-29T13:37:49","guid":{"rendered":"https:\/\/departamentos.uel.br\/medicina-veterinaria-preventiva\/?page_id=43"},"modified":"2026-03-16T15:16:17","modified_gmt":"2026-03-16T18:16:17","slug":"links-importantes","status":"publish","type":"page","link":"https:\/\/departamentos.uel.br\/medicina-veterinaria-preventiva\/links-importantes\/","title":{"rendered":"Est\u00e1gio"},"content":{"rendered":"\n<div class=\"wp-block-group\"><div class=\"wp-block-group__inner-container is-layout-constrained wp-block-group-is-layout-constrained\">\n<details class=\"wp-block-details is-layout-flow wp-block-details-is-layout-flow\"><summary>Curricular Obrigat\u00f3rio<\/summary>\n<div class=\"wp-block-group\"><div class=\"wp-block-group__inner-container is-layout-flow wp-block-group-is-layout-flow\">\n<ul class=\"wp-block-list\">\n<li>Para que o Est\u00e1gio Curricular Obrigat\u00f3rio possa ser realizado o aluno deve ter conclu\u00eddo todas as disciplinas do curso e estar matriculado em uma das disciplinas de est\u00e1gio&nbsp;<strong>(6EST)<\/strong>&nbsp;listadas abaixo:<\/li>\n\n\n\n<li><strong>&nbsp;&nbsp;&nbsp;&nbsp;&nbsp;&nbsp;&nbsp;&nbsp;&nbsp;&nbsp;&nbsp; 6EST701<\/strong>&#8211;&nbsp;<strong>Medicina de Animais de Companhia, Ex\u00f3ticos e Silvestres<\/strong>;&nbsp;<\/li>\n\n\n\n<li><strong>&nbsp;&nbsp;&nbsp;&nbsp;&nbsp;&nbsp;&nbsp;&nbsp;&nbsp;&nbsp;&nbsp; 6EST702- Cl\u00ednica M\u00e9dica Cir\u00fargica e Reprodu\u00e7\u00e3o de Grandes Animais<\/strong>;&nbsp;<\/li>\n\n\n\n<li><strong>&nbsp;&nbsp;&nbsp;&nbsp;&nbsp;&nbsp;&nbsp;&nbsp;&nbsp;&nbsp;&nbsp; 6EST703- Medicina Veterin\u00e1ria Preventiva<\/strong>;&nbsp;<\/li>\n\n\n\n<li><strong>&nbsp;&nbsp;&nbsp;&nbsp;&nbsp;&nbsp;&nbsp;&nbsp;&nbsp;&nbsp;&nbsp; 6EST704- Zootecnia<\/strong>.&nbsp;<\/li>\n\n\n\n<li>Conclu\u00edda a matr\u00edcula, os seguintes passos dever\u00e3o ser seguidos:<\/li>\n\n\n\n<li>1 \u2013 Primeiramente, os alunos dever\u00e3o verificar se a unidade concedente do est\u00e1gio (i.e. empresa\/institui\u00e7\u00e3o &#8211; pessoa jur\u00eddica &#8211; ou m\u00e9dico veterin\u00e1rio &#8211; pessoa f\u00edsica) com o(a) qual o aluno deseja realizar o est\u00e1gio possui&nbsp;<strong>conv\u00eanio com a UEL<\/strong>, mediante a busca no endere\u00e7o: (<strong><a href=\"https:\/\/sites.uel.br\/prograd\/estudante\/estagios-e-intercambios\/estagios-e-intercambios-convenios-para-estagios\/\">www.uel.br\/prograd\/convenios<\/a><\/strong>). Caso a unidade concedente n\u00e3o possua conv\u00eanio &nbsp;firmado ou o conv\u00eanio tenha validade vencida o ALUNO dever\u00e1 orientar a unidade concedente a estabelecer novo conv\u00eanio, mediante o preenchimento do formul\u00e1rio dispon\u00edvel no seguinte endere\u00e7o:&nbsp;&nbsp;<a href=\"https:\/\/sites.uel.br\/prograd\/estagios-e-intercambios-formulario-cadastral-de-convenio-para-estagio\/\">http:\/\/www.uel.br\/prograd\/?content=divisao-central-estagios-intercambios\/formularios\/convenios\/form_convenios_index.html<\/a><\/li>\n\n\n\n<li>2 \u2013 Os alunos dever\u00e3o preencher e imprimir e encaminhar ao Coordenador de Est\u00e1gio, para assinatura e carimbo, o\u00a0<strong><a href=\"https:\/\/departamentos.uel.br\/medicina-veterinaria-preventiva\/wp-content\/uploads\/2026\/03\/SOLICITACAO-ECO-UEL-2026.doc\" data-type=\"attachment\" data-id=\"642\">Formul\u00e1rio de Solicita\u00e7\u00e3o de Est\u00e1gio<\/a><\/strong>. (Caso o aluno opte por realizar est\u00e1gio em mais de um local, um formul\u00e1rio dever\u00e1 ser preenchido para cada local de est\u00e1gio). O per\u00edodo TOTAL de realiza\u00e7\u00e3o do est\u00e1gio compreender\u00e1,\u00a0<strong>no m\u00ednimo 10 (400hs) e, no m\u00e1ximo 12 semanas (480hs)<\/strong>.\u00a0Para o preenchimento desse formul\u00e1rio, o aluno dever\u00e1 APENAS completar o que est\u00e1 destacado em amarelo. (Ap\u00f3s o preenchimento, retirar o fundo em amarelo).<\/li>\n\n\n\n<li>Uma vez assinado e carimbado, o Coordenador de Est\u00e1gio encaminhar\u00e1 a solicita\u00e7\u00e3o de volta ao aluno que, por sua vez, encaminhar\u00e1 \u00e0 unidade concedente do est\u00e1gio.<\/li>\n\n\n\n<li>3- Ao receber a resposta da unidade concedente ao pedido de est\u00e1gio (i.e. deferido ou indeferido), o Coordenador de Est\u00e1gio encaminhar\u00e1 a resposta via e-mail ao aluno.&nbsp;<\/li>\n\n\n\n<li>4- Recebido o aceite, o aluno dever\u00e1 contatar (via e-mail) a unidade concedente demostrando o interesse na realiza\u00e7\u00e3o do est\u00e1gio. Caso o aluno desista ou esteja impedido de realizar o est\u00e1gio solicitado, dever\u00e1 encaminhar \u00e0 unidade concedente comunica\u00e7\u00e3o via e-mail\/carta agradecendo e explicando os motivos da desist\u00eancia e, OBRIGATORIAMENTE,&nbsp;<strong>comunicar a desist\u00eancia ao Coordenador de Est\u00e1gios<\/strong>.<\/li>\n\n\n\n<li>5 \u2013 Ap\u00f3s o aceite pelo local de est\u00e1gio e a regulariza\u00e7\u00e3o do conv\u00eanio entre a UEL e o local de est\u00e1gio junto a PROGRAD, o aluno dever\u00e1 preencher o&nbsp;<strong>Termo de Compromisso<\/strong>&nbsp;dispon\u00edvel em:&nbsp;<a href=\"http:\/\/www.uel.br\/prograd\/?content=divisao-central-estagios-intercambios\/estagio_curricular_obrigatorio_uel.html\">(<\/a><a href=\"https:\/\/sites.uel.br\/prograd\/estudante\/estagios-e-intercambios\/estagios-e-intercambios-curricular-obrigatorio-uel\/\">http:\/\/www.uel.br\/prograd\/?content=divisao-central-estagios-intercambios\/estagio_curricular_obrigatorio_uel.html<\/a><a href=\"http:\/\/www.uel.br\/prograd\/?content=divisao-central-estagios-intercambios\/estagio_curricular_obrigatorio_uel.html\">)<\/a> e o <\/li>\n\n\n\n<li><a href=\"https:\/\/departamentos.uel.br\/medicina-veterinaria-preventiva\/wp-content\/uploads\/2025\/09\/Plano-de-estagio-supervisionado-2025.doc\" data-type=\"attachment\" data-id=\"582\"><strong>Plano de Est\u00e1gio Supervisionado<\/strong> <\/a><\/li>\n\n\n\n<li>Ap\u00f3s o preenchimento, o Termo de Compromisso deve ser assinado pelo aluno, docente supervisor e local de est\u00e1gio, e o Plano de Est\u00e1gio Supervisonado pelo aluno e supervisor. Ap\u00f3s assinaturas, os documentos dever\u00e3o ser protocolados pelo professor\/supervisor no eprotocolo, e colocar o aluno, como interessado. O coordenador de est\u00e1gio e colegiado assinar\u00e3o os documentos no eprotocolo. Ap\u00f3s retorno do eprotocolo, o aluno encaminhar\u00e1 o termo \u00e0 unidade concedente do est\u00e1gio.&nbsp;<\/li>\n\n\n\n<li><strong>NOTA: O aluno deve fazer o cadastro no eprotocolo. (<a href=\"https:\/\/auth-cs.identidadedigital.pr.gov.br\/centralautenticacao\/login.html?response_type=code&amp;client_id=9188905e74c28e489b44e954ec0b9bca&amp;redirect_uri=https%3A%2F%2Fwww.eprotocolo.pr.gov.br%2Fspiweb&amp;scope=null&amp;state=1720614876801&amp;urlCert=https:\/\/certauth-cs.identidadedigital.pr.gov.br&amp;dnsCidadao=https:\/\/cidadao-cs.identidadedigital.pr.gov.br\/centralcidadao&amp;loginPadrao=btnCentral&amp;labelCentral=CPF,Login%20Sentinela&amp;modulosDeAutenticacao=btnGovbr,btnSentinela,btnExpresso,btnCertificado,btnSms,btnCpf,btnEmailToken,btnSanepar,btnCentral&amp;urlLogo=https%3A%2F%2Fwww.eprotocolo.pr.gov.br%2Fspiweb%2Fimages%2Flogo_eprotocolo.png&amp;acesso=2083&amp;tokenFormat=jwt&amp;exibirLinkAutoCadastro=true&amp;exibirLinkRecuperarSenha=true&amp;exibirLinkAutoCadastroCertificado=false&amp;captcha=false\">clique aqui<\/a>)<\/strong><\/li>\n\n\n\n<li><strong>Conforme o tutorital:&nbsp;<a href=\"https:\/\/sites.uel.br\/prograd\/wp-content\/uploads\/dcei\/obrigatorio\/orientacoes_e-protocolo_estagio_obrigatorio.pdf\">sites.uel.br\/prograd\/wp-content\/uploads\/dcei\/obrigatorio\/orientacoes_e-protocolo_estagio_obrigatorio.pdf<\/a><\/strong><\/li>\n\n\n\n<li><strong>NOTA: O termo de compromisso \u00e9 um documento de valor jur\u00eddico. Portanto, n\u00e3o pode conter erros, rasuras ou imperfei\u00e7\u00f5es e deve ser protocolado antes do in\u00edcio do est\u00e1gio.<\/strong><\/li>\n\n\n\n<li><strong>NOTA: Somente ap\u00f3s protocolar o &#8220;Termo de Compromisso&#8221; \u00e0 PROGRAD e, consequentemente, a efetiva\u00e7\u00e3o do seguro obrigat\u00f3rio, que o aluno poder\u00e1 iniciar o est\u00e1gio.&nbsp; Portanto, o encaminhamento dos documentos dever\u00e3o ocorrer com razo\u00e1vel anteced\u00eancia ao in\u00edcio do est\u00e1gio.<\/strong><\/li>\n\n\n\n<li>OUTRAS INFORMA\u00c7\u00d5ES IMPORTANTES<\/li>\n\n\n\n<li>Os alunos s\u00f3 iniciam o ECO se TODOS os itens da sequ\u00eancia acima forem cumpridos e os documentos necess\u00e1rios estiverem devidamente assinados e encaminhados aos \u00f3rg\u00e3os competentes.<\/li>\n\n\n\n<li>Ao se deslocarem aos locais de est\u00e1gio os alunos dever\u00e3o levar, em envelope lacrado, a &#8220;<strong><a href=\"https:\/\/departamentos.uel.br\/medicina-veterinaria-preventiva\/wp-content\/uploads\/2026\/03\/CARTA-APRESENTACAO-ECO-2026.doc\" data-type=\"attachment\" data-id=\"640\">Carta de Apresenta\u00e7\u00e3o<\/a><\/strong>&#8221; e \u201c<strong><a href=\"https:\/\/departamentos.uel.br\/medicina-veterinaria-preventiva\/wp-content\/uploads\/2026\/03\/FICHA-AVALIACAO-ECO-2026.doc\" data-type=\"attachment\" data-id=\"641\">Ficha de Avalia\u00e7\u00e3o<\/a><\/strong>\u201d. Previamente, a carta de apresenta\u00e7\u00e3o dever\u00e1 ser preenchida e enviada (via email) ao coordenador de est\u00e1gios para conferencia, o qual retornar\u00e1 o documento assinado ao aluno.<\/li>\n\n\n\n<li>Ao t\u00e9rmino de cada est\u00e1gio, a unidade concedente do est\u00e1gio encaminhar\u00e1 a&nbsp;<strong>Ficha de Avalia\u00e7\u00e3o<\/strong>&nbsp;do aluno assinada \u00e0 Coordena\u00e7\u00e3o de Est\u00e1gio na UEL por e-mail (<a href=\"mailto:vetestagios@uel.br\">vetestagios@uel.br<\/a>) ou em envelope lacrado por correio ou pelo aluno.&nbsp; &nbsp; &nbsp; &nbsp; &nbsp; &nbsp; &nbsp; &nbsp; &nbsp; &nbsp; &nbsp; &nbsp; &nbsp; &nbsp; &nbsp; &nbsp; &nbsp; &nbsp; &nbsp; &nbsp; &nbsp; &nbsp; &nbsp; &nbsp; &nbsp; &nbsp; &nbsp; &nbsp; &nbsp;<\/li>\n\n\n\n<li>&nbsp; &nbsp; &nbsp;(\u00c9 RESPONSABILIDADE DO ALUNO SE CERTIFICAR DO ENVIO DA FICHA DE AVALIA\u00c7\u00c3O).<\/li>\n\n\n\n<li>Conclu\u00eddo o per\u00edodo de est\u00e1gio os alunos dever\u00e3o apresentar o relat\u00f3rio de ECO, conforme normas estabelecidas no regulamento (Delibera\u00e7\u00e3o da C\u00e2mara de Gradua\u00e7\u00e3o n. 026\/2007).<\/li>\n\n\n\n<li>Modelo para impress\u00e3o da&nbsp;<strong><a href=\"https:\/\/departamentos.uel.br\/medicina-veterinaria-preventiva\/wp-content\/uploads\/2025\/09\/Ata-de-Defesa-de-Estagio-curricular-2024.pdf\" data-type=\"attachment\" data-id=\"575\">ATA de Defesa de Est\u00e1gio Curricular Obrigat\u00f3rio(pdf) &#8211; UEL<\/a><\/strong>&nbsp;&nbsp; &nbsp; &#8211;&nbsp; &nbsp;&nbsp;<strong>(<a href=\"https:\/\/departamentos.uel.br\/medicina-veterinaria-preventiva\/wp-content\/uploads\/2025\/09\/Ata-de-Defesa-de-Estagio-curricular-2024.docx\" data-type=\"attachment\" data-id=\"576\">formato word<\/a>).<\/strong><\/li>\n\n\n\n<li>Todos os documentos acima mencionados dever\u00e3o ser preenchidos e encaminhados, por meio digital, ao coordenador de est\u00e1gios atrav\u00e9s do email: vetestagios@uel.br<\/li>\n<\/ul>\n<\/div><\/div>\n<\/details>\n<\/div><\/div>\n\n\n\n<div class=\"wp-block-group\"><div class=\"wp-block-group__inner-container is-layout-constrained wp-block-group-is-layout-constrained\">\n<details class=\"wp-block-details is-layout-flow wp-block-details-is-layout-flow\"><summary>Curricular N\u00e3o Obrigat\u00f3rio<br><\/summary>\n<div class=\"wp-block-group is-vertical is-layout-flex wp-container-core-group-is-layout-8cf370e7 wp-block-group-is-layout-flex\">\n<p>&#8211; Dentro das unidades da UEL &#8211; Segundo a lei 11.788\/2008, que disp\u00f5e sobre est\u00e1gios de estudantes, \u00e9 obrigat\u00f3rio o pagamento de bolsa de estudos.<br>1-&nbsp; Alunos elaboram, em conjunto com o Supervisor (professor do curso) o Plano de Est\u00e1gio e protocolam (eprotocolo) este junto com 1 via do Termo de Compromisso Ver: (<a href=\"https:\/\/sites.uel.br\/prograd\/estagios-e-intercambios-estagio-curricular-nao-obrigatorio-aviso\/\">http:\/\/www.uel.br\/prograd\/?content=divisao-estagios-projetos-monitoria\/Estagios.html<\/a>&nbsp;), preenchido no sistem eprotocolo da UEL ANTES do in\u00edcio do per\u00edodo de est\u00e1gio.<\/p>\n\n\n\n<div class=\"wp-block-group\"><div class=\"wp-block-group__inner-container is-layout-constrained wp-block-group-is-layout-constrained\">\n<p>Curricular N\u00e3o Obrigat\u00f3rio <\/p>\n\n\n\n<p><\/p>\n\n\n\n<p>Orienta\u00e7\u00f5es para Alunos da UEL sobre Est\u00e1gios<br>Est\u00e1gio N\u00e3o Obrigat\u00f3rio<\/p>\n<\/div><\/div>\n\n\n\n<p>2- Coordenador de Est\u00e1gio recebe da PROGRAD o processo de est\u00e1gio e o encaminha ao Colegiado do Curso de Medicina Veterin\u00e1ria para aprecia\u00e7\u00e3o.<\/p>\n\n\n\n<p>3- Ap\u00f3s aprovado o est\u00e1gio \u2013 processo retorna a Prograd &#8211; O estudante inicia o&nbsp;est\u00e1gio apenas se TODOS os itens acima forem cumpridos e os documentos necess\u00e1rios estiverem devidamente assinados e encaminhados aos \u00f3rg\u00e3os competentes.<\/p>\n\n\n\n<p>4-&nbsp;Ao final do est\u00e1gio, os&nbsp;alunos&nbsp;elaboram relat\u00f3rio das atividades desenvolvidas para c\u00f4mputo de Atividade Acad\u00eamica Complementar \u2013 AAC ou emiss\u00e3o de certificado..<\/p>\n\n\n\n<p>OBS:<br>1- A partir do encaminhamento do Processo de est\u00e1gio a Prograd efetiva o seguro do estagi\u00e1rio e portanto este encaminhamento deve obrigatoriamente ser feito ANTES do in\u00edcio do per\u00edodo de est\u00e1gio.<br>2- N\u00e3o ser\u00e1 permitida a realiza\u00e7\u00e3o de est\u00e1gio curricular n\u00e3o obrigat\u00f3rio sem que se tenha firmado termo de compromisso e efetivado o seguro antes da data prevista para o in\u00edcio do est\u00e1gio.<\/p>\n\n\n\n<p>Empresas\/ Institui\u00e7\u00f5es ou Pessoa F\u00edsica de Fora da UEL&nbsp;<br>1 \u2013 Para a valida\u00e7\u00e3o do est\u00e1gio para certificado e \/ou AAC os mesmos procedimentos anteriores devem ser seguidos, al\u00e9m destes, a empresa ou pessoa f\u00edsica devem ter conv\u00eanio com a UEL fichas<\/p>\n\n\n\n<p>2. Caso o estudante queira fazer est\u00e1gio em unidade n\u00e3o conveniada com a UEL, deve encaminhar a Divis\u00e3o Central de Est\u00e1gios e Interc\u00e2mbios \u2013 dados para que este formalize o conv\u00eanio antes do in\u00edcio do est\u00e1gio, os dados s\u00e3o: nome da unidade concedente, CNPJ, nome da pessoa de contato e e-mail \u2013 esses dados podem ser encaminhados para o e-mail:&nbsp;<a href=\"mailto:estagios@uel.br\">estagios@uel.br<\/a>&nbsp;\u2013 assim que o conv\u00eanio for formalizado estar\u00e1 dispon\u00edvel no site da UEL \u2013&nbsp;<a href=\"https:\/\/sites.uel.br\/prograd\/estudante\/estagios-e-intercambios\/estagios-e-intercambios-convenios-para-estagios\/\">www.uel.br\/prograd\/estagios<\/a>.<\/p>\n\n\n\n<p><\/p>\n<\/div>\n<\/details>\n<\/div><\/div>\n\n\n\n<details class=\"wp-block-details is-layout-flow wp-block-details-is-layout-flow\"><summary>Outras IES<\/summary>\n<div class=\"wp-block-group\"><div class=\"wp-block-group__inner-container is-layout-constrained wp-block-group-is-layout-constrained\">\n<p>Orienta\u00e7\u00f5es sobre Est\u00e1gios para Estudantes de&nbsp;<strong>Outras IES<\/strong><\/p>\n\n\n\n<p>Somente ser\u00e1 aceito&nbsp;<strong>EST\u00c1GIO CURRICULAR OBRIGAT\u00d3RIO<\/strong><br>&nbsp;<\/p>\n\n\n\n<p>Observem os passos a serem seguidos:<\/p>\n\n\n\n<p>1 \u2013 Os estudantes de outras IES devem verificar a exist\u00eancia de Conv\u00eanio entre a sua institui\u00e7\u00e3o de ensino e a UEL.<\/p>\n\n\n\n<p><a href=\"https:\/\/sites.uel.br\/prograd\/estudante\/estagios-e-intercambios\/estagios-e-intercambios-convenios-para-estagios\/\">https:\/\/sites.uel.br\/prograd\/estudante\/estagios-e-intercambios\/estagios-e-intercambios-convenios-para-estagios\/<\/a>, caso n\u00e3o haja conv\u00eanio, encaminhar os dados da institui\u00e7\u00e3o para a Divis\u00e3o Central de Est\u00e1gios e Interc\u00e2mbios \u2013 DCEI no e-mail:&nbsp;<a href=\"mailto:estagios@uel.br\">estagios@uel.br<\/a>, constando nome da institui\u00e7\u00e3o e nome da pessoa de contato. A DCEI entrar\u00e1 em contato com a sua Institui\u00e7\u00e3o para propor o conv\u00eanio e voc\u00ea deve aguardar a formaliza\u00e7\u00e3o do conv\u00eanio para prosseguir os outros passos.&nbsp;<\/p>\n\n\n\n<p>Conv\u00eanios\u2013 sob responsabilidade da PROGRAD-DCEI \u2013 Telefone: (43)3371-4373\/3371-4900.<\/p>\n\n\n\n<p>2 &#8211;&nbsp;Para a verifica\u00e7\u00e3o de possibilidade de aceite&nbsp;de \u201c<strong>Est\u00e1gio&nbsp;Curricular&nbsp;Obrigat\u00f3rio<\/strong>\u201d \u00e9 necess\u00e1rio que o Coordenador de&nbsp;Est\u00e1gio&nbsp;da sua Institui\u00e7\u00e3o encaminhe em papel timbrado, pedido contendo&nbsp;<strong>\u201c\u00e1rea\u201d e \u201cper\u00edodo\u201d<\/strong>&nbsp;para a realiza\u00e7\u00e3o do&nbsp;referido est\u00e1gio. O pedido deve ser feito ao Chefe do Departamento de Medicina Veterin\u00e1ria Preventiva \u2013 DMVP (<a href=\"https:\/\/www.uel.br\/cca\/dmvp\/pages\/departamento\/administracao.php\">clique aqui<\/a>&nbsp;para visualizar o nome do atual chefe do departamento). N\u00e3o \u00e9 necess\u00e1rio encaminhar pelo correio, basta anexar o documento e encaminhar neste e-mail:&nbsp;<a href=\"mailto:dmvp@uel.br\">dmvp@uel.br<\/a>. Assim que tiver uma resposta encaminharemos ao Coordenador, um of\u00edcio contendo a documenta\u00e7\u00e3o necess\u00e1ria para a realiza\u00e7\u00e3o do&nbsp;est\u00e1gio.<\/p>\n\n\n\n<p>3 \u2013 \u00c1reas de atua\u00e7\u00e3o para realiza\u00e7\u00e3o do est\u00e1gio nos Laborat\u00f3rios do DMVP, que prestam servi\u00e7os junto ao Hospital Veterin\u00e1rio(item 2):&nbsp;<a href=\"https:\/\/sites.uel.br\/prograd\/estudante\/estagios-e-intercambios\/estagios-e-intercambios-curricular-outras-ies\/\">http:\/\/sites.uel.br\/prograd\/estudantes\/estagios-e-intercambios\/estagios-e-intercambios-curricular-outras-ies\/<\/a><\/p>\n\n\n\n<p>Segue as \u00e1reas laboratoriais junto ao Hospital Veterin\u00e1rio:&nbsp;<strong>Bacteriologia<\/strong>; Medicina Aviaria,&nbsp;<strong>Inspe\u00e7\u00e3o de Produtos de Origem Animal<\/strong>; Micologia;&nbsp;<strong>Leptospirose<\/strong>; Zoonoses e Sa\u00fade P\u00fablica;&nbsp;<strong>Parasitologia Veterin\u00e1ria<\/strong>; Patologia Cl\u00ednica Veterin\u00e1ria;&nbsp;<strong>Patologia Animal<\/strong>; Protozoologia Veterin\u00e1ria;&nbsp;<strong>Toxicologia Veterin\u00e1ria<\/strong>&nbsp;e Virologia Animal.<\/p>\n\n\n\n<p>4 &#8211; Tendo o of\u00edcio em m\u00e3os:&nbsp;&nbsp;s\u00e3o necess\u00e1rios para oficializa\u00e7\u00e3o junto a UEL os documentos, devidamente assinados por parte da IES do aluno:<strong>&nbsp;Declara\u00e7\u00e3o de Matr\u00edcula, RG, CPF e Carteira de vacina\u00e7\u00e3o anti-r\u00e1bica.&nbsp;<\/strong>Os formul\u00e1rios:&nbsp;<strong><u>Plano\/Requerimento de Est\u00e1gio, Carta de Encaminhamento e<\/u><\/strong>&nbsp;<strong>Termo de Compromisso<\/strong>, dispon\u00edveis para Download no link da PROGRAD:&nbsp;<a href=\"https:\/\/sites.uel.br\/prograd\/estudante\/estagios\/estagios-e-intercambios-outras-ies-formularios\/\">https:\/\/sites.uel.br\/prograd\/estudante\/estagios\/estagios-e-intercambios-outras-ies-formularios\/&nbsp;<\/a><\/p>\n\n\n\n<p>5 &#8211;&nbsp;Toda a documenta\u00e7\u00e3o solicitada dever\u00e1 ser protocoladas&nbsp;antes da data de in\u00edcio de est\u00e1gio no Protocolo do Estado do Paran\u00e1, no site:&nbsp;<a href=\"http:\/\/www.eprotocolo.pr.gov.br\/\" target=\"_blank\" rel=\"noreferrer noopener\">www.eprotocolo.pr.gov.br<\/a>, onde o estudante far\u00e1 o cadastro e seguir\u00e1 as orienta\u00e7\u00f5es (Tutorial-item 4), PROGRAD \u2013 UEL:&nbsp;<\/p>\n\n\n\n<p>6 &#8211; No final do per\u00edodo de est\u00e1gio deve ser feito o&nbsp;<strong>\u201cRelat\u00f3rio de Atividades de Est\u00e1gio\u201d e \u201cRelat\u00f3rio Final\u201d&nbsp;<\/strong>&nbsp;(encaminhados junto com a resposta ao pedido de est\u00e1gio), e ap\u00f3s preenchimento com o orientador da UEL, anexar estes documentos no&nbsp;<strong><em><u>eProtocolo que foi aberto:<\/u>&nbsp;&nbsp;<\/em><\/strong><em><a href=\"https:\/\/sites.uel.br\/prograd\/estudante\/formularios\/\">https:\/\/sites.uel.br\/prograd\/estudante\/formularios\/<\/a>&nbsp; &#8211; Entrar em Est\u00e1gio Curricular outras IES.<\/em><\/p>\n<\/div><\/div>\n<\/details>\n\n\n\n<p><\/p>\n","protected":false},"excerpt":{"rendered":"","protected":false},"author":6,"featured_media":0,"parent":0,"menu_order":0,"comment_status":"closed","ping_status":"closed","template":"","meta":{"_acf_changed":false,"_themeisle_gutenberg_block_has_review":false,"footnotes":""},"class_list":["post-43","page","type-page","status-publish","hentry"],"acf":[],"_links":{"self":[{"href":"https:\/\/departamentos.uel.br\/medicina-veterinaria-preventiva\/wp-json\/wp\/v2\/pages\/43","targetHints":{"allow":["GET"]}}],"collection":[{"href":"https:\/\/departamentos.uel.br\/medicina-veterinaria-preventiva\/wp-json\/wp\/v2\/pages"}],"about":[{"href":"https:\/\/departamentos.uel.br\/medicina-veterinaria-preventiva\/wp-json\/wp\/v2\/types\/page"}],"author":[{"embeddable":true,"href":"https:\/\/departamentos.uel.br\/medicina-veterinaria-preventiva\/wp-json\/wp\/v2\/users\/6"}],"replies":[{"embeddable":true,"href":"https:\/\/departamentos.uel.br\/medicina-veterinaria-preventiva\/wp-json\/wp\/v2\/comments?post=43"}],"version-history":[{"count":40,"href":"https:\/\/departamentos.uel.br\/medicina-veterinaria-preventiva\/wp-json\/wp\/v2\/pages\/43\/revisions"}],"predecessor-version":[{"id":633,"href":"https:\/\/departamentos.uel.br\/medicina-veterinaria-preventiva\/wp-json\/wp\/v2\/pages\/43\/revisions\/633"}],"wp:attachment":[{"href":"https:\/\/departamentos.uel.br\/medicina-veterinaria-preventiva\/wp-json\/wp\/v2\/media?parent=43"}],"curies":[{"name":"wp","href":"https:\/\/api.w.org\/{rel}","templated":true}]}}