{"id":419,"date":"2025-07-21T13:34:41","date_gmt":"2025-07-21T16:34:41","guid":{"rendered":"https:\/\/departamentos.uel.br\/medicina-veterinaria-preventiva\/?page_id=419"},"modified":"2025-07-21T16:36:10","modified_gmt":"2025-07-21T19:36:10","slug":"tcc","status":"publish","type":"page","link":"https:\/\/departamentos.uel.br\/medicina-veterinaria-preventiva\/tcc\/","title":{"rendered":"TCC"},"content":{"rendered":"\n<p><strong>Coordenador de Trabalho de Conclus\u00e3o de Curso &#8211; TCC I<\/strong><\/p>\n\n\n\n<p>Prof. Dr. Fernando de Biasi<\/p>\n\n\n\n<p><strong>Coordenador do Trabalho de Conclus\u00e3o de Curso &#8211; TCC II<\/strong><\/p>\n\n\n\n<p>Prof. Dr. Fernando de Souza Rodrigues<\/p>\n\n\n\n<p>Regulamento do Trabalho de Conclus\u00e3o do Curso de MEDICINA VETERIN\u00c1RIA:<\/p>\n\n\n\n<p><strong><u><a href=\"https:\/\/departamentos.uel.br\/medicina-veterinaria-preventiva\/wp-content\/uploads\/2025\/07\/Deliberacao-Camara-de-Graduacao-no-013-2010.pdf\" data-type=\"attachment\" data-id=\"472\">Medicina Veterin\u00e1ria<\/a><\/u><\/strong>\u00a0&#8211; Delibera\u00e7\u00e3o 013\/2010<\/p>\n\n\n\n<p>Formul\u00e1rios&nbsp;&#8211; clique aqui<\/p>\n\n\n\n<p><\/p>\n","protected":false},"excerpt":{"rendered":"<p>Coordenador de Trabalho de Conclus\u00e3o de Curso &#8211; TCC I Prof. Dr. Fernando de Biasi Coordenador do Trabalho de Conclus\u00e3o de Curso &#8211; TCC II Prof. Dr. Fernando de Souza Rodrigues Regulamento do Trabalho de Conclus\u00e3o do Curso de MEDICINA VETERIN\u00c1RIA: Medicina Veterin\u00e1ria\u00a0&#8211; Delibera\u00e7\u00e3o 013\/2010 Formul\u00e1rios&nbsp;&#8211; clique aqui<\/p>\n","protected":false},"author":6,"featured_media":0,"parent":0,"menu_order":0,"comment_status":"closed","ping_status":"closed","template":"","meta":{"_acf_changed":false,"_themeisle_gutenberg_block_has_review":false,"footnotes":""},"class_list":["post-419","page","type-page","status-publish","hentry"],"acf":[],"_links":{"self":[{"href":"https:\/\/departamentos.uel.br\/medicina-veterinaria-preventiva\/wp-json\/wp\/v2\/pages\/419","targetHints":{"allow":["GET"]}}],"collection":[{"href":"https:\/\/departamentos.uel.br\/medicina-veterinaria-preventiva\/wp-json\/wp\/v2\/pages"}],"about":[{"href":"https:\/\/departamentos.uel.br\/medicina-veterinaria-preventiva\/wp-json\/wp\/v2\/types\/page"}],"author":[{"embeddable":true,"href":"https:\/\/departamentos.uel.br\/medicina-veterinaria-preventiva\/wp-json\/wp\/v2\/users\/6"}],"replies":[{"embeddable":true,"href":"https:\/\/departamentos.uel.br\/medicina-veterinaria-preventiva\/wp-json\/wp\/v2\/comments?post=419"}],"version-history":[{"count":4,"href":"https:\/\/departamentos.uel.br\/medicina-veterinaria-preventiva\/wp-json\/wp\/v2\/pages\/419\/revisions"}],"predecessor-version":[{"id":473,"href":"https:\/\/departamentos.uel.br\/medicina-veterinaria-preventiva\/wp-json\/wp\/v2\/pages\/419\/revisions\/473"}],"wp:attachment":[{"href":"https:\/\/departamentos.uel.br\/medicina-veterinaria-preventiva\/wp-json\/wp\/v2\/media?parent=419"}],"curies":[{"name":"wp","href":"https:\/\/api.w.org\/{rel}","templated":true}]}}