{"id":37,"date":"2024-10-29T10:36:57","date_gmt":"2024-10-29T13:36:57","guid":{"rendered":"https:\/\/departamentos.uel.br\/medicina-veterinaria-preventiva\/?page_id=37"},"modified":"2026-04-27T14:03:52","modified_gmt":"2026-04-27T17:03:52","slug":"contatos","status":"publish","type":"page","link":"https:\/\/departamentos.uel.br\/medicina-veterinaria-preventiva\/contatos\/","title":{"rendered":"Contatos"},"content":{"rendered":"\n<p><strong>Departamento de Medicina Veterin\u00e1ria Preventiva &#8211; DMVP&nbsp;<\/strong><br>Chefe: Prof\u00aa. Dr\u00aa. Giovana Wingeter Di Santis<br>Vice-Chefe: Prof\u00aa. Dr\u00aa. Karina Keller Marques da Costa Flaiban <br>Secret\u00e1rio: Valdecir Gomes da Silva<br>Telefone: (43) 3371-4485&nbsp; email: dmvp@uel.br<\/p>\n\n\n\n<p><strong>Colegiado do Curso de Medicina Veterin\u00e1ria <\/strong><br>Coordenadora: Prof\u00aa. Dr\u00aa. Ana Angelita Sampaio Baptista<br>Vice-coordenador: Prof. Dr. Guilherme Schiess Cardoso<\/p>\n\n\n\n<p><strong>Est\u00e1gio do Curso de Medicina Veterin\u00e1ria <\/strong><br>Coordenadora: Prof\u00aa. Dr\u00aa. Priscilla Fajardo Valente Pereira<br>Vice-Coordenadora: Prof\u00aa. Dr\u00aa. Lucienne Garcia Pretto Giordano<\/p>\n\n\n\n<p><strong>Trabalho de Conclus\u00e3o de Curso &#8211; TCC<\/strong><br>Coordenador: Prof. Dr. Fernando de Souza Rodrigues &#8211; Respons\u00e1vel pelo TCC I<br>Vice-Coordenador: Prof. Dr. Vitor Hugo dos Santos &#8211; Respons\u00e1vel pelo TCC II<\/p>\n\n\n\n<p><strong>Programa de P\u00f3s-Gradua\u00e7\u00e3o em Ci\u00eancia Animal <\/strong><br>Coordenador: Prof. Dr. Selwyn Arlington Headley<br>Vice-coordenador: Prof. Dr. Julio Augusto Naylor Lisboa<br>Secret\u00e1ria: Helenice Kieski<br>Telefone: (43) 3371-4709 &#8211; email: ciencianimal@uel.br<\/p>\n\n\n\n<p><strong>N\u00facleo Docente Estruturante &#8211; NDE\u00a0<\/strong><br>Prof\u00aa. Dr\u00aa. Karina Keller Marques da Costa Flaiban &#8211; DMVP<br>Prof\u00aa. Dr\u00aa. Giovana Wingeter Di Santis &#8211; DMVP<br>Prof\u00aa. Dr\u00aa. Lucienne Garcia Pretto Giordano &#8211; DMVP<br>Prof\u00aa. Dr\u00aa. Mirian Siliane Batista de Souza &#8211; DCV<br>Prof. Dr. Fabio Nelson Gava &#8211; DCV<br>Prof\u00aa. Dr\u00aa. Priscilla Fajardo Valente Pereira &#8211; DCV<br>Prof\u00aa. Dr\u00aa. Ana Maria Bridi &#8211; Zootecnia<br>Prof. Dr. Mauro Leonelli &#8211; CCB<br><br><strong>Representantes dos Servidores T\u00e9cnicos Administrativos no conselho Departamental &#8211; DMVP<\/strong><br>Renilda Calabrio Cianca<br>Ronaldo Tamanini<br>Valdecir Gomes da Silva<\/p>\n\n\n\n<p><strong>Representante dos Residentes do Departamento &#8211; DMVP <\/strong><br>Aline Cristina Piasecki da Costa<br><br><strong>Representante Discente da Gradua\u00e7\u00e3o no Departamento &#8211; DMVP<\/strong><br>Ana Luiza Nanci Mota<\/p>\n\n\n\n<p><\/p>\n\n\n\n<p><br><\/p>\n","protected":false},"excerpt":{"rendered":"<p>Departamento de Medicina Veterin\u00e1ria Preventiva &#8211; DMVP&nbsp;Chefe: Prof\u00aa. Dr\u00aa. Giovana Wingeter Di SantisVice-Chefe: Prof\u00aa. Dr\u00aa. Karina Keller Marques da Costa Flaiban Secret\u00e1rio: Valdecir Gomes da SilvaTelefone: (43) 3371-4485&nbsp; email: dmvp@uel.br Colegiado do Curso de Medicina Veterin\u00e1ria Coordenadora: Prof\u00aa. Dr\u00aa. Ana Angelita Sampaio BaptistaVice-coordenador: Prof. Dr. Guilherme Schiess Cardoso Est\u00e1gio do Curso de Medicina Veterin\u00e1ria Coordenadora: [&hellip;]<\/p>\n","protected":false},"author":6,"featured_media":0,"parent":0,"menu_order":0,"comment_status":"closed","ping_status":"closed","template":"","meta":{"_acf_changed":false,"_themeisle_gutenberg_block_has_review":false,"footnotes":""},"class_list":["post-37","page","type-page","status-publish","hentry"],"acf":[],"_links":{"self":[{"href":"https:\/\/departamentos.uel.br\/medicina-veterinaria-preventiva\/wp-json\/wp\/v2\/pages\/37","targetHints":{"allow":["GET"]}}],"collection":[{"href":"https:\/\/departamentos.uel.br\/medicina-veterinaria-preventiva\/wp-json\/wp\/v2\/pages"}],"about":[{"href":"https:\/\/departamentos.uel.br\/medicina-veterinaria-preventiva\/wp-json\/wp\/v2\/types\/page"}],"author":[{"embeddable":true,"href":"https:\/\/departamentos.uel.br\/medicina-veterinaria-preventiva\/wp-json\/wp\/v2\/users\/6"}],"replies":[{"embeddable":true,"href":"https:\/\/departamentos.uel.br\/medicina-veterinaria-preventiva\/wp-json\/wp\/v2\/comments?post=37"}],"version-history":[{"count":25,"href":"https:\/\/departamentos.uel.br\/medicina-veterinaria-preventiva\/wp-json\/wp\/v2\/pages\/37\/revisions"}],"predecessor-version":[{"id":671,"href":"https:\/\/departamentos.uel.br\/medicina-veterinaria-preventiva\/wp-json\/wp\/v2\/pages\/37\/revisions\/671"}],"wp:attachment":[{"href":"https:\/\/departamentos.uel.br\/medicina-veterinaria-preventiva\/wp-json\/wp\/v2\/media?parent=37"}],"curies":[{"name":"wp","href":"https:\/\/api.w.org\/{rel}","templated":true}]}}