{"id":35,"date":"2024-10-29T10:36:38","date_gmt":"2024-10-29T13:36:38","guid":{"rendered":"https:\/\/departamentos.uel.br\/medicina-veterinaria-preventiva\/?page_id=35"},"modified":"2025-02-14T16:18:27","modified_gmt":"2025-02-14T19:18:27","slug":"sobre-o-departamento","status":"publish","type":"page","link":"https:\/\/departamentos.uel.br\/medicina-veterinaria-preventiva\/sobre-o-departamento\/","title":{"rendered":"Sobre o Departamento"},"content":{"rendered":"\n<p><strong>Hist\u00f3ria do Curso de Medicina Veterin\u00e1ria na UEL<\/strong><\/p>\n\n\n\n<p>&nbsp;&nbsp;&nbsp;&nbsp;&nbsp;&nbsp; O Curso de Gradua\u00e7\u00e3o em Medicina Veterin\u00e1ria da Universidade Estadual de Londrina (UEL) foi criado pelo Reitor Dr. Asc\u00eancio Garcia Lopes com a Resolu\u00e7\u00e3o 100\/72 de 25.05.72. O ingresso da primeira turma ocorreu em fevereiro de 1973. No in\u00edcio o curso funcionou provisoriamente no Departamento de Patologia Geral do Centro de Ci\u00eancias Biol\u00f3gicas. Em 1974 foi criado o Centro de Ci\u00eancias Rurais, tendo como \u00fanico curso de gradua\u00e7\u00e3o o de Medicina Veterin\u00e1ria e como diretor o Prof. Dr. Ernst Eckehardt M\u00fcller. Em 1976, com a conclus\u00e3o do primeiro bloco do Hospital Veterin\u00e1rio as atividades do curso foram gradativamente transferidas para o novo espa\u00e7o f\u00edsico. Em dezembro do mesmo ano ocorreu a cola\u00e7\u00e3o de grau de sua primeira turma constitu\u00edda por seis formandos.<\/p>\n\n\n\n<p>&nbsp;&nbsp;&nbsp;&nbsp;&nbsp;&nbsp; Estes primeiros anos foram marcados por in\u00fameras dificuldades como falta de espa\u00e7o f\u00edsico adequado, equipamentos, funcion\u00e1rios e docentes titulados. Profissionais liberais (m\u00e9dicos veterin\u00e1rios), ent\u00e3o radicados em Londrina, contribu\u00edram nos primeiros anos do curso, muitas vezes de forma espont\u00e2nea e sem vencimentos.<\/p>\n\n\n\n<p>&nbsp;&nbsp;&nbsp;&nbsp;&nbsp;&nbsp; Conseguindo superar as dificuldades iniciais o curso de Medicina Veterin\u00e1ria da UEL foi reconhecido em 12.12.77 pelo Decreto Federal no 81.022. At\u00e9 o final de 2003, em 50 turmas ter\u00e3o sido formados mais de 1500 m\u00e9dicos veterin\u00e1rios. Atualmente 417 acad\u00eamicos est\u00e3o regularmente matriculados.<\/p>\n\n\n\n<p>&nbsp;&nbsp;&nbsp;&nbsp;&nbsp;&nbsp;&nbsp;O curso de Medicina Veterin\u00e1ria da UEL \u00e9 reconhecido como sendo um dos melhores cursos da \u00e1rea no pa\u00eds, tendo obtido conceito A em todas as edi\u00e7\u00f5es do Exame Nacional de Cursos (Prov\u00e3o). Este sucesso deve-se, entre outros aspectos, a um intenso programa de capacita\u00e7\u00e3o de seus docentes. Somente na \u00e1rea profissionalizante atuam 60 docentes sendo 45 doutores, 11 mestres, dos quais 6 doutorandos, e 3 especialistas.<\/p>\n\n\n\n<p>&nbsp;&nbsp;&nbsp;&nbsp;&nbsp;&nbsp; Tamb\u00e9m tem contribu\u00eddo para melhora qualitativa do curso de Medicina Veterin\u00e1ria da UEL a estrutura\u00e7\u00e3o, montagem e amplia\u00e7\u00e3o de locais destinados ao ensino, pesquisa, extens\u00e3o e presta\u00e7\u00e3o de servi\u00e7os envolvendo as v\u00e1rias \u00e1reas de conhecimento e atua\u00e7\u00e3o do m\u00e9dico veterin\u00e1rio. Houve grande amplia\u00e7\u00e3o do espa\u00e7o f\u00edsico, destinado a atividades do curso de Medicina Veterin\u00e1ria nos \u00faltimos anos.<\/p>\n\n\n\n<p>&nbsp;&nbsp;&nbsp;&nbsp;&nbsp;&nbsp; O curso sempre caracterizou-se pelo desenvolvimento de atividades de pesquisa, extens\u00e3o e presta\u00e7\u00e3o de servi\u00e7os \u00e0 comunidade. Hoje trabalha-se com grupos e linhas de pesquisas multidisciplinares \u00e0 procura de solu\u00e7\u00f5es de problemas de sa\u00fade de animais de produ\u00e7\u00e3o e companhia. Atualmente o curso de Medicina Veterin\u00e1ria apresenta um dos maiores \u00edndices de professores\/pesquisadores do CNPq na UEL.<\/p>\n\n\n\n<p>&nbsp;&nbsp;&nbsp;&nbsp;&nbsp;&nbsp; O curso de Medicina Veterin\u00e1ria da UEL est\u00e1 envolvido em projetos na \u00e1rea social que visam apoiar, entre outros, o pequeno produtor rural de nossa regi\u00e3o. Ao mesmo tempo em que seus professores proferem palestras em eventos regionais, nacionais e internacionais, tamb\u00e9m est\u00e3o intensamente envolvidos com processos de atualiza\u00e7\u00e3o, transfer\u00eancia de tecnologia e educa\u00e7\u00e3o continuada a t\u00e9cnicos de campo e produtores rurais. Este trabalho atende principalmente cooperativas e associa\u00e7\u00f5es de produtores. S\u00e3o desenvolvidos programas de extens\u00e3o \u00e0 comunidade educando-se propriet\u00e1rios de animais de estima\u00e7\u00e3o quanto a cuidados com c\u00e3es e gatos, preven\u00e7\u00e3o de doen\u00e7as transmiss\u00edveis e posse respons\u00e1vel de animais de companhia.<\/p>\n\n\n\n<p>&nbsp;&nbsp;&nbsp;&nbsp;&nbsp;&nbsp; O Hospital Veterin\u00e1rio (HV), criado em 09 de setembro de 1976,&nbsp;com atendimento de Pronto-Socorro 24 horas, atende \u00e0 comunidade ininterruptamente durante todo o ano. Este servi\u00e7o m\u00e9dico, cir\u00fargico e de diagn\u00f3stico laboratorial atende a grandes e pequenos animais. A \u00e1rea de abrang\u00eancia das atividades de presta\u00e7\u00e3o de servi\u00e7os do HV h\u00e1 muito n\u00e3o mais se restringe \u00e0 regi\u00e3o norte e mesmo ao Estado do Paran\u00e1. Somente em 2000 foram realizados 67.371 procedimentos com casos provenientes de 11 Estados da Federa\u00e7\u00e3o.<\/p>\n\n\n\n<p>O complexo Hospital Veterin\u00e1rio correspondente a 4.579,89 m2 de constru\u00e7\u00e3o, tem atua\u00e7\u00e3o de dois Departamentos: Medicina Veterin\u00e1ria Preventiva e Cl\u00ednicas Veterin\u00e1rias.<\/p>\n\n\n\n<p>As atividades do primeiro Departamento est\u00e3o relacionadas como diagn\u00f3stico em Sanidade Animal, e o segundo Departamento com as atividades cl\u00ednicas, cir\u00fargicas, reprodu\u00e7\u00e3o e obstetr\u00edcia e diagn\u00f3stico por imagem no Hospital Veterin\u00e1rio e, al\u00e9m da atua\u00e7\u00e3o no ensino pelos docentes nas disciplinas de Gradua\u00e7\u00e3o, P\u00f3s Gradua\u00e7\u00e3o e Resid\u00eancia M\u00e9dica Veterin\u00e1ria, tamb\u00e9m atuam na presta\u00e7\u00e3o de servi\u00e7o em forma de plant\u00e3o 24horas, nos atendimentos de cunho social na forma de projeto de extens\u00e3o, como projeto Amiga, Carroceiro e Esteriliza\u00e7\u00e3o de C\u00e3es de Rua.<\/p>\n\n\n\n<p>&nbsp;&nbsp;&nbsp;&nbsp;&nbsp;&nbsp; Em 1989 foi criado o curso de especializa\u00e7\u00e3o em Sanidade Animal, que serviu de base para a estrutura\u00e7\u00e3o do curso de Mestrado em Sanidade Animal no ano de 1992. Em 2000, o Curso de Mestrado em Sanidade Animal foi transformado no Programa de P\u00f3s-Gradua\u00e7\u00e3o em Ci\u00eancia Animal com \u00e1reas de Concentra\u00e7\u00e3o em Sanidade Animal e em Produ\u00e7\u00e3o Animal, estabelecendo em 2002 o n\u00edvel de doutorado.<\/p>\n\n\n\n<p>Tamb\u00e9m na p\u00f3s-gradua\u00e7\u00e3o, foi implantado na UEL, um dos primeiros cursos de especializa\u00e7\u00e3o em resid\u00eancia em Medicina Veterin\u00e1ria do sul do pa\u00eds nas \u00e1reas de Medicina de Animais de Companhia; Cl\u00ednica M\u00e9dica, Cir\u00fargica e Reprodu\u00e7\u00e3o de Grandes Animais; Medicina Veterin\u00e1ria Preventiva e Patologia Animal. Os cursos de p\u00f3s-gradua\u00e7\u00e3o em medicina veterin\u00e1ria da UEL s\u00e3o freq\u00fcentados por alunos procedentes de v\u00e1rios Estados brasileiros. Atualmente o curso de Medicina Veterin\u00e1ria oferece Cursos de Especializa\u00e7\u00e3o em Medicina dos Animais de Companhia; Medicina e Reprodu\u00e7\u00e3o dos Animais de Produ\u00e7\u00e3o; Bovinocultura de Leite e Suinocultura.<\/p>\n\n\n\n<p>&nbsp;O curso de Medicina Veterin\u00e1ria oferece ainda cursos de curta dura\u00e7\u00e3o, propiciando aos profissionais, m\u00e9dicos veterin\u00e1rios, a oportunidade de uma educa\u00e7\u00e3o continuada, atualiza\u00e7\u00e3o e aperfei\u00e7oamento em suas \u00e1rea de atua\u00e7\u00e3o.<br>&nbsp;<\/p>\n\n\n\n<p><\/p>\n","protected":false},"excerpt":{"rendered":"<p>Hist\u00f3ria do Curso de Medicina Veterin\u00e1ria na UEL &nbsp;&nbsp;&nbsp;&nbsp;&nbsp;&nbsp; O Curso de Gradua\u00e7\u00e3o em Medicina Veterin\u00e1ria da Universidade Estadual de Londrina (UEL) foi criado pelo Reitor Dr. Asc\u00eancio Garcia Lopes com a Resolu\u00e7\u00e3o 100\/72 de 25.05.72. O ingresso da primeira turma ocorreu em fevereiro de 1973. No in\u00edcio o curso funcionou provisoriamente no Departamento de [&hellip;]<\/p>\n","protected":false},"author":6,"featured_media":0,"parent":0,"menu_order":0,"comment_status":"closed","ping_status":"closed","template":"","meta":{"_acf_changed":false,"_themeisle_gutenberg_block_has_review":false,"footnotes":""},"class_list":["post-35","page","type-page","status-publish","hentry"],"acf":[],"_links":{"self":[{"href":"https:\/\/departamentos.uel.br\/medicina-veterinaria-preventiva\/wp-json\/wp\/v2\/pages\/35","targetHints":{"allow":["GET"]}}],"collection":[{"href":"https:\/\/departamentos.uel.br\/medicina-veterinaria-preventiva\/wp-json\/wp\/v2\/pages"}],"about":[{"href":"https:\/\/departamentos.uel.br\/medicina-veterinaria-preventiva\/wp-json\/wp\/v2\/types\/page"}],"author":[{"embeddable":true,"href":"https:\/\/departamentos.uel.br\/medicina-veterinaria-preventiva\/wp-json\/wp\/v2\/users\/6"}],"replies":[{"embeddable":true,"href":"https:\/\/departamentos.uel.br\/medicina-veterinaria-preventiva\/wp-json\/wp\/v2\/comments?post=35"}],"version-history":[{"count":4,"href":"https:\/\/departamentos.uel.br\/medicina-veterinaria-preventiva\/wp-json\/wp\/v2\/pages\/35\/revisions"}],"predecessor-version":[{"id":113,"href":"https:\/\/departamentos.uel.br\/medicina-veterinaria-preventiva\/wp-json\/wp\/v2\/pages\/35\/revisions\/113"}],"wp:attachment":[{"href":"https:\/\/departamentos.uel.br\/medicina-veterinaria-preventiva\/wp-json\/wp\/v2\/media?parent=35"}],"curies":[{"name":"wp","href":"https:\/\/api.w.org\/{rel}","templated":true}]}}