{"id":247,"date":"2025-07-16T15:13:14","date_gmt":"2025-07-16T18:13:14","guid":{"rendered":"https:\/\/departamentos.uel.br\/medicina-veterinaria-preventiva\/?page_id=247"},"modified":"2025-10-20T15:40:28","modified_gmt":"2025-10-20T18:40:28","slug":"selecao-2024-2025","status":"publish","type":"page","link":"https:\/\/departamentos.uel.br\/medicina-veterinaria-preventiva\/selecao-2024-2025\/","title":{"rendered":"SELE\u00c7\u00c3O 2025\/2026"},"content":{"rendered":"\n<p><strong>Divulga\u00e7\u00e3o dos Editais do Processo Seletivo das Resid\u00eancias em Medicina Veterin\u00e1ria do Departamento de Medicina Veterin\u00e1ria Preventiva&nbsp;<\/strong><\/p>\n\n\n\n<p><strong>PROCESSO SELETIVO \u2013 TURMA 2026<\/strong><\/p>\n\n\n\n<p><strong>Informa\u00e7\u00f5es sobre o Processo Seletivo:&nbsp;<\/strong><a href=\"https:\/\/sites.uel.br\/proppg\/residencias\/\">https:\/\/sites.uel.br\/proppg\/residencias\/<\/a><\/p>\n\n\n\n<p>Edital do Processo Seletivo Turma 2026<\/p>\n\n\n\n<p><a href=\"https:\/\/departamentos.uel.br\/clinicas-veterinarias\/wp-content\/uploads\/2025\/10\/EDITALCOREMU-RV003-Residencia-em-Medicina-Veterinaria-2026_2028-.pdf\">EDITALCOREMU RV003-Resid\u00eancia em Medicina Veterin\u00e1ria 2026_2028<\/a> Inscri\u00e7\u00f5es no per\u00edodo da <strong>08h do dia 03\/11\/2025 \u00e0 07\/11\/2025 at\u00e9 as 23h59min para os Pedidos de A\u00e7\u00f5es Afirmativas<\/strong>. E no per\u00edodo de <strong>24\/11\/2025 \u00e0 28\/11\/2025 para a Ampla Concorr\u00eancia.<\/strong><\/p>\n\n\n\n<p><strong>PONTOS e BIBLIOGRAFIA PARA AS PROVAS &nbsp;(clique na \u00e1rea desejada):<\/strong><\/p>\n\n\n\n<p><strong><a href=\"https:\/\/departamentos.uel.br\/medicina-veterinaria-preventiva\/wp-content\/uploads\/2025\/10\/PONTOS-Med.-Aviaria-2026.pdf\" data-type=\"attachment\" data-id=\"612\">MEDICINA AVI\u00c1RIA<\/a><\/strong><\/p>\n\n\n\n<p><strong><a href=\"https:\/\/departamentos.uel.br\/medicina-veterinaria-preventiva\/wp-content\/uploads\/2025\/10\/PONTOS-S.PUBLICA-2026-1.pdf\" data-type=\"attachment\" data-id=\"616\">SA\u00daDE P\u00daBLICA VETERIN\u00c1RIA<\/a><\/strong><\/p>\n\n\n\n<p><a href=\"https:\/\/departamentos.uel.br\/medicina-veterinaria-preventiva\/wp-content\/uploads\/2025\/10\/PONTOS-P.ANIMAL-2026.pdf\" data-type=\"attachment\" data-id=\"619\"><strong>PATOLOGIA ANIMAL<\/strong><\/a><\/p>\n\n\n\n<p><a href=\"https:\/\/departamentos.uel.br\/medicina-veterinaria-preventiva\/wp-content\/uploads\/2025\/10\/PONTOS-INSPECAO-2026.pdf\" data-type=\"attachment\" data-id=\"621\"><strong>INSPE\u00c7\u00c3O DE LEITE E DERIVADOS<\/strong><\/a><\/p>\n\n\n\n<p><a href=\"https:\/\/departamentos.uel.br\/medicina-veterinaria-preventiva\/wp-content\/uploads\/2025\/10\/PONTOS-MI-2026.pdf\" data-type=\"attachment\" data-id=\"622\"><strong>MOL\u00c9STIAS INFECCIOSAS<\/strong><\/a><\/p>\n\n\n\n<p><a href=\"https:\/\/departamentos.uel.br\/medicina-veterinaria-preventiva\/wp-content\/uploads\/2025\/10\/PONTOS-P.-CLINICA-2026.pdf\" data-type=\"attachment\" data-id=\"623\"><strong>PATOLOGIA CL\u00cdNICA VETERIN\u00c1RIA<\/strong><\/a><\/p>\n\n\n\n<p><a href=\"https:\/\/departamentos.uel.br\/medicina-veterinaria-preventiva\/wp-content\/uploads\/2025\/10\/PONTOS-PARASITARIAS-2026.pdf\" data-type=\"attachment\" data-id=\"624\"><strong>MOL\u00c9STIAS PARASIT\u00c1RIAS<\/strong><\/a><\/p>\n\n\n\n<p><\/p>\n\n\n\n<p><\/p>\n\n\n\n<p><\/p>\n\n\n\n<p><\/p>\n\n\n\n<p><\/p>\n\n\n\n<p><\/p>\n\n\n\n<p><\/p>\n\n\n\n<p><\/p>\n\n\n\n<p><\/p>\n\n\n\n<p><\/p>\n\n\n\n<p><strong><a href=\"https:\/\/departamentos.uel.br\/medicina-veterinaria-preventiva\/wp-content\/uploads\/2025\/07\/Edital-RV001-2024_1-1.pdf\">Edital COREMU N\u00ba 001\/2024&nbsp;<\/a>&#8211;&nbsp;Inscri\u00e7\u00f5es no per\u00edodo das 08h do dia 05\/12\/2024 at\u00e9 as 23h59min do dia 12 de dezembro de 2024.<\/strong><\/p>\n\n\n\n<p><strong><a href=\"https:\/\/departamentos.uel.br\/medicina-veterinaria-preventiva\/wp-content\/uploads\/2025\/07\/EDITAL_DE_CONVOCACIsectAI83O_RESIDENCIA__2025.pdf\">EDITAL COREMU N\u00ba RV001\/2025 &#8211; CONVOCA\u00c7\u00c3O PARA MATR\u00cdCULA<\/a><\/strong>&nbsp;&#8211; Per\u00edodo de matr\u00edcula: 10\/02\/2025 e 11\/02\/2025<\/p>\n\n\n\n<p><strong><a href=\"https:\/\/departamentos.uel.br\/medicina-veterinaria-preventiva\/wp-content\/uploads\/2025\/02\/Edital_RV_002_2025_-_vaga_remanescente_Saude_Publica.pdf\">Edital COREMU N\u00ba. RV002\/2025&nbsp;&#8211;&nbsp;Vaga Remanescente<\/a> &#8211; Sa\u00fade P\u00fablica Veterin\u00e1ria<\/strong><\/p>\n\n\n\n<p><strong><a href=\"https:\/\/departamentos.uel.br\/medicina-veterinaria-preventiva\/wp-content\/uploads\/2025\/07\/Incricoes_homologadas_-_vaga_remanescente_S.Publica.pdf\">INSCRI\u00c7\u00d5ES HOMOLOGADAS &#8211; VAGA REMANESCENTE<\/a> &#8211; SA\u00daDE P\u00daBLICA VETERIN\u00c1RIA<\/strong><\/p>\n\n\n\n<p><strong><a href=\"https:\/\/departamentos.uel.br\/medicina-veterinaria-preventiva\/wp-content\/uploads\/2025\/07\/ensalamento.pdf\" data-type=\"attachment\" data-id=\"271\">LOCAL PARA PROVA TE\u00d3RICA &#8211; VAGA REMANESCENTE<\/a> &#8211; SA\u00daDE P\u00daBLICA VETERIN\u00c1RIA<\/strong><\/p>\n\n\n\n<p>RESULTADO DA PROVA E LOCAL DA ENTREVISTA<\/p>\n\n\n\n<p><strong><a href=\"https:\/\/departamentos.uel.br\/medicina-veterinaria-preventiva\/wp-content\/uploads\/2025\/07\/Resultado-remanescente-S.-Publica.pdf\" data-type=\"attachment\" data-id=\"275\">SA\u00daDE P\u00daBLICA VETERIN\u00c1RIA<\/a>&nbsp;&#8211; VAGA REMANESCENTE<\/strong><\/p>\n\n\n\n<p><strong>RESULTADO DO PROCESSO SELETIVO &#8211; EDITAL COREMU N. RV002\/2025<\/strong> \u2013 vaga remanescente, clique na \u00e1rea abaixo:<\/p>\n\n\n\n<p><a href=\"https:\/\/departamentos.uel.br\/medicina-veterinaria-preventiva\/wp-content\/uploads\/2025\/07\/Resultado-final-remanescente-S.P.pdf\" data-type=\"attachment\" data-id=\"280\"><strong>SA\u00daDE P\u00daLBICA VETERIN\u00c1RIA<\/strong><\/a> &#8211; vaga remanescente<\/p>\n\n\n\n<p><strong><a href=\"https:\/\/departamentos.uel.br\/medicina-veterinaria-preventiva\/wp-content\/uploads\/2025\/07\/Edital-COREMU-N.-003-2025.pdf\" data-type=\"attachment\" data-id=\"288\">EDITAL COREMU N\u00ba RV003\/2025<\/a> \u2013 CONVOCA\u00c7\u00c3O PARA MATR\u00cdCULA \u2013 Per\u00edodo de matr\u00edcula 19\/03\/2025<\/strong><\/p>\n\n\n\n<p>RESULTADO DO PROCESSO SELETIVO &#8211; EDITAL COREMU N. RV001\/2024 &#8211; clique na \u00e1rea desejada<\/p>\n\n\n\n<p><a href=\"https:\/\/departamentos.uel.br\/medicina-veterinaria-preventiva\/wp-content\/uploads\/2025\/07\/Resultado-Ed-001-2024-INSPECAO.pdf\" data-type=\"attachment\" data-id=\"294\">INSPE\u00c7\u00c3O DE LEITE E DERIVADOS<\/a><\/p>\n\n\n\n<p><a href=\"https:\/\/departamentos.uel.br\/medicina-veterinaria-preventiva\/wp-content\/uploads\/2025\/07\/Resultado-Ed-001-2024-M.A.pdf\" data-type=\"attachment\" data-id=\"295\">MEDICINA AVI\u00c1RIA<\/a><\/p>\n\n\n\n<p><a href=\"https:\/\/departamentos.uel.br\/medicina-veterinaria-preventiva\/wp-content\/uploads\/2025\/07\/Resultado-Ed-001-2024-MI.pdf\" data-type=\"attachment\" data-id=\"296\">MOL\u00c9STIAS INFECCIOSAS<\/a><\/p>\n\n\n\n<p><a href=\"https:\/\/departamentos.uel.br\/medicina-veterinaria-preventiva\/wp-content\/uploads\/2025\/07\/Resultado-Ed-001-2024-MP.pdf\" data-type=\"attachment\" data-id=\"298\">MOL\u00c9STIAS PARASIT\u00c1RIAS<\/a><\/p>\n\n\n\n<p><a href=\"https:\/\/departamentos.uel.br\/medicina-veterinaria-preventiva\/wp-content\/uploads\/2025\/07\/Resultado-Ed-001-2024-PA.pdf\" data-type=\"attachment\" data-id=\"297\">PATOLOGIA ANIMAL<\/a><\/p>\n\n\n\n<p><a href=\"https:\/\/departamentos.uel.br\/medicina-veterinaria-preventiva\/wp-content\/uploads\/2025\/07\/Patologia-Clinica.pdf\" data-type=\"attachment\" data-id=\"310\">PATOLOGIA CL\u00cdNICA VETERIN\u00c1RIA<\/a><\/p>\n\n\n\n<p><a href=\"https:\/\/departamentos.uel.br\/medicina-veterinaria-preventiva\/wp-content\/uploads\/2025\/07\/Resultado-Ed-001-2024-SP.pdf\" data-type=\"attachment\" data-id=\"299\">SA\u00daDE P\u00daBLICA VETERIN\u00c1RIA<\/a><\/p>\n\n\n\n<p><strong><a href=\"https:\/\/departamentos.uel.br\/medicina-veterinaria-preventiva\/wp-content\/uploads\/2025\/07\/Relatorio-avaliacao-inscritos-cotistas.pdf\" data-type=\"attachment\" data-id=\"313\">RESULTADO DA BANCA DE HETEROIDENTIFICA\u00c7\u00c3O PARA RESERVA DE VAGAS<\/a><\/strong><\/p>\n\n\n\n<p>RESULTADO DA PROVA E LOCAL DA ENTREVISTA<\/p>\n\n\n\n<p><a href=\"https:\/\/departamentos.uel.br\/medicina-veterinaria-preventiva\/wp-content\/uploads\/2025\/07\/2025_RESULTADO_PROVA_TEORICA_INSPEC327A303O.pdf\" data-type=\"attachment\" data-id=\"319\">INSPE\u00c7\u00c3O DE LEITE E DERIVADOS<\/a><\/p>\n\n\n\n<p><a href=\"https:\/\/departamentos.uel.br\/medicina-veterinaria-preventiva\/wp-content\/uploads\/2025\/07\/2025_RESULTADO_PROVA_TEORICA_INSPEC327A303O.pdf\" data-type=\"attachment\" data-id=\"319\">MEDICINA AVI\u00c1RIA<\/a><\/p>\n\n\n\n<p><a href=\"https:\/\/departamentos.uel.br\/medicina-veterinaria-preventiva\/wp-content\/uploads\/2025\/07\/2025_RESULTADO_PROVA_TEORICA_INSPEC327A303O.pdf\" data-type=\"attachment\" data-id=\"319\">MOL\u00c9STIAS INFECCIOSAS<\/a><\/p>\n\n\n\n<p><a href=\"https:\/\/departamentos.uel.br\/medicina-veterinaria-preventiva\/wp-content\/uploads\/2025\/07\/Resultado_prova_M.Parasitarias_-_2025.pdf\" data-type=\"attachment\" data-id=\"330\">MOL\u00c9STIAS PARASIT\u00c1RIAS<\/a><\/p>\n\n\n\n<p><a href=\"https:\/\/departamentos.uel.br\/medicina-veterinaria-preventiva\/wp-content\/uploads\/2025\/07\/2025_RESULTADO_PROVA_TEORICA_INSPEC327A303O.pdf\" data-type=\"attachment\" data-id=\"319\">PATOLOGIA ANIMAL<\/a><\/p>\n\n\n\n<p><a href=\"https:\/\/departamentos.uel.br\/medicina-veterinaria-preventiva\/wp-content\/uploads\/2025\/07\/2025-RES-PT-PATO-CLINICA.pdf\" data-type=\"attachment\" data-id=\"347\">PATOLOGIA CL\u00cdNICA VETERIN\u00c1RIA<\/a><\/p>\n\n\n\n<p><a href=\"https:\/\/departamentos.uel.br\/medicina-veterinaria-preventiva\/wp-content\/uploads\/2025\/07\/2025-RES-PT-S-PUB.pdf\" data-type=\"attachment\" data-id=\"350\">SA\u00daDE P\u00daBLICA VETERIN\u00c1RIA<\/a><\/p>\n\n\n\n<p><strong><u><a href=\"https:\/\/departamentos.uel.br\/medicina-veterinaria-preventiva\/wp-content\/uploads\/2025\/07\/2025-PROVA-ENSALAMENTO.pdf\" data-type=\"attachment\" data-id=\"353\">LOCAIS PARA PROVA TEORIA<\/a><\/u><\/strong><\/p>\n\n\n\n<p><a href=\"https:\/\/departamentos.uel.br\/medicina-veterinaria-preventiva\/wp-content\/uploads\/2025\/07\/2025-HOMOL-INSCRICAO-RATIFICADO.pdf\" data-type=\"attachment\" data-id=\"357\"><strong>INSCRI\u00c7\u00d5ES HOMOLOGADAS&nbsp;&nbsp;<\/strong>&#8211;&nbsp;<strong>RATIFICADO<\/strong><\/a><\/p>\n\n\n\n<p><strong><a href=\"https:\/\/departamentos.uel.br\/medicina-veterinaria-preventiva\/wp-content\/uploads\/2025\/07\/2025-HOMOL-INSCRICAO.pdf\" data-type=\"attachment\" data-id=\"361\">INSCRI\u00c7\u00d5ES HOMOLOGADAS&nbsp;<\/a>&nbsp;<\/strong><\/p>\n\n\n\n<p><strong><a href=\"https:\/\/www.sistemasweb.uel.br\/index.php?contents=system\/insc\/index.php&amp;pagina=view\/inscricoes\/seleciona_evento.php&amp;cod_evento=10004\">Requerimento de Isen\u00e7\u00e3o &#8211; Cad\u00danico<\/a><br><strong><a href=\"https:\/\/departamentos.uel.br\/medicina-veterinaria-preventiva\/wp-content\/uploads\/2025\/07\/2025-ISENTOS-Eleicao-Doadores.pdf\" data-type=\"attachment\" data-id=\"367\">Resultado de isen\u00e7\u00e3o da taxa de inscri\u00e7\u00e3o: Prestador de Servi\u00e7o Eleitoral, Doadores de Sangue e Medula<\/a><\/strong><\/strong> <\/p>\n\n\n\n<p><strong><a href=\"https:\/\/departamentos.uel.br\/medicina-veterinaria-preventiva\/wp-content\/uploads\/2025\/07\/2025-Isentos-CadUnico.pdf\" data-type=\"attachment\" data-id=\"371\">Resultado de Isen\u00e7\u00e3o &#8211; Cad\u00danico<\/a><\/strong><\/p>\n\n\n\n<p><strong><a href=\"https:\/\/www.sistemasweb.uel.br\/index.php?contents=system\/insc\/index.php&amp;pagina=view\/inscricoes\/seleciona_evento.php&amp;cod_evento=10004\">Recurso contra indeferimento de Isen\u00e7\u00e3o de Taxa de Inscri\u00e7\u00e3o &#8211; Cad\u00danico<\/a><\/strong><\/p>\n\n\n\n<p><strong><a href=\"https:\/\/departamentos.uel.br\/medicina-veterinaria-preventiva\/wp-content\/uploads\/2025\/07\/2025-REC-ISENCAO.pdf\" data-type=\"attachment\" data-id=\"377\">Resultado do Recurso contra o Indeferimento de Isen\u00e7\u00e3o de Taxa de Inscri\u00e7\u00e3o<\/a><\/strong><\/p>\n\n\n\n<p><strong>Link para INSCRI\u00c7\u00d5ES: <a href=\"https:\/\/sistemas.uel.br\/portaldepos\/inscricao\/listarCursos?nvCurso=4&amp;sqNivel=2\">(clique aqui)<\/a><\/strong>&nbsp;<\/p>\n\n\n\n<p><a href=\"https:\/\/departamentos.uel.br\/medicina-veterinaria-preventiva\/wp-content\/uploads\/2025\/07\/2025-Anexo-I.pdf\" data-type=\"attachment\" data-id=\"383\">ANEXO I &#8211; Requerimento para isen\u00e7\u00e3o para a taxa de inscri\u00e7\u00e3<\/a>o<\/p>\n\n\n\n<p><a href=\"https:\/\/departamentos.uel.br\/medicina-veterinaria-preventiva\/wp-content\/uploads\/2025\/07\/2025-Anexo-II.pdf\" data-type=\"attachment\" data-id=\"387\">ANEXO II &#8211; Roteiro para pontua\u00e7\u00e3o do curr\u00edculo<\/a><\/p>\n\n\n\n<p><a href=\"https:\/\/departamentos.uel.br\/medicina-veterinaria-preventiva\/wp-content\/uploads\/2025\/07\/2025-Anexo-III.pdf\" data-type=\"attachment\" data-id=\"390\">ANEXO III &#8211; Instru\u00e7\u00f5es para Prova Pr\u00e1tica<\/a><\/p>\n\n\n\n<p><a href=\"https:\/\/departamentos.uel.br\/medicina-veterinaria-preventiva\/wp-content\/uploads\/2025\/07\/225-Anexo-IV.pdf\" data-type=\"attachment\" data-id=\"393\">ANEXO IV &#8211; Formul\u00e1rio de Entrevista<\/a><\/p>\n\n\n\n<p><strong>PONTOS e BIBLIOGRAFIA:<\/strong><\/p>\n\n\n\n<p><strong><a href=\"https:\/\/departamentos.uel.br\/medicina-veterinaria-preventiva\/wp-content\/uploads\/2025\/07\/2025-PONTOS-M-A.pdf\" data-type=\"attachment\" data-id=\"398\">MEDICINA AVIARIA&nbsp;<\/a><\/strong><\/p>\n\n\n\n<p><strong><a href=\"https:\/\/departamentos.uel.br\/medicina-veterinaria-preventiva\/wp-content\/uploads\/2025\/07\/2025-PONTOS-P-C.pdf\" data-type=\"attachment\" data-id=\"401\">PATOLOGIA CL\u00cdNICA VETERIN\u00c1RIA&nbsp;<\/a> &nbsp;<\/strong><\/p>\n\n\n\n<p><strong><a href=\"https:\/\/departamentos.uel.br\/medicina-veterinaria-preventiva\/wp-content\/uploads\/2025\/07\/2025-PONTOS-P-A.pdf\" data-type=\"attachment\" data-id=\"404\">PATOLOGIA ANIMAL<\/a><\/strong><\/p>\n\n\n\n<p><strong><a href=\"https:\/\/departamentos.uel.br\/medicina-veterinaria-preventiva\/wp-content\/uploads\/2025\/07\/2025-PONTOS-S-P.pdf\" data-type=\"attachment\" data-id=\"408\">SA\u00daDE PUBLICA VETERIN\u00c1RIA&nbsp;<\/a><\/strong><\/p>\n\n\n\n<p><strong><a href=\"https:\/\/departamentos.uel.br\/medicina-veterinaria-preventiva\/wp-content\/uploads\/2025\/07\/2025-PONTOS-M-P.pdf\" data-type=\"attachment\" data-id=\"411\">MOLESTIAS PARASITARIAS<\/a><\/strong><\/p>\n\n\n\n<p><strong><a href=\"https:\/\/departamentos.uel.br\/medicina-veterinaria-preventiva\/wp-content\/uploads\/2025\/07\/2025-PONTOS-INSP.pdf\" data-type=\"attachment\" data-id=\"414\">INSPE\u00c7\u00c3O DE LEITE E DERIVADOS<\/a><\/strong><\/p>\n\n\n\n<p><strong><a href=\"https:\/\/departamentos.uel.br\/medicina-veterinaria-preventiva\/wp-content\/uploads\/2025\/07\/2025-PONTOS-MI.pdf\" data-type=\"attachment\" data-id=\"417\">MOLESTIAS INFECCIOSAS<\/a>&nbsp;<\/strong><\/p>\n","protected":false},"excerpt":{"rendered":"<p>Divulga\u00e7\u00e3o dos Editais do Processo Seletivo das Resid\u00eancias em Medicina Veterin\u00e1ria do Departamento de Medicina Veterin\u00e1ria Preventiva&nbsp; PROCESSO SELETIVO \u2013 TURMA 2026 Informa\u00e7\u00f5es sobre o Processo Seletivo:&nbsp;https:\/\/sites.uel.br\/proppg\/residencias\/ Edital do Processo Seletivo Turma 2026 EDITALCOREMU RV003-Resid\u00eancia em Medicina Veterin\u00e1ria 2026_2028 Inscri\u00e7\u00f5es no per\u00edodo da 08h do dia 03\/11\/2025 \u00e0 07\/11\/2025 at\u00e9 as 23h59min para os Pedidos [&hellip;]<\/p>\n","protected":false},"author":6,"featured_media":0,"parent":0,"menu_order":0,"comment_status":"closed","ping_status":"closed","template":"","meta":{"_acf_changed":false,"_themeisle_gutenberg_block_has_review":false,"footnotes":""},"class_list":["post-247","page","type-page","status-publish","hentry"],"acf":[],"_links":{"self":[{"href":"https:\/\/departamentos.uel.br\/medicina-veterinaria-preventiva\/wp-json\/wp\/v2\/pages\/247","targetHints":{"allow":["GET"]}}],"collection":[{"href":"https:\/\/departamentos.uel.br\/medicina-veterinaria-preventiva\/wp-json\/wp\/v2\/pages"}],"about":[{"href":"https:\/\/departamentos.uel.br\/medicina-veterinaria-preventiva\/wp-json\/wp\/v2\/types\/page"}],"author":[{"embeddable":true,"href":"https:\/\/departamentos.uel.br\/medicina-veterinaria-preventiva\/wp-json\/wp\/v2\/users\/6"}],"replies":[{"embeddable":true,"href":"https:\/\/departamentos.uel.br\/medicina-veterinaria-preventiva\/wp-json\/wp\/v2\/comments?post=247"}],"version-history":[{"count":110,"href":"https:\/\/departamentos.uel.br\/medicina-veterinaria-preventiva\/wp-json\/wp\/v2\/pages\/247\/revisions"}],"predecessor-version":[{"id":627,"href":"https:\/\/departamentos.uel.br\/medicina-veterinaria-preventiva\/wp-json\/wp\/v2\/pages\/247\/revisions\/627"}],"wp:attachment":[{"href":"https:\/\/departamentos.uel.br\/medicina-veterinaria-preventiva\/wp-json\/wp\/v2\/media?parent=247"}],"curies":[{"name":"wp","href":"https:\/\/api.w.org\/{rel}","templated":true}]}}