{"id":37,"date":"2024-03-07T16:23:00","date_gmt":"2024-03-07T19:23:00","guid":{"rendered":"https:\/\/departamentos.uel.br\/medicina-oral-e-odontologia-infantil\/?page_id=37"},"modified":"2025-11-14T15:32:07","modified_gmt":"2025-11-14T18:32:07","slug":"publicacoes","status":"publish","type":"page","link":"https:\/\/departamentos.uel.br\/medicina-oral-e-odontologia-infantil\/publicacoes\/","title":{"rendered":"Publica\u00e7\u00f5es"},"content":{"rendered":"\n<p>Ebooks de Radiologia Odontol\u00f3gica (em breve tamb\u00e9m neste local)&#8230;<\/p>\n\n\n\n<p>Para consultas TCC e Artigos veja tamb\u00e9m: <strong><a href=\"https:\/\/repositorio.uel.br\/communities\/0e93ceba-e602-4456-a830-c60c80963c74\">Reposit\u00f3rio UEL<\/a><\/strong><\/p>\n\n\n\n<p>Abaixo, cole\u00e7\u00e3o de Anais dos Eventos Relacionados:<\/p>\n\n\n\n<div id=\"wp-block-themeisle-blocks-accordion-e8763586\" class=\"wp-block-themeisle-blocks-accordion exclusive\">\n<details class=\"wp-block-themeisle-blocks-accordion-item\"><summary class=\"wp-block-themeisle-blocks-accordion-item__title\"><div><strong>2024<\/strong><\/div><\/summary><div class=\"wp-block-themeisle-blocks-accordion-item__content\">\n<p><strong><a href=\"https:\/\/www.even3.com.br\/anais\/5col-11couel\/\">Anais<\/a><\/strong> &#8211; 5\u00ba Congresso Odontol\u00f3gico Londrinense e Congresso Odontol\u00f3gico da UEL<\/p>\n\n\n\n<p><strong><a href=\"https:\/\/departamentos.uel.br\/medicina-oral-e-odontologia-infantil\/wp-content\/uploads\/2025\/11\/Anais-Encontro-Estomatologia2024.pdf\">Anais<\/a> <\/strong>&#8211; VII Encontro de Estomatologia e Patologia Oral do Interior do Paran\u00e1<\/p>\n<\/div><\/details>\n<\/div>\n\n\n\n<div id=\"wp-block-themeisle-blocks-accordion-10fc7bdc\" class=\"wp-block-themeisle-blocks-accordion exclusive\">\n<details class=\"wp-block-themeisle-blocks-accordion-item\"><summary class=\"wp-block-themeisle-blocks-accordion-item__title\"><div><strong>2022<\/strong><\/div><\/summary><div class=\"wp-block-themeisle-blocks-accordion-item__content\">\n<p><strong><a href=\"https:\/\/www.archhealthinvestigation.com.br\/ArcHI\/article\/view\/5843\">Anais<\/a><\/strong> &#8211; 4\u00ba Congresso Odontol\u00f3gico Londrinense \/ 10\u00ba Congresso Odontol\u00f3gico da UEL<\/p>\n<\/div><\/details>\n<\/div>\n\n\n\n<div id=\"wp-block-themeisle-blocks-accordion-81435574\" class=\"wp-block-themeisle-blocks-accordion exclusive\">\n<details class=\"wp-block-themeisle-blocks-accordion-item\"><summary class=\"wp-block-themeisle-blocks-accordion-item__title\"><div><strong>2019<\/strong><\/div><\/summary><div class=\"wp-block-themeisle-blocks-accordion-item__content\">\n<p><strong><a href=\"https:\/\/www.archhealthinvestigation.com.br\/ArcHI\/article\/view\/4633\">Anais<\/a><\/strong> &#8211; 7\u00ba COUEL &#8211; Congresso Odontol\u00f3gico da UEL<\/p>\n<\/div><\/details>\n<\/div>\n","protected":false},"excerpt":{"rendered":"<p>Ebooks de Radiologia Odontol\u00f3gica (em breve tamb\u00e9m neste local)&#8230; Para consultas TCC e Artigos veja tamb\u00e9m: Reposit\u00f3rio UEL Abaixo, cole\u00e7\u00e3o de Anais dos Eventos Relacionados:<\/p>\n","protected":false},"author":6,"featured_media":0,"parent":0,"menu_order":0,"comment_status":"closed","ping_status":"closed","template":"","meta":{"_acf_changed":false,"_themeisle_gutenberg_block_has_review":false,"footnotes":""},"class_list":["post-37","page","type-page","status-publish","hentry"],"acf":[],"_links":{"self":[{"href":"https:\/\/departamentos.uel.br\/medicina-oral-e-odontologia-infantil\/wp-json\/wp\/v2\/pages\/37","targetHints":{"allow":["GET"]}}],"collection":[{"href":"https:\/\/departamentos.uel.br\/medicina-oral-e-odontologia-infantil\/wp-json\/wp\/v2\/pages"}],"about":[{"href":"https:\/\/departamentos.uel.br\/medicina-oral-e-odontologia-infantil\/wp-json\/wp\/v2\/types\/page"}],"author":[{"embeddable":true,"href":"https:\/\/departamentos.uel.br\/medicina-oral-e-odontologia-infantil\/wp-json\/wp\/v2\/users\/6"}],"replies":[{"embeddable":true,"href":"https:\/\/departamentos.uel.br\/medicina-oral-e-odontologia-infantil\/wp-json\/wp\/v2\/comments?post=37"}],"version-history":[{"count":17,"href":"https:\/\/departamentos.uel.br\/medicina-oral-e-odontologia-infantil\/wp-json\/wp\/v2\/pages\/37\/revisions"}],"predecessor-version":[{"id":214,"href":"https:\/\/departamentos.uel.br\/medicina-oral-e-odontologia-infantil\/wp-json\/wp\/v2\/pages\/37\/revisions\/214"}],"wp:attachment":[{"href":"https:\/\/departamentos.uel.br\/medicina-oral-e-odontologia-infantil\/wp-json\/wp\/v2\/media?parent=37"}],"curies":[{"name":"wp","href":"https:\/\/api.w.org\/{rel}","templated":true}]}}