{"id":55,"date":"2024-09-04T10:52:06","date_gmt":"2024-09-04T13:52:06","guid":{"rendered":"https:\/\/departamentos.uel.br\/matematica\/?page_id=55"},"modified":"2026-03-04T15:43:11","modified_gmt":"2026-03-04T18:43:11","slug":"contatos","status":"publish","type":"page","link":"https:\/\/departamentos.uel.br\/matematica\/contatos\/","title":{"rendered":"Contatos"},"content":{"rendered":"\n<p><strong>Chefe do Departamento<\/strong><br>Michele de Oliveira Alves<br>michelealves@uel.br<\/p>\n\n\n\n<p><strong>Vice-Chefe do Departamento<\/strong><br>Bruno Rodrigo Teixeira<br>bruno@uel.br<\/p>\n\n\n\n<p><strong>Coordena\u00e7\u00e3o do Colegiado<\/strong><br>Sandra Malta Barbosa<br>sbarbosa@uel.br<\/p>\n\n\n\n<p><strong>Vice-Coordena\u00e7\u00e3o do Colegiado<\/strong><br>Rodrigo Nunes Monteiro<br>monteirorn@uel.br<\/p>\n\n\n\n<p><strong>Coordena\u00e7\u00e3o de TCC<\/strong><\/p>\n\n\n\n<p><\/p>\n\n\n\n<p><strong>Coordena\u00e7\u00e3o de Est\u00e1gio<\/strong><br>Magna Natalia Marins Pires<br>magna@uel.br<\/p>\n\n\n\n<p><strong>Vice-Coordena\u00e7\u00e3o de Est\u00e1gio<\/strong><br>Neuza Teramon<br>nteramon@uel.br<\/p>\n\n\n\n<p><strong>Coordena\u00e7\u00e3o do PGMAC<\/strong><br>Paulo Laerte Natti<br>plnatti@uel.br<\/p>\n\n\n\n<p><strong>Vice-Coordena\u00e7\u00e3o do PGMAC<\/strong><br>Mariana Ragassi Urbano (Depto Estat\u00edstica)<br>mrurbano@uel.br<\/p>\n\n\n\n<p><strong>Coordena\u00e7\u00e3o do PECEM<\/strong><br>Pamela Emanueli Alves Ferreira<br>pam@uel.br<\/p>\n\n\n\n<p><strong>Vice-Coordena\u00e7\u00e3o do PECEM<\/strong><br>Andreia de Freitas Zompero (Depto de Biologia Geral)<br>andreiazomp@uel.br<\/p>\n\n\n\n<p><strong>Coordena\u00e7\u00e3o do PROFMAT<\/strong><br>Adeval Lino Ferreira<br>adeval@uel.br<\/p>\n\n\n\n<p><strong>Vice-Coordena\u00e7\u00e3o do PROFMAT<\/strong><br>Tulio Oliveira de Carvalho<br>tuliocarvalho@uel.br<\/p>\n\n\n\n<p><strong>Coordena\u00e7\u00e3o do PET<\/strong><br>Paulo Antonio Liboni Filho<br>liboni@uel.br<\/p>\n\n\n\n<p><strong>Coordena\u00e7\u00e3o da OBMEP<\/strong><br>Ana L\u00facia da Silva<br>analucia@uel.br<\/p>\n\n\n\n<p><strong>Coordena\u00e7\u00e3o de AEX<\/strong><br>Lourdes Maria Werle de Almeida<br>lourdes@uel.br<\/p>\n\n\n\n<p><strong>Suplente de AEX<\/strong><br>Aline Aparecida de Souza Le\u00e3o<br>aasleao@uel.br<br><\/p>\n\n\n\n<p><\/p>\n","protected":false},"excerpt":{"rendered":"<p>Chefe do DepartamentoMichele de Oliveira Alvesmichelealves@uel.br Vice-Chefe do DepartamentoBruno Rodrigo Teixeirabruno@uel.br Coordena\u00e7\u00e3o do ColegiadoSandra Malta Barbosasbarbosa@uel.br Vice-Coordena\u00e7\u00e3o do ColegiadoRodrigo Nunes Monteiromonteirorn@uel.br Coordena\u00e7\u00e3o de TCC Coordena\u00e7\u00e3o de Est\u00e1gioMagna Natalia Marins Piresmagna@uel.br Vice-Coordena\u00e7\u00e3o de Est\u00e1gioNeuza Teramonnteramon@uel.br Coordena\u00e7\u00e3o do PGMACPaulo Laerte Nattiplnatti@uel.br Vice-Coordena\u00e7\u00e3o do PGMACMariana Ragassi Urbano (Depto Estat\u00edstica)mrurbano@uel.br Coordena\u00e7\u00e3o do PECEMPamela Emanueli Alves Ferreirapam@uel.br Vice-Coordena\u00e7\u00e3o do PECEMAndreia [&hellip;]<\/p>\n","protected":false},"author":6,"featured_media":0,"parent":0,"menu_order":0,"comment_status":"closed","ping_status":"closed","template":"","meta":{"_acf_changed":false,"_themeisle_gutenberg_block_has_review":false,"footnotes":""},"class_list":["post-55","page","type-page","status-publish","hentry"],"acf":[],"_links":{"self":[{"href":"https:\/\/departamentos.uel.br\/matematica\/wp-json\/wp\/v2\/pages\/55","targetHints":{"allow":["GET"]}}],"collection":[{"href":"https:\/\/departamentos.uel.br\/matematica\/wp-json\/wp\/v2\/pages"}],"about":[{"href":"https:\/\/departamentos.uel.br\/matematica\/wp-json\/wp\/v2\/types\/page"}],"author":[{"embeddable":true,"href":"https:\/\/departamentos.uel.br\/matematica\/wp-json\/wp\/v2\/users\/6"}],"replies":[{"embeddable":true,"href":"https:\/\/departamentos.uel.br\/matematica\/wp-json\/wp\/v2\/comments?post=55"}],"version-history":[{"count":24,"href":"https:\/\/departamentos.uel.br\/matematica\/wp-json\/wp\/v2\/pages\/55\/revisions"}],"predecessor-version":[{"id":173,"href":"https:\/\/departamentos.uel.br\/matematica\/wp-json\/wp\/v2\/pages\/55\/revisions\/173"}],"wp:attachment":[{"href":"https:\/\/departamentos.uel.br\/matematica\/wp-json\/wp\/v2\/media?parent=55"}],"curies":[{"name":"wp","href":"https:\/\/api.w.org\/{rel}","templated":true}]}}