{"id":53,"date":"2024-09-04T10:51:53","date_gmt":"2024-09-04T13:51:53","guid":{"rendered":"https:\/\/departamentos.uel.br\/matematica\/?page_id=53"},"modified":"2024-09-04T11:27:32","modified_gmt":"2024-09-04T14:27:32","slug":"sobre-o-departamento","status":"publish","type":"page","link":"https:\/\/departamentos.uel.br\/matematica\/sobre-o-departamento\/","title":{"rendered":"Sobre o Departamento"},"content":{"rendered":"\n<p><strong>1970<\/strong>: 25-mar\u00e7o: A primeira reuni\u00e3o do Departamento de Matem\u00e1tica.\u00a0<\/p>\n\n\n\n<p><strong>1970<\/strong>: Foi criado o Curso de Licenciatura em Matem\u00e1tica que oferecia as disciplinas espec\u00edficas do curso, al\u00e9m das relacionadas com F\u00edsica, Desenho e as pedag\u00f3gicas.\u00a0<\/p>\n\n\n\n<p><strong>1970-1971<\/strong>: O Curso foi ofertado a noite no sistema seriado.\u00a0<\/p>\n\n\n\n<p><strong>1971, 07 de Outubro<\/strong>: A Institui\u00e7\u00e3o reconheceu oficialmente a cria\u00e7\u00e3o do Departamento de Matem\u00e1tica, Estat\u00edstica e Computa\u00e7\u00e3o.\u00a0<\/p>\n\n\n\n<p><strong>1972<\/strong>: O Curso passou a ser ofertado nos turnos vespertino e noturno.\u00a0<\/p>\n\n\n\n<p><strong>1973<\/strong>: O Curso passou a ser ofertado nos tr\u00eas per\u00edodos.\u00a0<\/p>\n\n\n\n<p><strong>1975, 2\u00b0 Semestre<\/strong>: O Curso passou a ser oferecido a tarde e a noite.\u00a0<\/p>\n\n\n\n<p><strong>1977-2010<\/strong>: O Curso vem sendo oferecido a noite, exceto em 1978.\u00a0<\/p>\n\n\n\n<p><strong>1983<\/strong>: Devido ao crescimento o Departamento se dividiu em Departamento de Matem\u00e1tica e Departamento de Matem\u00e1tica Aplicada.\u00a0<\/p>\n\n\n\n<p><strong>1994<\/strong>: Come\u00e7ou a oferta do Curso de Bacharelado em Matem\u00e1tica no per\u00edodo matutino.<\/p>\n\n\n\n<p>O Curso de Matem\u00e1tica \u2013 <strong>habilita\u00e7\u00e3o licenciatura<\/strong> \u2013 procura garantir que seus egressos tenham, entre outras qualifica\u00e7\u00f5es, uma s\u00f3lida forma\u00e7\u00e3o nas \u00e1reas de Matem\u00e1tica e Educa\u00e7\u00e3o Matem\u00e1tica. O egresso deve estar preparado para enfrentar os desafios das r\u00e1pidas transforma\u00e7\u00f5es da sociedade e das condi\u00e7\u00f5es de exerc\u00edcio profissional e possuir vis\u00e3o de seu papel social de educador al\u00e9m de possuir capacidade de se inserir em diversas realidades com sensibilidade para interpretar as a\u00e7\u00f5es dos educandos.<\/p>\n\n\n\n<p>O curso de Matem\u00e1tica \u2013 <strong>habilita\u00e7\u00e3o bacharelado<\/strong> \u2013 procura garantir que seus egressos tenham, entre outras qualifica\u00e7\u00f5es, uma forma\u00e7\u00e3o que os habilite a enfrentar os desafios das r\u00e1pidas transforma\u00e7\u00f5es da sociedade e das condi\u00e7\u00f5es de exerc\u00edcio profissional, al\u00e9m da capacidade de compreens\u00e3o e utiliza\u00e7\u00e3o dos conhecimentos matem\u00e1ticos e tamb\u00e9m estabelecer rela\u00e7\u00f5es entre a Matem\u00e1tica e outras \u00e1reas de conhecimento.<\/p>\n\n\n\n<p><\/p>\n","protected":false},"excerpt":{"rendered":"<p>1970: 25-mar\u00e7o: A primeira reuni\u00e3o do Departamento de Matem\u00e1tica.\u00a0 1970: Foi criado o Curso de Licenciatura em Matem\u00e1tica que oferecia as disciplinas espec\u00edficas do curso, al\u00e9m das relacionadas com F\u00edsica, Desenho e as pedag\u00f3gicas.\u00a0 1970-1971: O Curso foi ofertado a noite no sistema seriado.\u00a0 1971, 07 de Outubro: A Institui\u00e7\u00e3o reconheceu oficialmente a cria\u00e7\u00e3o do [&hellip;]<\/p>\n","protected":false},"author":6,"featured_media":0,"parent":0,"menu_order":0,"comment_status":"closed","ping_status":"closed","template":"","meta":{"_acf_changed":false,"_themeisle_gutenberg_block_has_review":false,"footnotes":""},"class_list":["post-53","page","type-page","status-publish","hentry"],"acf":[],"_links":{"self":[{"href":"https:\/\/departamentos.uel.br\/matematica\/wp-json\/wp\/v2\/pages\/53","targetHints":{"allow":["GET"]}}],"collection":[{"href":"https:\/\/departamentos.uel.br\/matematica\/wp-json\/wp\/v2\/pages"}],"about":[{"href":"https:\/\/departamentos.uel.br\/matematica\/wp-json\/wp\/v2\/types\/page"}],"author":[{"embeddable":true,"href":"https:\/\/departamentos.uel.br\/matematica\/wp-json\/wp\/v2\/users\/6"}],"replies":[{"embeddable":true,"href":"https:\/\/departamentos.uel.br\/matematica\/wp-json\/wp\/v2\/comments?post=53"}],"version-history":[{"count":8,"href":"https:\/\/departamentos.uel.br\/matematica\/wp-json\/wp\/v2\/pages\/53\/revisions"}],"predecessor-version":[{"id":73,"href":"https:\/\/departamentos.uel.br\/matematica\/wp-json\/wp\/v2\/pages\/53\/revisions\/73"}],"wp:attachment":[{"href":"https:\/\/departamentos.uel.br\/matematica\/wp-json\/wp\/v2\/media?parent=53"}],"curies":[{"name":"wp","href":"https:\/\/api.w.org\/{rel}","templated":true}]}}