{"id":48,"date":"2024-09-04T10:26:05","date_gmt":"2024-09-04T13:26:05","guid":{"rendered":"https:\/\/departamentos.uel.br\/matematica\/?page_id=48"},"modified":"2025-02-13T11:26:33","modified_gmt":"2025-02-13T14:26:33","slug":"eventos","status":"publish","type":"page","link":"https:\/\/departamentos.uel.br\/matematica\/eventos\/","title":{"rendered":"Eventos"},"content":{"rendered":"\n<div id=\"wp-block-themeisle-blocks-accordion-f47741a9\" class=\"wp-block-themeisle-blocks-accordion exclusive\">\n<details class=\"wp-block-themeisle-blocks-accordion-item\"><summary class=\"wp-block-themeisle-blocks-accordion-item__title\"><div><strong>2024<\/strong><\/div><\/summary><div class=\"wp-block-themeisle-blocks-accordion-item__content\">\n<p><strong>35\u00aa SEMANA DA MATEM\u00c1TICA DA UEL<\/strong><\/p>\n\n\n\n<p>Conhe\u00e7a a programa\u00e7\u00e3o,&nbsp;<strong><a href=\"https:\/\/sites.google.com\/uel.br\/35semat\/in%C3%ADcio?authuser=0\">clique aqui<\/a><\/strong>&nbsp;e participe.<\/p>\n<\/div><\/details>\n<\/div>\n\n\n\n<div id=\"wp-block-themeisle-blocks-accordion-a127be83\" class=\"wp-block-themeisle-blocks-accordion exclusive\">\n<details class=\"wp-block-themeisle-blocks-accordion-item\"><summary class=\"wp-block-themeisle-blocks-accordion-item__title\"><div><strong>2025<\/strong><\/div><\/summary><div class=\"wp-block-themeisle-blocks-accordion-item__content\">\n<p><strong>XXXVI SEMAT &#8211; Semana da Matem\u00e1tica da Universidade Estadual de Londrina: Educa\u00e7\u00e3o e Matem\u00e1tica para o nosso s\u00e9culo<\/strong><br><br>Confira a programa\u00e7\u00e3o em breve.<\/p>\n<\/div><\/details>\n<\/div>\n","protected":false},"excerpt":{"rendered":"","protected":false},"author":6,"featured_media":0,"parent":0,"menu_order":0,"comment_status":"closed","ping_status":"closed","template":"","meta":{"_acf_changed":false,"_themeisle_gutenberg_block_has_review":false,"footnotes":""},"class_list":["post-48","page","type-page","status-publish","hentry"],"acf":[],"_links":{"self":[{"href":"https:\/\/departamentos.uel.br\/matematica\/wp-json\/wp\/v2\/pages\/48","targetHints":{"allow":["GET"]}}],"collection":[{"href":"https:\/\/departamentos.uel.br\/matematica\/wp-json\/wp\/v2\/pages"}],"about":[{"href":"https:\/\/departamentos.uel.br\/matematica\/wp-json\/wp\/v2\/types\/page"}],"author":[{"embeddable":true,"href":"https:\/\/departamentos.uel.br\/matematica\/wp-json\/wp\/v2\/users\/6"}],"replies":[{"embeddable":true,"href":"https:\/\/departamentos.uel.br\/matematica\/wp-json\/wp\/v2\/comments?post=48"}],"version-history":[{"count":7,"href":"https:\/\/departamentos.uel.br\/matematica\/wp-json\/wp\/v2\/pages\/48\/revisions"}],"predecessor-version":[{"id":167,"href":"https:\/\/departamentos.uel.br\/matematica\/wp-json\/wp\/v2\/pages\/48\/revisions\/167"}],"wp:attachment":[{"href":"https:\/\/departamentos.uel.br\/matematica\/wp-json\/wp\/v2\/media?parent=48"}],"curies":[{"name":"wp","href":"https:\/\/api.w.org\/{rel}","templated":true}]}}