{"id":44,"date":"2024-09-04T10:25:36","date_gmt":"2024-09-04T13:25:36","guid":{"rendered":"https:\/\/departamentos.uel.br\/matematica\/?page_id=44"},"modified":"2024-09-19T10:52:41","modified_gmt":"2024-09-19T13:52:41","slug":"infraestrutura","status":"publish","type":"page","link":"https:\/\/departamentos.uel.br\/matematica\/infraestrutura\/","title":{"rendered":"Infraestrutura"},"content":{"rendered":"\n<p>O Departamento de Matem\u00e1tica faz parte da estrutura administrativa e f\u00edsica do Centro de Ci\u00eancias Exatas (CCE). <\/p>\n\n\n\n<iframe src=\"https:\/\/www.google.com\/maps\/embed?pb=!1m18!1m12!1m3!1d3663.6967394106687!2d-51.205029824834035!3d-23.326759353014978!2m3!1f0!2f0!3f0!3m2!1i1024!2i768!4f13.1!3m3!1m2!1s0x94eb5c9fa863555f%3A0xbb4f8a005396a8a!2sDepartamento%20de%20Matem%C3%A1tica!5e0!3m2!1spt-BR!2sbr!4v1725627303548!5m2!1spt-BR!2sbr\" width=\"1000\" height=\"600\" style=\"border:0;\" allowfullscreen=\"\" loading=\"lazy\" referrerpolicy=\"no-referrer-when-downgrade\"><\/iframe>\n","protected":false},"excerpt":{"rendered":"<p>O Departamento de Matem\u00e1tica faz parte da estrutura administrativa e f\u00edsica do Centro de Ci\u00eancias Exatas (CCE).<\/p>\n","protected":false},"author":6,"featured_media":0,"parent":0,"menu_order":0,"comment_status":"closed","ping_status":"closed","template":"","meta":{"_acf_changed":false,"_themeisle_gutenberg_block_has_review":false,"footnotes":""},"class_list":["post-44","page","type-page","status-publish","hentry"],"acf":[],"_links":{"self":[{"href":"https:\/\/departamentos.uel.br\/matematica\/wp-json\/wp\/v2\/pages\/44","targetHints":{"allow":["GET"]}}],"collection":[{"href":"https:\/\/departamentos.uel.br\/matematica\/wp-json\/wp\/v2\/pages"}],"about":[{"href":"https:\/\/departamentos.uel.br\/matematica\/wp-json\/wp\/v2\/types\/page"}],"author":[{"embeddable":true,"href":"https:\/\/departamentos.uel.br\/matematica\/wp-json\/wp\/v2\/users\/6"}],"replies":[{"embeddable":true,"href":"https:\/\/departamentos.uel.br\/matematica\/wp-json\/wp\/v2\/comments?post=44"}],"version-history":[{"count":5,"href":"https:\/\/departamentos.uel.br\/matematica\/wp-json\/wp\/v2\/pages\/44\/revisions"}],"predecessor-version":[{"id":156,"href":"https:\/\/departamentos.uel.br\/matematica\/wp-json\/wp\/v2\/pages\/44\/revisions\/156"}],"wp:attachment":[{"href":"https:\/\/departamentos.uel.br\/matematica\/wp-json\/wp\/v2\/media?parent=44"}],"curies":[{"name":"wp","href":"https:\/\/api.w.org\/{rel}","templated":true}]}}