{"id":118,"date":"2024-09-05T16:03:45","date_gmt":"2024-09-05T19:03:45","guid":{"rendered":"https:\/\/departamentos.uel.br\/matematica\/?page_id=118"},"modified":"2024-09-05T16:17:46","modified_gmt":"2024-09-05T19:17:46","slug":"links-importantes","status":"publish","type":"page","link":"https:\/\/departamentos.uel.br\/matematica\/links-importantes\/","title":{"rendered":"Links Importantes"},"content":{"rendered":"\n<p>Seguem links importantes da \u00e1rea:<\/p>\n\n\n\n<p class=\"has-medium-font-size\"><a href=\"https:\/\/www.gov.br\/cnpq\/pt-br\">CNPq<\/a><\/p>\n\n\n\n<p class=\"has-medium-font-size\"><a href=\"https:\/\/www.gov.br\/capes\/pt-br\">CAPES<\/a><\/p>\n\n\n\n<p class=\"has-medium-font-size\"><a href=\"http:\/\/www.uel.br\/programas\/petmat\/\">PET Matem\u00e1tica UEL<\/a><\/p>\n\n\n\n<p class=\"has-medium-font-size\"><a href=\"https:\/\/sbm.org.br\">SBM &#8211; Sociedade Brasileira de Matem\u00e1tica<\/a><\/p>\n\n\n\n<p class=\"has-medium-font-size\"><a href=\"https:\/\/www.sbembrasil.org.br\/sbembrasil\/\">SBEM &#8211; Sociedade Brasileira de Educa\u00e7\u00e3o Matem\u00e1tica<\/a><\/p>\n\n\n\n<p class=\"has-medium-font-size\"><a href=\"http:\/\/www.spm.uem.br\/spmatematica\/index.htm\">Sociedade Paranaense de Matem\u00e1tica<\/a><\/p>\n\n\n\n<p class=\"has-medium-font-size\"><\/p>\n\n\n\n<p><strong>Manual de Identidade Visual da UEL<\/strong><\/p>\n\n\n\n<p>Ao representar a Universidade Estadual de Londrina, utilize a&nbsp;<a href=\"https:\/\/portal.uel.br\/conheca-a-uel\/pages\/marca-e-logotipo.php\" target=\"_blank\" rel=\"noreferrer noopener\">logomarca da UEL<\/a>, conforme manual abaixo:<\/p>\n\n\n\n<div data-wp-interactive=\"core\/file\" class=\"wp-block-file\"><object data-wp-bind--hidden=\"!state.hasPdfPreview\" hidden class=\"wp-block-file__embed\" data=\"https:\/\/departamentos.uel.br\/matematica\/wp-content\/uploads\/2024\/09\/MANUAL_DE_IDENTIDADE_UEL_-_2019-1.pdf\" type=\"application\/pdf\" style=\"width:100%;height:600px\" aria-label=\"Incorporado de MANUAL_DE_IDENTIDADE_UEL_-_2019 (1).\"><\/object><a id=\"wp-block-file--media-b838016f-1706-4623-b0cf-7e9d358d659c\" href=\"https:\/\/departamentos.uel.br\/matematica\/wp-content\/uploads\/2024\/09\/MANUAL_DE_IDENTIDADE_UEL_-_2019-1.pdf\">MANUAL_DE_IDENTIDADE_UEL_-_2019 (1)<\/a><a href=\"https:\/\/departamentos.uel.br\/matematica\/wp-content\/uploads\/2024\/09\/MANUAL_DE_IDENTIDADE_UEL_-_2019-1.pdf\" class=\"wp-block-file__button wp-element-button\" download aria-describedby=\"wp-block-file--media-b838016f-1706-4623-b0cf-7e9d358d659c\">Baixar<\/a><\/div>\n\n\n\n<p class=\"has-medium-font-size\"><br><\/p>\n\n\n\n<p><\/p>\n","protected":false},"excerpt":{"rendered":"<p>Seguem links importantes da \u00e1rea: CNPq CAPES PET Matem\u00e1tica UEL SBM &#8211; Sociedade Brasileira de Matem\u00e1tica SBEM &#8211; Sociedade Brasileira de Educa\u00e7\u00e3o Matem\u00e1tica Sociedade Paranaense de Matem\u00e1tica Manual de Identidade Visual da UEL Ao representar a Universidade Estadual de Londrina, utilize a&nbsp;logomarca da UEL, conforme manual abaixo:<\/p>\n","protected":false},"author":6,"featured_media":0,"parent":0,"menu_order":0,"comment_status":"closed","ping_status":"closed","template":"","meta":{"_acf_changed":false,"_themeisle_gutenberg_block_has_review":false,"footnotes":""},"class_list":["post-118","page","type-page","status-publish","hentry"],"acf":[],"_links":{"self":[{"href":"https:\/\/departamentos.uel.br\/matematica\/wp-json\/wp\/v2\/pages\/118","targetHints":{"allow":["GET"]}}],"collection":[{"href":"https:\/\/departamentos.uel.br\/matematica\/wp-json\/wp\/v2\/pages"}],"about":[{"href":"https:\/\/departamentos.uel.br\/matematica\/wp-json\/wp\/v2\/types\/page"}],"author":[{"embeddable":true,"href":"https:\/\/departamentos.uel.br\/matematica\/wp-json\/wp\/v2\/users\/6"}],"replies":[{"embeddable":true,"href":"https:\/\/departamentos.uel.br\/matematica\/wp-json\/wp\/v2\/comments?post=118"}],"version-history":[{"count":6,"href":"https:\/\/departamentos.uel.br\/matematica\/wp-json\/wp\/v2\/pages\/118\/revisions"}],"predecessor-version":[{"id":127,"href":"https:\/\/departamentos.uel.br\/matematica\/wp-json\/wp\/v2\/pages\/118\/revisions\/127"}],"wp:attachment":[{"href":"https:\/\/departamentos.uel.br\/matematica\/wp-json\/wp\/v2\/media?parent=118"}],"curies":[{"name":"wp","href":"https:\/\/api.w.org\/{rel}","templated":true}]}}