{"id":312,"date":"2025-02-20T19:41:45","date_gmt":"2025-02-20T22:41:45","guid":{"rendered":"https:\/\/departamentos.uel.br\/letras-vernaculas-e-classicas\/?page_id=312"},"modified":"2025-02-20T19:41:45","modified_gmt":"2025-02-20T22:41:45","slug":"entrepaginas-literatura-e-afins","status":"publish","type":"page","link":"https:\/\/departamentos.uel.br\/letras-vernaculas-e-classicas\/entrepaginas-literatura-e-afins\/","title":{"rendered":"Entrep\u00e1ginas: literatura e afins"},"content":{"rendered":"\n<p><strong><a href=\"https:\/\/radio.uel.br\/programas\/coluna-entre-paginas\">Entrep\u00e1ginas: literatura e afins<\/a><\/strong>\u00a0te convida a passar a l\u00edngua a limpo nos mais variados tipos de texto. Sem preconceito. S\u00e3o os nossos afins: vamos enveredar pelos textos can\u00f4nicos, mas tamb\u00e9m pelos marginais. Pelos liter\u00e1rios e pelos comerciais, porque, afinal, a leitura vem pelo olhar, e olhar para as mais diversas fontes.<\/p>\n\n\n\n<p>E s\u00e3o esses afins a riqueza que propomos: como as leituras cruzam nosso cotidianos? Como a literatura, a poesia, os dramas e personagens est\u00e3o ao nosso lado sem que percebamos. E como existe muita pluralidade, n\u00e3o vamos nos prender a uma forma est\u00e1tica. Somos meio anarquistas nesse sentido.<\/p>\n\n\n\n<p>A vida \u00e9 breve e a coluna tem s\u00f3 5 minutos, ent\u00e3o,\u2026&nbsp;A proposta nasceu da vontade do Laborat\u00f3rio de Escrita Criativa de dividir com voc\u00ea um pouco das nossas reflex\u00f5es e viagens a respeito de leitura, literatura, escrita do texto liter\u00e1rio, etc, al\u00e9m do que j\u00e1 dividimos em oficinas, eventos, feira de livros etc.<\/p>\n\n\n\n<p>Estamos sempre abertos a sugest\u00f5es e dicas, e cr\u00edticas tamb\u00e9m, claro, que podem vir nos corredores da UEL, na p\u00e1gina www.facebook.com\/labescritacriativa\/ou em sinais convencionais de fuma\u00e7a.<\/p>\n\n\n\n<p><\/p>\n","protected":false},"excerpt":{"rendered":"<p>Entrep\u00e1ginas: literatura e afins\u00a0te convida a passar a l\u00edngua a limpo nos mais variados tipos de texto. Sem preconceito. S\u00e3o os nossos afins: vamos enveredar pelos textos can\u00f4nicos, mas tamb\u00e9m pelos marginais. Pelos liter\u00e1rios e pelos comerciais, porque, afinal, a leitura vem pelo olhar, e olhar para as mais diversas fontes. E s\u00e3o esses afins [&hellip;]<\/p>\n","protected":false},"author":8,"featured_media":0,"parent":0,"menu_order":0,"comment_status":"closed","ping_status":"closed","template":"","meta":{"_acf_changed":false,"_themeisle_gutenberg_block_has_review":false,"footnotes":""},"class_list":["post-312","page","type-page","status-publish","hentry"],"acf":[],"_links":{"self":[{"href":"https:\/\/departamentos.uel.br\/letras-vernaculas-e-classicas\/wp-json\/wp\/v2\/pages\/312","targetHints":{"allow":["GET"]}}],"collection":[{"href":"https:\/\/departamentos.uel.br\/letras-vernaculas-e-classicas\/wp-json\/wp\/v2\/pages"}],"about":[{"href":"https:\/\/departamentos.uel.br\/letras-vernaculas-e-classicas\/wp-json\/wp\/v2\/types\/page"}],"author":[{"embeddable":true,"href":"https:\/\/departamentos.uel.br\/letras-vernaculas-e-classicas\/wp-json\/wp\/v2\/users\/8"}],"replies":[{"embeddable":true,"href":"https:\/\/departamentos.uel.br\/letras-vernaculas-e-classicas\/wp-json\/wp\/v2\/comments?post=312"}],"version-history":[{"count":1,"href":"https:\/\/departamentos.uel.br\/letras-vernaculas-e-classicas\/wp-json\/wp\/v2\/pages\/312\/revisions"}],"predecessor-version":[{"id":313,"href":"https:\/\/departamentos.uel.br\/letras-vernaculas-e-classicas\/wp-json\/wp\/v2\/pages\/312\/revisions\/313"}],"wp:attachment":[{"href":"https:\/\/departamentos.uel.br\/letras-vernaculas-e-classicas\/wp-json\/wp\/v2\/media?parent=312"}],"curies":[{"name":"wp","href":"https:\/\/api.w.org\/{rel}","templated":true}]}}