{"id":259,"date":"2024-11-14T14:36:51","date_gmt":"2024-11-14T17:36:51","guid":{"rendered":"https:\/\/departamentos.uel.br\/letras-vernaculas-e-classicas\/?page_id=259"},"modified":"2025-02-24T17:08:06","modified_gmt":"2025-02-24T20:08:06","slug":"corpo-tecnico","status":"publish","type":"page","link":"https:\/\/departamentos.uel.br\/letras-vernaculas-e-classicas\/corpo-tecnico\/","title":{"rendered":"Corpo T\u00e9cnico"},"content":{"rendered":"\n<p><strong>Chefe&nbsp;<\/strong><strong>do Departamento<\/strong><br>Adilson dos Santos<br>adilson.santos@uel.br<\/p>\n\n\n\n<p><strong>Vice-Chefe do Departamento<\/strong><br>Marcelo Silveira<br>celosilveira@uel.br<\/p>\n\n\n\n<p><strong>Secret\u00e1ria do Departamento<\/strong><br>Patr\u00edcia de Souza L. Serrano<br>deptlet@uel.br<\/p>\n\n\n\n<p><strong>Coordenador de Colegiado<\/strong><br>Patr\u00edcia de Castro Santos<br>patriciacastro@uel.br<\/p>\n\n\n\n<p><strong>Vice-Coordenador de Colegiado<\/strong><br>Fl\u00e1vio Luis Freire Rodrigues<br>flaviofreire@uel.br<\/p>\n\n\n\n<p><\/p>\n","protected":false},"excerpt":{"rendered":"<p>Chefe&nbsp;do DepartamentoAdilson dos Santosadilson.santos@uel.br Vice-Chefe do DepartamentoMarcelo Silveiracelosilveira@uel.br Secret\u00e1ria do DepartamentoPatr\u00edcia de Souza L. Serranodeptlet@uel.br Coordenador de ColegiadoPatr\u00edcia de Castro Santospatriciacastro@uel.br Vice-Coordenador de ColegiadoFl\u00e1vio Luis Freire Rodriguesflaviofreire@uel.br<\/p>\n","protected":false},"author":6,"featured_media":0,"parent":0,"menu_order":0,"comment_status":"closed","ping_status":"closed","template":"","meta":{"_acf_changed":false,"_themeisle_gutenberg_block_has_review":false,"footnotes":""},"class_list":["post-259","page","type-page","status-publish","hentry"],"acf":[],"_links":{"self":[{"href":"https:\/\/departamentos.uel.br\/letras-vernaculas-e-classicas\/wp-json\/wp\/v2\/pages\/259","targetHints":{"allow":["GET"]}}],"collection":[{"href":"https:\/\/departamentos.uel.br\/letras-vernaculas-e-classicas\/wp-json\/wp\/v2\/pages"}],"about":[{"href":"https:\/\/departamentos.uel.br\/letras-vernaculas-e-classicas\/wp-json\/wp\/v2\/types\/page"}],"author":[{"embeddable":true,"href":"https:\/\/departamentos.uel.br\/letras-vernaculas-e-classicas\/wp-json\/wp\/v2\/users\/6"}],"replies":[{"embeddable":true,"href":"https:\/\/departamentos.uel.br\/letras-vernaculas-e-classicas\/wp-json\/wp\/v2\/comments?post=259"}],"version-history":[{"count":4,"href":"https:\/\/departamentos.uel.br\/letras-vernaculas-e-classicas\/wp-json\/wp\/v2\/pages\/259\/revisions"}],"predecessor-version":[{"id":285,"href":"https:\/\/departamentos.uel.br\/letras-vernaculas-e-classicas\/wp-json\/wp\/v2\/pages\/259\/revisions\/285"}],"wp:attachment":[{"href":"https:\/\/departamentos.uel.br\/letras-vernaculas-e-classicas\/wp-json\/wp\/v2\/media?parent=259"}],"curies":[{"name":"wp","href":"https:\/\/api.w.org\/{rel}","templated":true}]}}