{"id":247,"date":"2024-06-18T15:13:17","date_gmt":"2024-06-18T18:13:17","guid":{"rendered":"https:\/\/departamentos.uel.br\/letras-vernaculas-e-classicas\/?page_id=247"},"modified":"2024-06-18T15:13:17","modified_gmt":"2024-06-18T18:13:17","slug":"estagio-curricular-obrigatorio-de-letras-portugues","status":"publish","type":"page","link":"https:\/\/departamentos.uel.br\/letras-vernaculas-e-classicas\/estagio-curricular-obrigatorio-de-letras-portugues\/","title":{"rendered":"Est\u00e1gio Curricular Obrigat\u00f3rio de Letras-Portugu\u00eas"},"content":{"rendered":"","protected":false},"excerpt":{"rendered":"","protected":false},"author":10,"featured_media":0,"parent":0,"menu_order":0,"comment_status":"closed","ping_status":"closed","template":"","meta":{"_acf_changed":false,"_themeisle_gutenberg_block_has_review":false,"footnotes":""},"class_list":["post-247","page","type-page","status-publish","hentry"],"acf":[],"_links":{"self":[{"href":"https:\/\/departamentos.uel.br\/letras-vernaculas-e-classicas\/wp-json\/wp\/v2\/pages\/247","targetHints":{"allow":["GET"]}}],"collection":[{"href":"https:\/\/departamentos.uel.br\/letras-vernaculas-e-classicas\/wp-json\/wp\/v2\/pages"}],"about":[{"href":"https:\/\/departamentos.uel.br\/letras-vernaculas-e-classicas\/wp-json\/wp\/v2\/types\/page"}],"author":[{"embeddable":true,"href":"https:\/\/departamentos.uel.br\/letras-vernaculas-e-classicas\/wp-json\/wp\/v2\/users\/10"}],"replies":[{"embeddable":true,"href":"https:\/\/departamentos.uel.br\/letras-vernaculas-e-classicas\/wp-json\/wp\/v2\/comments?post=247"}],"version-history":[{"count":1,"href":"https:\/\/departamentos.uel.br\/letras-vernaculas-e-classicas\/wp-json\/wp\/v2\/pages\/247\/revisions"}],"predecessor-version":[{"id":248,"href":"https:\/\/departamentos.uel.br\/letras-vernaculas-e-classicas\/wp-json\/wp\/v2\/pages\/247\/revisions\/248"}],"wp:attachment":[{"href":"https:\/\/departamentos.uel.br\/letras-vernaculas-e-classicas\/wp-json\/wp\/v2\/media?parent=247"}],"curies":[{"name":"wp","href":"https:\/\/api.w.org\/{rel}","templated":true}]}}