{"id":42,"date":"2024-11-08T13:32:00","date_gmt":"2024-11-08T16:32:00","guid":{"rendered":"https:\/\/departamentos.uel.br\/letras-estrangeiras-modernas\/?page_id=42"},"modified":"2024-11-12T09:56:51","modified_gmt":"2024-11-12T12:56:51","slug":"corpo-tecnico","status":"publish","type":"page","link":"https:\/\/departamentos.uel.br\/letras-estrangeiras-modernas\/corpo-tecnico\/","title":{"rendered":"Corpo T\u00e9cnico"},"content":{"rendered":"\n<p><strong>Chefe do Departamento<\/strong><br>Tatiana Helena Carvalho Rios Ferreira<br>tatianarios@uel.br<\/p>\n\n\n\n<p><strong>Vice-Chefe do Departamento<\/strong><br>Jefferson Janu\u00e1rio dos Santos<br>jeffersonsantos@uel.br<\/p>\n\n\n\n<p><strong>Secretaria do Departamento<\/strong><br>Cl\u00e1udio dos Santos Felisberto<br>deptlem@uel.br<\/p>\n\n\n\n<p><strong>COMISS\u00c3O DE PESQUISA<\/strong>&nbsp;&nbsp;<\/p>\n\n\n\n<p>Juliana Reichert Assun\u00e7\u00e3o Tonelli (Coordenadora)&nbsp;&nbsp;<br>jtonelli@uel.br<\/p>\n\n\n\n<p>Adriana Aparecida de Figueiredo Fiuza<br>adrifiuza@uel.br<\/p>\n\n\n\n<p>Amanda Perez Montanez<br>montanez@uel.br&nbsp;&nbsp;<\/p>\n\n\n\n<p><strong>COMISS\u00c3O DE EXTENS\u00c3O<\/strong>&nbsp;&nbsp; &nbsp;<\/p>\n\n\n\n<p>M\u00e1rcia Rorato (Coordenadora)&nbsp;&nbsp; &nbsp;<br>rorato@uel.br<\/p>\n\n\n\n<p>Fernanda Machado Brener&nbsp;&nbsp;<br>fernandabrener@uel.br<\/p>\n\n\n\n<p>Denise Ismenia Bossa Grassano Ortenzi&nbsp;&nbsp;<br>denise@uel.br &nbsp; &nbsp;&nbsp;<\/p>\n\n\n\n<p><strong>COORDENA\u00c7\u00c3O DE EST\u00c1GIO<\/strong><\/p>\n\n\n\n<p>Jefferson Janu\u00e1rio dos Santos&nbsp;<br>jeffersonsantos@uel.br<\/p>\n\n\n\n<p><strong>COORDENA\u00c7\u00c3O DO MESTRADO PROFISSIONAL <\/strong><\/p>\n\n\n\n<p>Samantha Gon\u00e7alves Mancini Ramos<br>saramos@uel.br<\/p>\n\n\n\n<p>Jefferson Janu\u00e1rio dos Santos<br>jeffersonsantos@uel.br&nbsp;<\/p>\n\n\n\n<p><strong>COORDENA\u00c7\u00c3O DO CURSO DE ESPECIALIZA\u00c7\u00c3O EM ENSINO DE INGL\u00caS PARA CRIAN\u00c7AS (EAD)<\/strong>&nbsp;&nbsp;<\/p>\n\n\n\n<p>Juliana Reichert Assun\u00e7\u00e3o Tonelli (Coordenadora)&nbsp;<br>jtonelli@uel.br<\/p>\n\n\n\n<p><\/p>\n","protected":false},"excerpt":{"rendered":"<p>Chefe do DepartamentoTatiana Helena Carvalho Rios Ferreiratatianarios@uel.br Vice-Chefe do DepartamentoJefferson Janu\u00e1rio dos Santosjeffersonsantos@uel.br Secretaria do DepartamentoCl\u00e1udio dos Santos Felisbertodeptlem@uel.br COMISS\u00c3O DE PESQUISA&nbsp;&nbsp; Juliana Reichert Assun\u00e7\u00e3o Tonelli (Coordenadora)&nbsp;&nbsp;jtonelli@uel.br Adriana Aparecida de Figueiredo Fiuzaadrifiuza@uel.br Amanda Perez Montanezmontanez@uel.br&nbsp;&nbsp; COMISS\u00c3O DE EXTENS\u00c3O&nbsp;&nbsp; &nbsp; M\u00e1rcia Rorato (Coordenadora)&nbsp;&nbsp; &nbsp;rorato@uel.br Fernanda Machado Brener&nbsp;&nbsp;fernandabrener@uel.br Denise Ismenia Bossa Grassano Ortenzi&nbsp;&nbsp;denise@uel.br &nbsp; &nbsp;&nbsp; COORDENA\u00c7\u00c3O DE [&hellip;]<\/p>\n","protected":false},"author":6,"featured_media":0,"parent":0,"menu_order":0,"comment_status":"closed","ping_status":"closed","template":"","meta":{"_acf_changed":false,"_themeisle_gutenberg_block_has_review":false,"footnotes":""},"class_list":["post-42","page","type-page","status-publish","hentry"],"acf":[],"_links":{"self":[{"href":"https:\/\/departamentos.uel.br\/letras-estrangeiras-modernas\/wp-json\/wp\/v2\/pages\/42","targetHints":{"allow":["GET"]}}],"collection":[{"href":"https:\/\/departamentos.uel.br\/letras-estrangeiras-modernas\/wp-json\/wp\/v2\/pages"}],"about":[{"href":"https:\/\/departamentos.uel.br\/letras-estrangeiras-modernas\/wp-json\/wp\/v2\/types\/page"}],"author":[{"embeddable":true,"href":"https:\/\/departamentos.uel.br\/letras-estrangeiras-modernas\/wp-json\/wp\/v2\/users\/6"}],"replies":[{"embeddable":true,"href":"https:\/\/departamentos.uel.br\/letras-estrangeiras-modernas\/wp-json\/wp\/v2\/comments?post=42"}],"version-history":[{"count":6,"href":"https:\/\/departamentos.uel.br\/letras-estrangeiras-modernas\/wp-json\/wp\/v2\/pages\/42\/revisions"}],"predecessor-version":[{"id":116,"href":"https:\/\/departamentos.uel.br\/letras-estrangeiras-modernas\/wp-json\/wp\/v2\/pages\/42\/revisions\/116"}],"wp:attachment":[{"href":"https:\/\/departamentos.uel.br\/letras-estrangeiras-modernas\/wp-json\/wp\/v2\/media?parent=42"}],"curies":[{"name":"wp","href":"https:\/\/api.w.org\/{rel}","templated":true}]}}