{"id":38,"date":"2024-11-08T13:30:52","date_gmt":"2024-11-08T16:30:52","guid":{"rendered":"https:\/\/departamentos.uel.br\/letras-estrangeiras-modernas\/?page_id=38"},"modified":"2024-11-08T13:58:34","modified_gmt":"2024-11-08T16:58:34","slug":"sobre-o-departamento","status":"publish","type":"page","link":"https:\/\/departamentos.uel.br\/letras-estrangeiras-modernas\/sobre-o-departamento\/","title":{"rendered":"Sobre o Departamento"},"content":{"rendered":"\n<p>Bem-vindo ao <strong>Departamento de Letras Estrangeiras Modernas<\/strong> da UEL. <\/p>\n\n\n\n<p>Somos uma comunidade acad\u00eamica dedicada ao ensino, \u00e0 pesquisa e \u00e0 promo\u00e7\u00e3o das l\u00ednguas e culturas estrangeiras, oferecendo uma forma\u00e7\u00e3o human\u00edstica e interdisciplinar de excel\u00eancia.<\/p>\n\n\n\n<p>Acreditamos que o dom\u00ednio de uma l\u00edngua estrangeira vai al\u00e9m da simples comunica\u00e7\u00e3o, \u00e9 uma porta de entrada para novas formas de entender o mundo e para o desenvolvimento de compet\u00eancias interculturais essenciais no cen\u00e1rio global contempor\u00e2neo.<\/p>\n\n\n\n<p>Com um corpo docente altamente qualificado, composto por professores e pesquisadores comprometidos com o avan\u00e7o do conhecimento, nosso departamento se destaca pela integra\u00e7\u00e3o entre ensino, pesquisa e extens\u00e3o. <\/p>\n\n\n\n<p>Nossas iniciativas incluem projetos de pesquisa, grupos de estudo, que visam enriquecer a experi\u00eancia acad\u00eamica dos nossos alunos.<\/p>\n","protected":false},"excerpt":{"rendered":"<p>Bem-vindo ao Departamento de Letras Estrangeiras Modernas da UEL. Somos uma comunidade acad\u00eamica dedicada ao ensino, \u00e0 pesquisa e \u00e0 promo\u00e7\u00e3o das l\u00ednguas e culturas estrangeiras, oferecendo uma forma\u00e7\u00e3o human\u00edstica e interdisciplinar de excel\u00eancia. Acreditamos que o dom\u00ednio de uma l\u00edngua estrangeira vai al\u00e9m da simples comunica\u00e7\u00e3o, \u00e9 uma porta de entrada para novas formas [&hellip;]<\/p>\n","protected":false},"author":6,"featured_media":0,"parent":0,"menu_order":0,"comment_status":"closed","ping_status":"closed","template":"","meta":{"_acf_changed":false,"_themeisle_gutenberg_block_has_review":false,"footnotes":""},"class_list":["post-38","page","type-page","status-publish","hentry"],"acf":[],"_links":{"self":[{"href":"https:\/\/departamentos.uel.br\/letras-estrangeiras-modernas\/wp-json\/wp\/v2\/pages\/38","targetHints":{"allow":["GET"]}}],"collection":[{"href":"https:\/\/departamentos.uel.br\/letras-estrangeiras-modernas\/wp-json\/wp\/v2\/pages"}],"about":[{"href":"https:\/\/departamentos.uel.br\/letras-estrangeiras-modernas\/wp-json\/wp\/v2\/types\/page"}],"author":[{"embeddable":true,"href":"https:\/\/departamentos.uel.br\/letras-estrangeiras-modernas\/wp-json\/wp\/v2\/users\/6"}],"replies":[{"embeddable":true,"href":"https:\/\/departamentos.uel.br\/letras-estrangeiras-modernas\/wp-json\/wp\/v2\/comments?post=38"}],"version-history":[{"count":3,"href":"https:\/\/departamentos.uel.br\/letras-estrangeiras-modernas\/wp-json\/wp\/v2\/pages\/38\/revisions"}],"predecessor-version":[{"id":55,"href":"https:\/\/departamentos.uel.br\/letras-estrangeiras-modernas\/wp-json\/wp\/v2\/pages\/38\/revisions\/55"}],"wp:attachment":[{"href":"https:\/\/departamentos.uel.br\/letras-estrangeiras-modernas\/wp-json\/wp\/v2\/media?parent=38"}],"curies":[{"name":"wp","href":"https:\/\/api.w.org\/{rel}","templated":true}]}}