{"id":34,"date":"2024-11-08T13:26:16","date_gmt":"2024-11-08T16:26:16","guid":{"rendered":"https:\/\/departamentos.uel.br\/letras-estrangeiras-modernas\/?page_id=34"},"modified":"2024-11-08T15:28:50","modified_gmt":"2024-11-08T18:28:50","slug":"eventos","status":"publish","type":"page","link":"https:\/\/departamentos.uel.br\/letras-estrangeiras-modernas\/eventos\/","title":{"rendered":"Eventos"},"content":{"rendered":"\n<p class=\"has-medium-font-size\"><strong>2024<\/strong><\/p>\n\n\n\n<div id=\"wp-block-themeisle-blocks-accordion-512c9d28\" class=\"wp-block-themeisle-blocks-accordion exclusive\">\n<details class=\"wp-block-themeisle-blocks-accordion-item\"><summary class=\"wp-block-themeisle-blocks-accordion-item__title\"><div><strong>VI SIMP\u00d3SIO INTERNACIONAL DE MATIZES CULTURAIS<\/strong><br>Tradu\u00e7\u00e3o, fraseologia, lexicografia e ensino de l\u00ednguas estrangeiras adicionais.<br><strong>Per\u00edodo<\/strong>: de 1 a 29 de Novembro.<\/div><\/summary><div class=\"wp-block-themeisle-blocks-accordion-item__content\">\n<div class=\"wp-block-columns is-layout-flex wp-container-core-columns-is-layout-9d6595d7 wp-block-columns-is-layout-flex\">\n<div class=\"wp-block-column is-layout-flow wp-block-column-is-layout-flow\"><div class=\"wp-block-image\">\n<figure class=\"aligncenter size-full is-resized\"><img loading=\"lazy\" decoding=\"async\" width=\"399\" height=\"472\" src=\"https:\/\/departamentos.uel.br\/letras-estrangeiras-modernas\/wp-content\/uploads\/2024\/11\/CCH.png\" alt=\"\" class=\"wp-image-97\" style=\"width:303px;height:auto\" srcset=\"https:\/\/departamentos.uel.br\/letras-estrangeiras-modernas\/wp-content\/uploads\/2024\/11\/CCH.png 399w, https:\/\/departamentos.uel.br\/letras-estrangeiras-modernas\/wp-content\/uploads\/2024\/11\/CCH-254x300.png 254w\" sizes=\"auto, (max-width: 399px) 100vw, 399px\" \/><\/figure>\n<\/div><\/div>\n\n\n\n<div class=\"wp-block-column is-layout-flow wp-block-column-is-layout-flow\">\n<p>A <strong>programa\u00e7\u00e3o \u00e9 composta<\/strong> de quatro encontros online, que ser\u00e3o feitos via Google Meet. Ser\u00e3o duas mesas redondas, nos dias 1\u00ba e 8 de novembro, e duas sess\u00f5es de comunica\u00e7\u00e3o, com apresenta\u00e7\u00f5es de trabalhos de estudantes de p\u00f3s-gradua\u00e7\u00e3o, nos dias 22 e 29 de novembro. Todos as atividades ser\u00e3o das 13h45 \u00e0s 16h.\u00a0<\/p>\n<\/div>\n<\/div>\n<\/div><\/details>\n<\/div>\n","protected":false},"excerpt":{"rendered":"<p>2024<\/p>\n","protected":false},"author":6,"featured_media":0,"parent":0,"menu_order":0,"comment_status":"closed","ping_status":"closed","template":"","meta":{"_acf_changed":false,"_themeisle_gutenberg_block_has_review":false,"footnotes":""},"class_list":["post-34","page","type-page","status-publish","hentry"],"acf":[],"_links":{"self":[{"href":"https:\/\/departamentos.uel.br\/letras-estrangeiras-modernas\/wp-json\/wp\/v2\/pages\/34","targetHints":{"allow":["GET"]}}],"collection":[{"href":"https:\/\/departamentos.uel.br\/letras-estrangeiras-modernas\/wp-json\/wp\/v2\/pages"}],"about":[{"href":"https:\/\/departamentos.uel.br\/letras-estrangeiras-modernas\/wp-json\/wp\/v2\/types\/page"}],"author":[{"embeddable":true,"href":"https:\/\/departamentos.uel.br\/letras-estrangeiras-modernas\/wp-json\/wp\/v2\/users\/6"}],"replies":[{"embeddable":true,"href":"https:\/\/departamentos.uel.br\/letras-estrangeiras-modernas\/wp-json\/wp\/v2\/comments?post=34"}],"version-history":[{"count":9,"href":"https:\/\/departamentos.uel.br\/letras-estrangeiras-modernas\/wp-json\/wp\/v2\/pages\/34\/revisions"}],"predecessor-version":[{"id":204,"href":"https:\/\/departamentos.uel.br\/letras-estrangeiras-modernas\/wp-json\/wp\/v2\/pages\/34\/revisions\/204"}],"wp:attachment":[{"href":"https:\/\/departamentos.uel.br\/letras-estrangeiras-modernas\/wp-json\/wp\/v2\/media?parent=34"}],"curies":[{"name":"wp","href":"https:\/\/api.w.org\/{rel}","templated":true}]}}