{"id":118,"date":"2024-12-13T10:20:29","date_gmt":"2024-12-13T13:20:29","guid":{"rendered":"https:\/\/departamentos.uel.br\/letras-estrangeiras-modernas\/?page_id=118"},"modified":"2024-12-16T10:05:17","modified_gmt":"2024-12-16T13:05:17","slug":"sinopses","status":"publish","type":"page","link":"https:\/\/departamentos.uel.br\/letras-estrangeiras-modernas\/sinopses\/","title":{"rendered":"Sinopses"},"content":{"rendered":"\n<div id=\"wp-block-themeisle-blocks-accordion-958b1d9c\" class=\"wp-block-themeisle-blocks-accordion exclusive\">\n<details class=\"wp-block-themeisle-blocks-accordion-item\"><summary class=\"wp-block-themeisle-blocks-accordion-item__title\"><div><strong>Hist\u00f3ria, Pol\u00edticas e \u00c9tica<\/strong><br><strong>na \u00c1rea\u00a0Profissional da Linguagem<\/strong><br>Autora: Simone Reis<br>Editora:\u00a0EDUEL<br>1\u00aa edi\u00e7\u00e3o &#8211;\u00a0Ano: 2017<\/div><\/summary><div class=\"wp-block-themeisle-blocks-accordion-item__content\">\n<div class=\"wp-block-columns is-layout-flex wp-container-core-columns-is-layout-9d6595d7 wp-block-columns-is-layout-flex\">\n<div class=\"wp-block-column is-layout-flow wp-block-column-is-layout-flow\"><div class=\"wp-block-image\">\n<figure class=\"aligncenter size-full is-resized\"><img loading=\"lazy\" decoding=\"async\" width=\"183\" height=\"265\" src=\"https:\/\/departamentos.uel.br\/letras-estrangeiras-modernas\/wp-content\/uploads\/2024\/12\/Livro1.png\" alt=\"\" class=\"wp-image-122\" style=\"width:347px;height:auto\"\/><\/figure>\n<\/div><\/div>\n\n\n\n<div class=\"wp-block-column is-layout-flow wp-block-column-is-layout-flow\">\n<p><strong>Sinopse:&nbsp;<\/strong>Colet\u00e2nea que vem cobrir uma lacuna importante no campo de ensino de l\u00ednguas,&nbsp;como vem sendo concebida e praticada no Brasil. Assim, ele proporciona ao leitor uma s\u00e9rie de&nbsp;textos bem escritos e articulados que tratam, de modo aprofundado, sobre hist\u00f3ria, pol\u00edtica e \u00e9tica&nbsp;no ensino de l\u00ednguas. S\u00e3o&nbsp;temas que, embora estejam presentes no dia-a-dia da profiss\u00e3o docente,&nbsp;raramente s\u00e3o objetos de uma reflex\u00e3o sistem\u00e1tica. O livro traz ainda o texto da Carta de Londrina,&nbsp;produzido no primeiro forum da Profissionaliza\u00e7\u00e3o Docente, realizado em 29 e 30 de setembro de 2014,&nbsp;na Universidade Estadual de Londrina. \u00c9 uma leitura necess\u00e1ria e mais do que recomendada, n\u00e3o s\u00f3&nbsp;para os professores de linguas e demais profissionais da \u00e1rea, mas tamb\u00e9m para todo o p\u00fablico interessado.<\/p>\n<\/div>\n<\/div>\n<\/div><\/details>\n<\/div>\n\n\n\n<div id=\"wp-block-themeisle-blocks-accordion-ce1d0a9a\" class=\"wp-block-themeisle-blocks-accordion exclusive\">\n<details class=\"wp-block-themeisle-blocks-accordion-item\"><summary class=\"wp-block-themeisle-blocks-accordion-item__title\"><div><strong>Brasil e Fran\u00e7a<\/strong><br><strong>La\u00e7os Liter\u00e1rios<\/strong>\u00a0\u00a0<br>Autora: Laura Taddei Brandini<br>Editora: EDUEL<br>1\u00aa edi\u00e7\u00e3o &#8211;\u00a0Ano: 2015<\/div><\/summary><div class=\"wp-block-themeisle-blocks-accordion-item__content\">\n<div class=\"wp-block-columns is-layout-flex wp-container-core-columns-is-layout-9d6595d7 wp-block-columns-is-layout-flex\">\n<div class=\"wp-block-column is-layout-flow wp-block-column-is-layout-flow\"><div class=\"wp-block-image\">\n<figure class=\"aligncenter size-full is-resized\"><img loading=\"lazy\" decoding=\"async\" width=\"185\" height=\"264\" src=\"https:\/\/departamentos.uel.br\/letras-estrangeiras-modernas\/wp-content\/uploads\/2024\/12\/Livro2.png\" alt=\"\" class=\"wp-image-129\" style=\"width:307px;height:auto\"\/><\/figure>\n<\/div><\/div>\n\n\n\n<div class=\"wp-block-column is-layout-flow wp-block-column-is-layout-flow\">\n<p><strong>Sinopse:<\/strong>&nbsp;Os la\u00e7os que unem Brasil e Fran\u00e7a s\u00e3o longos e plurais e est\u00e3o aqui representados por an\u00e1lises comparativas de obras de escritores de ambos os pa\u00edses, situados nos s\u00e9culos XIX e XX, per\u00edodo de maior irradia\u00e7\u00e3o francesa no Brasil e de introdu\u00e7\u00e3o e desenvolvimento dos estudos brasileiros na Fran\u00e7a. Uma amostra da recente produ\u00e7\u00e3o universit\u00e1ria brasileira sobre o assunto, eis o que se oferece ao leitor interessado nos di\u00e1logos travados entre Machado de Assis, \u00c9mile Zola e Charles Nodier, Lima Barreto e Anatole France, Proust, Sartre e Antonio Candido, Guimar\u00e3es Rosa e a cr\u00edtica francesa, Roland Barthes e a cr\u00edtica brasileira, Hor\u00e1cio Costa, Ferreira Gullar, Ana Cristina C\u00e9sar e Mallarm\u00e9, Rodin e C\u00e9zanne, bem como Michel Butor e o Aleijadinho.<\/p>\n<\/div>\n<\/div>\n<\/div><\/details>\n<\/div>\n\n\n\n<div id=\"wp-block-themeisle-blocks-accordion-c77f932e\" class=\"wp-block-themeisle-blocks-accordion exclusive\">\n<details class=\"wp-block-themeisle-blocks-accordion-item\"><summary class=\"wp-block-themeisle-blocks-accordion-item__title\"><div><strong>Um (in)visible college na Am\u00e9rica Latina: Cec\u00edlia Meireles, Gabriela Mistral e Victoria Ocampo<\/strong><br>Autora:\u00a0Jacicarla Souza da Silva<br>Editora:\u00a0UNESP<br>1\u00aa edi\u00e7\u00e3o &#8211;\u00a0Ano: 2014<\/div><\/summary><div class=\"wp-block-themeisle-blocks-accordion-item__content\">\n<div class=\"wp-block-columns is-layout-flex wp-container-core-columns-is-layout-9d6595d7 wp-block-columns-is-layout-flex\">\n<div class=\"wp-block-column is-layout-flow wp-block-column-is-layout-flow\"><div class=\"wp-block-image\">\n<figure class=\"aligncenter size-full is-resized\"><img loading=\"lazy\" decoding=\"async\" width=\"185\" height=\"274\" src=\"https:\/\/departamentos.uel.br\/letras-estrangeiras-modernas\/wp-content\/uploads\/2024\/12\/Livro3.png\" alt=\"\" class=\"wp-image-135\" style=\"width:332px;height:auto\"\/><\/figure>\n<\/div><\/div>\n\n\n\n<div class=\"wp-block-column is-layout-flow wp-block-column-is-layout-flow\">\n<p><strong>Sinopse:<\/strong>&nbsp;A autora analisa a atua\u00e7\u00e3o de tr\u00eas importantes poetisas e escritoras latino-americanas &#8211; a brasileira Cec\u00edlia Meireles (1901-1964), a chilena Gabriela Mistral (1889-1957) e a argentina Victoria Ocampo (1890-1979) &#8211; dentro do cen\u00e1rio cultural e liter\u00e1rio do subcontinente durante as primeiras d\u00e9cadas do s\u00e9culo 20, quando elas estabeleceram uma rede de contatos intelectuais e pessoais, principalmente atrav\u00e9s de cartas. Esta rela\u00e7\u00e3o acabaria favorecendo uma atitude de reflex\u00e3o acerca da pr\u00f3pria condi\u00e7\u00e3o a que elas estavam, uma esp\u00e9cie de invisible college, como classificou a pesquisadora Ana Pizarro, o livro discute o di\u00e1logo estabelecido entre elas em torno especialmente da concep\u00e7\u00e3o de &#8220;americanidade&#8221;, tendo como subsidio as suas pr\u00f3prias produ\u00e7\u00f5es ensa\u00edstica e liter\u00e1ria, como tamb\u00e9m as correspond\u00eancias que elas trocaram com o escritor mexicano Alfonso Reyes (1889-1959). A pesquisa tamb\u00e9m procura detectar at\u00e9 que ponto a postura intelectual dessas mulheres compactua com as suas respectivas atividades liter\u00e1rias.<\/p>\n<\/div>\n<\/div>\n<\/div><\/details>\n<\/div>\n\n\n\n<div id=\"wp-block-themeisle-blocks-accordion-5883a5ce\" class=\"wp-block-themeisle-blocks-accordion exclusive\">\n<details class=\"wp-block-themeisle-blocks-accordion-item\"><summary class=\"wp-block-themeisle-blocks-accordion-item__title\"><div><strong>Vozes do ex\u00edlio e suas manifesta\u00e7\u00f5es nas<\/strong><br><strong>narrativas de Julio Cort\u00e1zar e Marta Traba<\/strong>\u00a0<br>\u00a0Autora:\u00a0Amanda P\u00e9rez Monta\u00f1\u00e9z<br>Editora:\u00a0EDUEL<br>1\u00aa edi\u00e7\u00e3o &#8211;\u00a0Ano: 2013<\/div><\/summary><div class=\"wp-block-themeisle-blocks-accordion-item__content\">\n<div class=\"wp-block-columns is-layout-flex wp-container-core-columns-is-layout-9d6595d7 wp-block-columns-is-layout-flex\">\n<div class=\"wp-block-column is-layout-flow wp-block-column-is-layout-flow\"><div class=\"wp-block-image\">\n<figure class=\"aligncenter size-full is-resized\"><img loading=\"lazy\" decoding=\"async\" width=\"187\" height=\"262\" src=\"https:\/\/departamentos.uel.br\/letras-estrangeiras-modernas\/wp-content\/uploads\/2024\/12\/Livro4.png\" alt=\"\" class=\"wp-image-141\" style=\"width:313px;height:auto\"\/><\/figure>\n<\/div><\/div>\n\n\n\n<div class=\"wp-block-column is-layout-flow wp-block-column-is-layout-flow\">\n<p><strong>Sinopse:<\/strong>&nbsp;Neste estudo, a autora partiu \u201cde um modelo expositivo que vai do geral \u2013 o estudo do conceito de ex\u00edlio e suas tens\u00f5es e antinomias na modernidade \u2013 para o particular: a manifesta\u00e7\u00e3o dessas tens\u00f5es nas viv\u00eancias e narrativas de Julio Cort\u00e1zar e Marta Traba, em confronto com as experi\u00eancias de outros escritores latino-americanos, quase todos exilados, como: David Vi\u00f1as, Oscar Collazos, Liliana Heker, Angel Rama, entre outros, ressaltando aqueles textos em que tais escritores apresentam as pol\u00eamicas, viv\u00eancias, contradi\u00e7\u00f5es e armadilhas da experi\u00eancia do ex\u00edlio\u201d.<\/p>\n<\/div>\n<\/div>\n<\/div><\/details>\n<\/div>\n\n\n\n<div id=\"wp-block-themeisle-blocks-accordion-753b9401\" class=\"wp-block-themeisle-blocks-accordion exclusive\">\n<details class=\"wp-block-themeisle-blocks-accordion-item\"><summary class=\"wp-block-themeisle-blocks-accordion-item__title\"><div><strong>Incesto Em Juan Rulfo &#8211; Freud, Levi-Strauss<\/strong><br><strong>e as Teorias Feministas<\/strong>\u00a0<br>\u00a0Autor: Gustavo Javier Figliolo<br>Editora:\u00a0APPRIS<br>1\u00aa edi\u00e7\u00e3o &#8211;\u00a0Ano: 2013<\/div><\/summary><div class=\"wp-block-themeisle-blocks-accordion-item__content\">\n<div class=\"wp-block-columns is-layout-flex wp-container-core-columns-is-layout-9d6595d7 wp-block-columns-is-layout-flex\">\n<div class=\"wp-block-column is-layout-flow wp-block-column-is-layout-flow\"><div class=\"wp-block-image\">\n<figure class=\"aligncenter size-full is-resized\"><img loading=\"lazy\" decoding=\"async\" width=\"185\" height=\"267\" src=\"https:\/\/departamentos.uel.br\/letras-estrangeiras-modernas\/wp-content\/uploads\/2024\/12\/Livro5.png\" alt=\"\" class=\"wp-image-153\" style=\"width:297px;height:auto\"\/><\/figure>\n<\/div><\/div>\n\n\n\n<div class=\"wp-block-column is-layout-flow wp-block-column-is-layout-flow\">\n<p><strong>Sinopse:<\/strong>&nbsp;Este texto tem por objetivo analisar a obra de Juan Rulfo atrav\u00e9s de uma leitura cr\u00edtica para com as tem\u00e1ticas de incesto e patriarcalismo contidas nele. Visivelmente, o incesto ocupa um lugar central na obra do escritor, de m\u00e3os dadas com a ideia de pecado e do sentimento de culpa, imagem carregada de uma densa atmosfera religiosa-espiritual. Da mesma forma, temos a imagem do patriarca a ser obedecido, como regulador de um sistema social universal e hegem\u00f4nico. Para tanto, ser\u00e1 analisada a estil\u00edstica de Juan Rulfo, cuja sem\u00e2ntica ideol\u00f3gica forja a narrativa de sua Jalisco natal. O embasamento te\u00f3rico est\u00e1 dado pelas teorias de Freud e L\u00e9vi-Strauss a respeito do incesto, contestadas pelas Teorias Feministas p\u00f3s-estruturalistas com base em algumas ideias de Michel Foucault e Jacques Lacan.<\/p>\n<\/div>\n<\/div>\n<\/div><\/details>\n<\/div>\n\n\n\n<div id=\"wp-block-themeisle-blocks-accordion-9269416b\" class=\"wp-block-themeisle-blocks-accordion exclusive\">\n<details class=\"wp-block-themeisle-blocks-accordion-item\"><summary class=\"wp-block-themeisle-blocks-accordion-item__title\"><div><strong>Ensino de L\u00edngua Estrangeira para Crian\u00e7as:<\/strong><br><strong>O Ensino e a Forma\u00e7\u00e3o em Foco<\/strong>\u00a0<br>Autores:\u00a0Juliana Reichert Assun\u00e7\u00e3o Tonelli;<br>Jonathas de Paula Chaguri<br>Editora:\u00a0APPRIS<br>1\u00aa edi\u00e7\u00e3o &#8211;\u00a0Ano: 2012<br>2\u00aa edi\u00e7\u00e3o &#8211;\u00a0Ano: 2012<\/div><\/summary><div class=\"wp-block-themeisle-blocks-accordion-item__content\">\n<div class=\"wp-block-columns is-layout-flex wp-container-core-columns-is-layout-9d6595d7 wp-block-columns-is-layout-flex\">\n<div class=\"wp-block-column is-layout-flow wp-block-column-is-layout-flow\"><div class=\"wp-block-image\">\n<figure class=\"aligncenter size-full is-resized\"><img loading=\"lazy\" decoding=\"async\" width=\"186\" height=\"250\" src=\"https:\/\/departamentos.uel.br\/letras-estrangeiras-modernas\/wp-content\/uploads\/2024\/12\/Livro6.png\" alt=\"\" class=\"wp-image-156\" style=\"width:360px;height:auto\"\/><\/figure>\n<\/div><\/div>\n\n\n\n<div class=\"wp-block-column is-layout-flow wp-block-column-is-layout-flow\">\n<p><strong>Sinopse:<\/strong>&nbsp;Esta obra busca cobrir uma demanda crescente em nosso pa\u00eds: a compila\u00e7\u00e3o de estudos emp\u00edricos acerca do ensino-aprendizagem e da forma\u00e7\u00e3o docente de l\u00ednguas estrangeiras para crian\u00e7as. Os autores colaboradores trazem os resultados de pesquisas realizadas e de suas pr\u00e1ticas enquanto professores que atuam nesse campo de ensino. A obra traz cerca de nove cap\u00edtulos que problematizam o ensino de ingl\u00eas, espanhol e portugu\u00eas para estrangeiros para crian\u00e7as, al\u00e9m de um trabalho que discute a falta de pol\u00edticas p\u00fablicas para o trabalho com crian\u00e7as aprendizes de outras l\u00ednguas. O grupo de autores e avaliadores \u00e9 composto por grandes nomes da \u00e1rea da lingu\u00edstica aplicada no Brasil.<\/p>\n<\/div>\n<\/div>\n<\/div><\/details>\n<\/div>\n\n\n\n<div id=\"wp-block-themeisle-blocks-accordion-811e26bc\" class=\"wp-block-themeisle-blocks-accordion exclusive\">\n<details class=\"wp-block-themeisle-blocks-accordion-item\"><summary class=\"wp-block-themeisle-blocks-accordion-item__title\"><div><strong>Tessituras Te\u00f3rico-Metodol\u00f3gicas sobre o Ensino e a Aprendizagem de L\u00ednguas Estrangeiras: Conjuga\u00e7\u00e3o entre Saberes e Fazeres.<\/strong><br>Autoras:\u00a0Claudia Cristina Ferreira;\u00a0<br>Marta A. de O. Balbino dos Reis;<br>Silvana Salino Ramos Lopes;<br>S\u00f4nia Regina Nogueira<br>Editora:\u00a0UEL\u00a0<br>1\u00aa edi\u00e7\u00e3o &#8211;\u00a0Ano: 2012<\/div><\/summary><div class=\"wp-block-themeisle-blocks-accordion-item__content\">\n<div class=\"wp-block-columns is-layout-flex wp-container-core-columns-is-layout-9d6595d7 wp-block-columns-is-layout-flex\">\n<div class=\"wp-block-column is-layout-flow wp-block-column-is-layout-flow\"><div class=\"wp-block-image\">\n<figure class=\"aligncenter size-full is-resized\"><img loading=\"lazy\" decoding=\"async\" width=\"185\" height=\"245\" src=\"https:\/\/departamentos.uel.br\/letras-estrangeiras-modernas\/wp-content\/uploads\/2024\/12\/Livro10.png\" alt=\"\" class=\"wp-image-194\" style=\"width:307px;height:auto\"\/><\/figure>\n<\/div><\/div>\n\n\n\n<div class=\"wp-block-column is-layout-flow wp-block-column-is-layout-flow\">\n<p><strong>Sinopse:&nbsp;<\/strong>Tessituras te\u00f3rico-metodol\u00f3gicas sobre o ensino e a aprendizagem de l\u00ednguas estrangeiras: conjuga\u00e7\u00e3o entre saberes e fazeres, livro organizado por Claudia Cristina Ferreira, Silvana Salino Ramos, Marta A. de O. Balbino dos Reis e S\u00f4nia Regina Nogueira, \u00e9 leitura \u00fatil \u00e0queles que se dedicam ao ensino e \u00e0 aprendizagem de l\u00ednguas estrangeiras (alunos, alunos-professores e professores da gradua\u00e7\u00e3o e p\u00f3s-gradua\u00e7\u00e3o). Alguns temas aqui tratados podem interessar, tamb\u00e9m, a profissionais de outras \u00e1reas como Lexicografia e, como bem lembrou John Robert Schmitz em sua apresenta\u00e7\u00e3o de Reflex\u00f5es sobre o ensino das L\u00ednguas Estrangeiras, Literatura, Lingu\u00edstica, Educa\u00e7\u00e3o, Did\u00e1tica, entre outras.<\/p>\n<\/div>\n<\/div>\n<\/div><\/details>\n<\/div>\n\n\n\n<div id=\"wp-block-themeisle-blocks-accordion-ff9dba63\" class=\"wp-block-themeisle-blocks-accordion exclusive\">\n<details class=\"wp-block-themeisle-blocks-accordion-item\"><summary class=\"wp-block-themeisle-blocks-accordion-item__title\"><div><strong>A L\u00edngua Inglesa na \u00c1frica<\/strong><br><strong>Opress\u00e3o, Negocia\u00e7\u00e3o, Resist\u00eancia<\/strong>\u00a0<br>Autora:\u00a0\u00c2ngela Lamas Rodrigues<br>Editora:\u00a0UNICAMP<br>1\u00aa edi\u00e7\u00e3o &#8211;\u00a0Ano: 2011<\/div><\/summary><div class=\"wp-block-themeisle-blocks-accordion-item__content\">\n<div class=\"wp-block-columns is-layout-flex wp-container-core-columns-is-layout-9d6595d7 wp-block-columns-is-layout-flex\">\n<div class=\"wp-block-column is-layout-flow wp-block-column-is-layout-flow\"><div class=\"wp-block-image\">\n<figure class=\"aligncenter size-full is-resized\"><img loading=\"lazy\" decoding=\"async\" width=\"184\" height=\"292\" src=\"https:\/\/departamentos.uel.br\/letras-estrangeiras-modernas\/wp-content\/uploads\/2024\/12\/Livro7.png\" alt=\"\" class=\"wp-image-162\" style=\"width:331px;height:auto\"\/><\/figure>\n<\/div><\/div>\n\n\n\n<div class=\"wp-block-column is-layout-flow wp-block-column-is-layout-flow\">\n<p><strong>Sinopse:&nbsp;<\/strong>O livro elucida aspectos fundamentais da hist\u00f3ria da l\u00edngua inglesa no continente africano, uma hist\u00f3ria do passado que se reafirma no presente, quando a l\u00edngua inglesa, \u00e9 fortalecida no p\u00f3s-independ\u00eancia das col\u00f4nias e dos protetorados, ao ganhar o&nbsp;status&nbsp;de l\u00edngua oficial. Partindo da desconstru\u00e7\u00e3o de um conceito estereotipado de \u00c1frica, a autora explica que as reflex\u00f5es apresentadas neste livro &#8220;s\u00e3o norteadas por uma \u00e9tica ligada \u00e0 subvers\u00e3o de discursos que inventaram uma \u00c1frica d\u00e9bil e servil, mais especificamente de um discurso que infere a inevit\u00e1vel superioridade da l\u00edngua inglesa em rela\u00e7\u00e3o \u00e0s l\u00ednguas africanas aut\u00f3ctones&#8221;. Em contrapartida, a l\u00edngua inglesa na \u00c1frica&nbsp;ressalta a import\u00e2ncia social e pol\u00edtica das l\u00ednguas africanas, sobretudo no contexto educacional dos pa\u00edses africanos ditos angl\u00f3fonos. A autora re\u00fane os mais importantes te\u00f3ricos africanos sobre a quest\u00e3o lingu\u00edstica no continente, tecendo, assim, um di\u00e1logo produtivo e questionador. Este \u00e9, por fim, um livro bem articulado: leitura essencial para aqueles que estudam a \u00c1frica no Brasil.<\/p>\n<\/div>\n<\/div>\n<\/div><\/details>\n<\/div>\n\n\n\n<div id=\"wp-block-themeisle-blocks-accordion-b40fd7c6\" class=\"wp-block-themeisle-blocks-accordion exclusive\">\n<details class=\"wp-block-themeisle-blocks-accordion-item\"><summary class=\"wp-block-themeisle-blocks-accordion-item__title\"><div><strong>Connecting Ide@s:\u00a0Tools for Teaching<\/strong><br><strong>English in a Contemporary Society<\/strong>\u00a0<br>Autores:\u00a0Eliane Segatti Rios Registro;<br>Lucas Moreira dos Anjos Santos;<br>Michele Salles El Kadri;<br>Raquel Gamero;<br>Vera L\u00facia Lopes Cristov\u00e3o<br>Editora: UEL &#8211;\u00a01\u00aa edi\u00e7\u00e3o &#8211;\u00a0Ano: 2011<\/div><\/summary><div class=\"wp-block-themeisle-blocks-accordion-item__content\">\n<div class=\"wp-block-columns is-layout-flex wp-container-core-columns-is-layout-9d6595d7 wp-block-columns-is-layout-flex\">\n<div class=\"wp-block-column is-layout-flow wp-block-column-is-layout-flow\"><div class=\"wp-block-image\">\n<figure class=\"aligncenter size-full is-resized\"><img loading=\"lazy\" decoding=\"async\" width=\"185\" height=\"257\" src=\"https:\/\/departamentos.uel.br\/letras-estrangeiras-modernas\/wp-content\/uploads\/2024\/12\/Livro8.png\" alt=\"\" class=\"wp-image-180\" style=\"width:296px;height:auto\"\/><\/figure>\n<\/div><\/div>\n\n\n\n<div class=\"wp-block-column is-layout-flow wp-block-column-is-layout-flow\">\n<p><strong>Sinopse:&nbsp;<\/strong>Material elaborado pela equipe respons\u00e1vel pelos cursos ofertados para professores de ingl\u00eas da rede p\u00fablica, via Projeto Novos Talentos, financiado pela CAPES. Provavelmente n\u00e3o existem temas t\u00e3o atuais quanto l\u00edngua inglesa e tecnologia no contexto de um mundo interconectado. A iniciativa de produ\u00e7\u00e3o deste material, no contexto do Programa Novos Talentos, financiado pela CAPES, busca contribuir para uma pol\u00edtica de forma\u00e7\u00e3o dos profissionais da educa\u00e7\u00e3o que lidam com o ensino de ingl\u00eas. Visando a subsidiar um curso para professores, os autores do &#8220;Connecting Ide@s&#8221; apresentam referenciais te\u00f3ricos e atividades pr\u00e1ticas que podem viabilizar o aprendizado de g\u00eaneros digitais por estudantes, tornando significativo o aprendizado de uma l\u00edngua que se torna cada vez mais fundamental para a cidadania planet\u00e1ria (Telma Gimenez).<\/p>\n<\/div>\n<\/div>\n<\/div><\/details>\n<\/div>\n\n\n\n<div id=\"wp-block-themeisle-blocks-accordion-b5edd4b5\" class=\"wp-block-themeisle-blocks-accordion exclusive\">\n<details class=\"wp-block-themeisle-blocks-accordion-item\"><summary class=\"wp-block-themeisle-blocks-accordion-item__title\"><div><strong>Interl\u00edngua Oral e L\u00e9xico de Brasileiros<\/strong><br><strong>Aprendizes de Espanhol<\/strong>\u00a0<br>Autor:\u00a0Ot\u00e1vio Goes de Andrade<br>Editora: EDUEL<br>1\u00aa edi\u00e7\u00e3o &#8211;\u00a0Ano: 2011<\/div><\/summary><div class=\"wp-block-themeisle-blocks-accordion-item__content\">\n<div class=\"wp-block-columns is-layout-flex wp-container-core-columns-is-layout-9d6595d7 wp-block-columns-is-layout-flex\">\n<div class=\"wp-block-column is-layout-flow wp-block-column-is-layout-flow\"><div class=\"wp-block-image\">\n<figure class=\"aligncenter size-full is-resized\"><img loading=\"lazy\" decoding=\"async\" width=\"183\" height=\"250\" src=\"https:\/\/departamentos.uel.br\/letras-estrangeiras-modernas\/wp-content\/uploads\/2024\/12\/Livro9.png\" alt=\"\" class=\"wp-image-187\" style=\"width:300px;height:auto\"\/><\/figure>\n<\/div><\/div>\n\n\n\n<div class=\"wp-block-column is-layout-flow wp-block-column-is-layout-flow\">\n<p><strong>Sinopse:&nbsp;<\/strong>A obra visa o estudo da interl\u00edngua oral por universit\u00e1rios brasileiros aprendizes de espanhol. Amparado pelos pressupostos da Lingu\u00edstica Contrastativa e pelas suas interfaces com outras \u00e1reas do saber, seu objetivo \u00e9 levantar, descrever e analisar os desvios l\u00e9xico-sem\u00e2nticos pr\u00f3prios da modalidade oral com o intuito de evidenciar quais s\u00e3o os recursos utilizados pelos aprendizes para suprirem suas necessidades l\u00e9xicas.<\/p>\n<\/div>\n<\/div>\n<\/div><\/details>\n<\/div>\n\n\n\n<p><\/p>\n","protected":false},"excerpt":{"rendered":"","protected":false},"author":6,"featured_media":0,"parent":0,"menu_order":0,"comment_status":"closed","ping_status":"closed","template":"","meta":{"_acf_changed":false,"_themeisle_gutenberg_block_has_review":false,"footnotes":""},"class_list":["post-118","page","type-page","status-publish","hentry"],"acf":[],"_links":{"self":[{"href":"https:\/\/departamentos.uel.br\/letras-estrangeiras-modernas\/wp-json\/wp\/v2\/pages\/118","targetHints":{"allow":["GET"]}}],"collection":[{"href":"https:\/\/departamentos.uel.br\/letras-estrangeiras-modernas\/wp-json\/wp\/v2\/pages"}],"about":[{"href":"https:\/\/departamentos.uel.br\/letras-estrangeiras-modernas\/wp-json\/wp\/v2\/types\/page"}],"author":[{"embeddable":true,"href":"https:\/\/departamentos.uel.br\/letras-estrangeiras-modernas\/wp-json\/wp\/v2\/users\/6"}],"replies":[{"embeddable":true,"href":"https:\/\/departamentos.uel.br\/letras-estrangeiras-modernas\/wp-json\/wp\/v2\/comments?post=118"}],"version-history":[{"count":39,"href":"https:\/\/departamentos.uel.br\/letras-estrangeiras-modernas\/wp-json\/wp\/v2\/pages\/118\/revisions"}],"predecessor-version":[{"id":203,"href":"https:\/\/departamentos.uel.br\/letras-estrangeiras-modernas\/wp-json\/wp\/v2\/pages\/118\/revisions\/203"}],"wp:attachment":[{"href":"https:\/\/departamentos.uel.br\/letras-estrangeiras-modernas\/wp-json\/wp\/v2\/media?parent=118"}],"curies":[{"name":"wp","href":"https:\/\/api.w.org\/{rel}","templated":true}]}}