{"id":523,"date":"2024-11-08T16:02:58","date_gmt":"2024-11-08T19:02:58","guid":{"rendered":"https:\/\/departamentos.uel.br\/historia\/?page_id=523"},"modified":"2024-11-11T10:30:15","modified_gmt":"2024-11-11T13:30:15","slug":"links-importantes","status":"publish","type":"page","link":"https:\/\/departamentos.uel.br\/historia\/links-importantes\/","title":{"rendered":"Links Importantes"},"content":{"rendered":"\n<h4 class=\"wp-block-heading\">Seguem links importantes da \u00e1rea:<br><br><a href=\"https:\/\/www.gov.br\/cnpq\/pt-br\"><\/a><a href=\"https:\/\/www.gov.br\/cnpq\/pt-br\">CNPq<\/a><\/h4>\n\n\n\n<p><a href=\"https:\/\/www.gov.br\/capes\/pt-br\"><strong>CAPES<\/strong><\/a><\/p>\n\n\n\n<p><a href=\"https:\/\/www.cultura.pr.gov.br\/Pagina\/Conselho-Estadual-do-Patrimonio-Historico-e-Artistico-CEPHA#:~:text=M\u00fasica-,Conselho%20Estadual%20do%20Patrim\u00f4nio%20Hist\u00f3rico%20e%20Art\u00edstico%20-%20CEPHA,secret\u00e1rio%20de%20Estado%20da%20Cultura.\">CEPHA &#8211; CONSELHO ESTADUAL DO PATRIM\u00d4NIO HIST\u00d3RICO E ART\u00cdSTICO<\/a><\/p>\n\n\n\n<p><a href=\"https:\/\/www.cultura.pr.gov.br\/Pagina\/Conselho-Estadual-de-Cultura\">CONSELHO ESTADUAL DE CULTURA<\/a><\/p>\n\n\n\n<p><strong>Manual de Identidade Visual da UEL<\/strong><\/p>\n\n\n\n<p>Ao representar a Universidade Estadual de Londrina, utilize a&nbsp;<a href=\"https:\/\/portal.uel.br\/conheca-a-uel\/pages\/marca-e-logotipo.php\" target=\"_blank\" rel=\"noreferrer noopener\">logomarca da UEL<\/a>, conforme manual abaixo:<\/p>\n\n\n\n<div data-wp-interactive=\"core\/file\" class=\"wp-block-file\"><object data-wp-bind--hidden=\"!state.hasPdfPreview\" hidden class=\"wp-block-file__embed\" data=\"https:\/\/departamentos.uel.br\/historia\/wp-content\/uploads\/2024\/11\/MANUAL_DE_IDENTIDADE_UEL_-_2019-1.pdf\" type=\"application\/pdf\" style=\"width:100%;height:600px\" aria-label=\"Incorporado de MANUAL_DE_IDENTIDADE_UEL_-_2019 (1).\"><\/object><a id=\"wp-block-file--media-3128f294-b3b0-4e98-95a1-94dcbe98cc33\" href=\"https:\/\/departamentos.uel.br\/historia\/wp-content\/uploads\/2024\/11\/MANUAL_DE_IDENTIDADE_UEL_-_2019-1.pdf\">MANUAL_DE_IDENTIDADE_UEL_-_2019 (1)<\/a><a href=\"https:\/\/departamentos.uel.br\/historia\/wp-content\/uploads\/2024\/11\/MANUAL_DE_IDENTIDADE_UEL_-_2019-1.pdf\" class=\"wp-block-file__button wp-element-button\" download aria-describedby=\"wp-block-file--media-3128f294-b3b0-4e98-95a1-94dcbe98cc33\">Baixar<\/a><\/div>\n","protected":false},"excerpt":{"rendered":"<p>Seguem links importantes da \u00e1rea: CNPq CAPES CEPHA &#8211; CONSELHO ESTADUAL DO PATRIM\u00d4NIO HIST\u00d3RICO E ART\u00cdSTICO CONSELHO ESTADUAL DE CULTURA Manual de Identidade Visual da UEL Ao representar a Universidade Estadual de Londrina, utilize a&nbsp;logomarca da UEL, conforme manual abaixo:<\/p>\n","protected":false},"author":8,"featured_media":0,"parent":0,"menu_order":0,"comment_status":"closed","ping_status":"closed","template":"","meta":{"_acf_changed":false,"_themeisle_gutenberg_block_has_review":false,"footnotes":""},"class_list":["post-523","page","type-page","status-publish","hentry"],"acf":[],"_links":{"self":[{"href":"https:\/\/departamentos.uel.br\/historia\/wp-json\/wp\/v2\/pages\/523","targetHints":{"allow":["GET"]}}],"collection":[{"href":"https:\/\/departamentos.uel.br\/historia\/wp-json\/wp\/v2\/pages"}],"about":[{"href":"https:\/\/departamentos.uel.br\/historia\/wp-json\/wp\/v2\/types\/page"}],"author":[{"embeddable":true,"href":"https:\/\/departamentos.uel.br\/historia\/wp-json\/wp\/v2\/users\/8"}],"replies":[{"embeddable":true,"href":"https:\/\/departamentos.uel.br\/historia\/wp-json\/wp\/v2\/comments?post=523"}],"version-history":[{"count":4,"href":"https:\/\/departamentos.uel.br\/historia\/wp-json\/wp\/v2\/pages\/523\/revisions"}],"predecessor-version":[{"id":561,"href":"https:\/\/departamentos.uel.br\/historia\/wp-json\/wp\/v2\/pages\/523\/revisions\/561"}],"wp:attachment":[{"href":"https:\/\/departamentos.uel.br\/historia\/wp-json\/wp\/v2\/media?parent=523"}],"curies":[{"name":"wp","href":"https:\/\/api.w.org\/{rel}","templated":true}]}}