{"id":42,"date":"2024-11-07T15:19:47","date_gmt":"2024-11-07T18:19:47","guid":{"rendered":"https:\/\/departamentos.uel.br\/histologia\/?page_id=42"},"modified":"2024-11-22T10:09:36","modified_gmt":"2024-11-22T13:09:36","slug":"corpo-tecnico","status":"publish","type":"page","link":"https:\/\/departamentos.uel.br\/histologia\/corpo-tecnico\/","title":{"rendered":"Corpo T\u00e9cnico"},"content":{"rendered":"\n<p><strong>T\u00e9cnicas de laborat\u00f3rio<\/strong><br><br>Renata Baldo Rodrigues Carvalho<br>renata@uel.br<br><br>Andr\u00e9ia Carla Eugenio Pupim<br>pupim@uel.br<\/p>\n\n\n\n<p><\/p>\n","protected":false},"excerpt":{"rendered":"<p>T\u00e9cnicas de laborat\u00f3rio Renata Baldo Rodrigues Carvalhorenata@uel.br Andr\u00e9ia Carla Eugenio Pupimpupim@uel.br<\/p>\n","protected":false},"author":6,"featured_media":0,"parent":0,"menu_order":0,"comment_status":"closed","ping_status":"closed","template":"","meta":{"_acf_changed":false,"_themeisle_gutenberg_block_has_review":false,"footnotes":""},"class_list":["post-42","page","type-page","status-publish","hentry"],"acf":[],"_links":{"self":[{"href":"https:\/\/departamentos.uel.br\/histologia\/wp-json\/wp\/v2\/pages\/42","targetHints":{"allow":["GET"]}}],"collection":[{"href":"https:\/\/departamentos.uel.br\/histologia\/wp-json\/wp\/v2\/pages"}],"about":[{"href":"https:\/\/departamentos.uel.br\/histologia\/wp-json\/wp\/v2\/types\/page"}],"author":[{"embeddable":true,"href":"https:\/\/departamentos.uel.br\/histologia\/wp-json\/wp\/v2\/users\/6"}],"replies":[{"embeddable":true,"href":"https:\/\/departamentos.uel.br\/histologia\/wp-json\/wp\/v2\/comments?post=42"}],"version-history":[{"count":4,"href":"https:\/\/departamentos.uel.br\/histologia\/wp-json\/wp\/v2\/pages\/42\/revisions"}],"predecessor-version":[{"id":124,"href":"https:\/\/departamentos.uel.br\/histologia\/wp-json\/wp\/v2\/pages\/42\/revisions\/124"}],"wp:attachment":[{"href":"https:\/\/departamentos.uel.br\/histologia\/wp-json\/wp\/v2\/media?parent=42"}],"curies":[{"name":"wp","href":"https:\/\/api.w.org\/{rel}","templated":true}]}}