{"id":38,"date":"2024-11-07T15:19:17","date_gmt":"2024-11-07T18:19:17","guid":{"rendered":"https:\/\/departamentos.uel.br\/histologia\/?page_id=38"},"modified":"2024-11-22T11:31:02","modified_gmt":"2024-11-22T14:31:02","slug":"sobre-o-departamento","status":"publish","type":"page","link":"https:\/\/departamentos.uel.br\/histologia\/sobre-o-departamento\/","title":{"rendered":"Sobre o Departamento"},"content":{"rendered":"\n<p>O&nbsp;<strong>Departamento de Histologia da UEL<\/strong>&nbsp;\u00e9 uma unidade acad\u00eamica de excel\u00eancia, voltada ao estudo aprofundado dos tecidos biol\u00f3gicos e sua import\u00e2ncia para o funcionamento do organismo humano e animal. Nosso objetivo \u00e9 compreender, ensinar e explorar as bases microsc\u00f3picas da vida, desde os processos celulares at\u00e9 a intera\u00e7\u00e3o dos tecidos nos sistemas complexos.<\/p>\n\n\n\n<p>Contamos com um corpo docente altamente qualificado e reconhecido nacional e internacionalmente por sua atua\u00e7\u00e3o em ensino, pesquisa e extens\u00e3o. Nossos professores s\u00e3o especialistas em diversas \u00e1reas da histologia e \u00e1reas correlatas, o que permite uma abordagem interdisciplinar e abrangente do conhecimento cient\u00edfico. Essa expertise \u00e9 essencial para formar profissionais e pesquisadores preparados para enfrentar os desafios do s\u00e9culo XXI, especialmente em campos como as ci\u00eancias biol\u00f3gicas, da sa\u00fade e veterin\u00e1rias.<\/p>\n\n\n\n<p>Um dos principais diferenciais do nosso departamento \u00e9 a qualidade do <strong>ensino <\/strong>oferecido tanto na gradua\u00e7\u00e3o quanto na p\u00f3s-gradua\u00e7\u00e3o, com uma abordagem que equilibra teoria e pr\u00e1tica de forma integrada. Nossos estudantes t\u00eam acesso a aulas te\u00f3ricas abrangentes e a atividades pr\u00e1ticas realizadas em laborat\u00f3rios de microscopia \u00f3ptica, equipados com um amplo e diversificado acervo de l\u00e2minas histol\u00f3gicas. Essa estrutura proporciona uma experi\u00eancia de aprendizado enriquecedora e alinhada \u00e0s demandas acad\u00eamicas e profissionais.<\/p>\n\n\n\n<p>Al\u00e9m do ensino, a\u00a0<strong>pesquisa \u00e9 um pilar fundamental<\/strong>\u00a0do departamento. Desenvolvemos projetos inovadores que abrangem desde a biologia tecidual at\u00e9 as aplica\u00e7\u00f5es pr\u00e1ticas na sa\u00fade humana e animal. Essas iniciativas buscam expandir o conhecimento cient\u00edfico, promover avan\u00e7os na sa\u00fade e incentivar a forma\u00e7\u00e3o de futuros cientistas e l\u00edderes acad\u00eamicos.<\/p>\n\n\n\n<p>Outro aspecto essencial do nosso trabalho \u00e9 o compromisso com a\u00a0<strong>extens\u00e3o universit\u00e1ria<\/strong>. Promovemos a\u00e7\u00f5es que integram a universidade \u00e0 comunidade, compartilhando conhecimentos e contribuindo diretamente para a melhoria da qualidade de vida da sociedade.<\/p>\n\n\n\n<p>Convidamos voc\u00ea a conhecer nosso trabalho e a fazer parte da nossa comunidade acad\u00eamica, colaborando para a constru\u00e7\u00e3o de um futuro mais saud\u00e1vel e sustent\u00e1vel.<\/p>\n","protected":false},"excerpt":{"rendered":"<p>O&nbsp;Departamento de Histologia da UEL&nbsp;\u00e9 uma unidade acad\u00eamica de excel\u00eancia, voltada ao estudo aprofundado dos tecidos biol\u00f3gicos e sua import\u00e2ncia para o funcionamento do organismo humano e animal. Nosso objetivo \u00e9 compreender, ensinar e explorar as bases microsc\u00f3picas da vida, desde os processos celulares at\u00e9 a intera\u00e7\u00e3o dos tecidos nos sistemas complexos. Contamos com um [&hellip;]<\/p>\n","protected":false},"author":6,"featured_media":0,"parent":0,"menu_order":0,"comment_status":"closed","ping_status":"closed","template":"","meta":{"_acf_changed":false,"_themeisle_gutenberg_block_has_review":false,"footnotes":""},"class_list":["post-38","page","type-page","status-publish","hentry"],"acf":[],"_links":{"self":[{"href":"https:\/\/departamentos.uel.br\/histologia\/wp-json\/wp\/v2\/pages\/38","targetHints":{"allow":["GET"]}}],"collection":[{"href":"https:\/\/departamentos.uel.br\/histologia\/wp-json\/wp\/v2\/pages"}],"about":[{"href":"https:\/\/departamentos.uel.br\/histologia\/wp-json\/wp\/v2\/types\/page"}],"author":[{"embeddable":true,"href":"https:\/\/departamentos.uel.br\/histologia\/wp-json\/wp\/v2\/users\/6"}],"replies":[{"embeddable":true,"href":"https:\/\/departamentos.uel.br\/histologia\/wp-json\/wp\/v2\/comments?post=38"}],"version-history":[{"count":4,"href":"https:\/\/departamentos.uel.br\/histologia\/wp-json\/wp\/v2\/pages\/38\/revisions"}],"predecessor-version":[{"id":133,"href":"https:\/\/departamentos.uel.br\/histologia\/wp-json\/wp\/v2\/pages\/38\/revisions\/133"}],"wp:attachment":[{"href":"https:\/\/departamentos.uel.br\/histologia\/wp-json\/wp\/v2\/media?parent=38"}],"curies":[{"name":"wp","href":"https:\/\/api.w.org\/{rel}","templated":true}]}}