{"id":34,"date":"2024-11-07T15:18:31","date_gmt":"2024-11-07T18:18:31","guid":{"rendered":"https:\/\/departamentos.uel.br\/histologia\/?page_id=34"},"modified":"2024-11-07T16:43:29","modified_gmt":"2024-11-07T19:43:29","slug":"eventos","status":"publish","type":"page","link":"https:\/\/departamentos.uel.br\/histologia\/eventos\/","title":{"rendered":"Eventos"},"content":{"rendered":"\n<p class=\"has-medium-font-size\"><strong>2024<\/strong><\/p>\n\n\n\n<div id=\"wp-block-themeisle-blocks-accordion-c0616206\" class=\"wp-block-themeisle-blocks-accordion exclusive\">\n<details class=\"wp-block-themeisle-blocks-accordion-item\"><summary class=\"wp-block-themeisle-blocks-accordion-item__title\"><div><strong>CURSO B\u00c1SICO DE PREPARA\u00c7\u00c3O DE L\u00c2MINAS HISTOL\u00d3GICAS<\/strong><br><strong>Per\u00edodo<\/strong>: de 7 a 10 de Outubro <br>Informa\u00e7\u00f5es conforme <strong><a href=\"https:\/\/sites.uel.br\/proex\/sem-categoria\/2024\/10\/10\/curso-basico-de-preparacao-de-laminas-histologicas\/\">link<\/a><\/strong>.<\/div><\/summary><div class=\"wp-block-themeisle-blocks-accordion-item__content\"><div class=\"wp-block-image\">\n<figure class=\"aligncenter size-full is-resized\"><img loading=\"lazy\" decoding=\"async\" width=\"381\" height=\"509\" src=\"https:\/\/departamentos.uel.br\/histologia\/wp-content\/uploads\/2024\/11\/estudantes.png\" alt=\"\" class=\"wp-image-111\" style=\"width:265px;height:auto\" srcset=\"https:\/\/departamentos.uel.br\/histologia\/wp-content\/uploads\/2024\/11\/estudantes.png 381w, https:\/\/departamentos.uel.br\/histologia\/wp-content\/uploads\/2024\/11\/estudantes-225x300.png 225w\" sizes=\"auto, (max-width: 381px) 100vw, 381px\" \/><\/figure>\n<\/div><\/div><\/details>\n<\/div>\n","protected":false},"excerpt":{"rendered":"<p>2024<\/p>\n","protected":false},"author":6,"featured_media":0,"parent":0,"menu_order":0,"comment_status":"closed","ping_status":"closed","template":"","meta":{"_acf_changed":false,"_themeisle_gutenberg_block_has_review":false,"footnotes":""},"class_list":["post-34","page","type-page","status-publish","hentry"],"acf":[],"_links":{"self":[{"href":"https:\/\/departamentos.uel.br\/histologia\/wp-json\/wp\/v2\/pages\/34","targetHints":{"allow":["GET"]}}],"collection":[{"href":"https:\/\/departamentos.uel.br\/histologia\/wp-json\/wp\/v2\/pages"}],"about":[{"href":"https:\/\/departamentos.uel.br\/histologia\/wp-json\/wp\/v2\/types\/page"}],"author":[{"embeddable":true,"href":"https:\/\/departamentos.uel.br\/histologia\/wp-json\/wp\/v2\/users\/6"}],"replies":[{"embeddable":true,"href":"https:\/\/departamentos.uel.br\/histologia\/wp-json\/wp\/v2\/comments?post=34"}],"version-history":[{"count":5,"href":"https:\/\/departamentos.uel.br\/histologia\/wp-json\/wp\/v2\/pages\/34\/revisions"}],"predecessor-version":[{"id":112,"href":"https:\/\/departamentos.uel.br\/histologia\/wp-json\/wp\/v2\/pages\/34\/revisions\/112"}],"wp:attachment":[{"href":"https:\/\/departamentos.uel.br\/histologia\/wp-json\/wp\/v2\/media?parent=34"}],"curies":[{"name":"wp","href":"https:\/\/api.w.org\/{rel}","templated":true}]}}