{"id":32,"date":"2024-11-07T15:17:48","date_gmt":"2024-11-07T18:17:48","guid":{"rendered":"https:\/\/departamentos.uel.br\/histologia\/?page_id=32"},"modified":"2024-11-07T16:25:18","modified_gmt":"2024-11-07T19:25:18","slug":"infraestrutura","status":"publish","type":"page","link":"https:\/\/departamentos.uel.br\/histologia\/infraestrutura\/","title":{"rendered":"Infraestrutura"},"content":{"rendered":"\n<p>O Departamento de Histologia da UEL faz parte da estrutura administrativa e f\u00edsica do Centro de Ci\u00eancias Biol\u00f3gicas (CCB).<\/p>\n\n\n\n<iframe src=\"https:\/\/www.google.com\/maps\/embed?pb=!1m18!1m12!1m3!1d3663.6838953839174!2d-51.19886662483403!3d-23.327225153031936!2m3!1f0!2f0!3f0!3m2!1i1024!2i768!4f13.1!3m3!1m2!1s0x94eb5ca1300fe8e1%3A0xea29627620a6ee62!2sDepartamento%20de%20Histologia%20-%20UEL!5e0!3m2!1spt-BR!2sbr!4v1731007444100!5m2!1spt-BR!2sbr\" width=\"1000\" height=\"600\" style=\"border:0;\" allowfullscreen=\"\" loading=\"lazy\" referrerpolicy=\"no-referrer-when-downgrade\"><\/iframe>\n","protected":false},"excerpt":{"rendered":"<p>O Departamento de Histologia da UEL faz parte da estrutura administrativa e f\u00edsica do Centro de Ci\u00eancias Biol\u00f3gicas (CCB).<\/p>\n","protected":false},"author":6,"featured_media":0,"parent":0,"menu_order":0,"comment_status":"closed","ping_status":"closed","template":"","meta":{"_acf_changed":false,"_themeisle_gutenberg_block_has_review":false,"footnotes":""},"class_list":["post-32","page","type-page","status-publish","hentry"],"acf":[],"_links":{"self":[{"href":"https:\/\/departamentos.uel.br\/histologia\/wp-json\/wp\/v2\/pages\/32","targetHints":{"allow":["GET"]}}],"collection":[{"href":"https:\/\/departamentos.uel.br\/histologia\/wp-json\/wp\/v2\/pages"}],"about":[{"href":"https:\/\/departamentos.uel.br\/histologia\/wp-json\/wp\/v2\/types\/page"}],"author":[{"embeddable":true,"href":"https:\/\/departamentos.uel.br\/histologia\/wp-json\/wp\/v2\/users\/6"}],"replies":[{"embeddable":true,"href":"https:\/\/departamentos.uel.br\/histologia\/wp-json\/wp\/v2\/comments?post=32"}],"version-history":[{"count":3,"href":"https:\/\/departamentos.uel.br\/histologia\/wp-json\/wp\/v2\/pages\/32\/revisions"}],"predecessor-version":[{"id":99,"href":"https:\/\/departamentos.uel.br\/histologia\/wp-json\/wp\/v2\/pages\/32\/revisions\/99"}],"wp:attachment":[{"href":"https:\/\/departamentos.uel.br\/histologia\/wp-json\/wp\/v2\/media?parent=32"}],"curies":[{"name":"wp","href":"https:\/\/api.w.org\/{rel}","templated":true}]}}