{"id":40,"date":"2024-10-08T16:36:11","date_gmt":"2024-10-08T19:36:11","guid":{"rendered":"https:\/\/departamentos.uel.br\/ginecologia-e-obstetricia\/?page_id=40"},"modified":"2024-10-08T16:45:50","modified_gmt":"2024-10-08T19:45:50","slug":"sobre-o-departamento","status":"publish","type":"page","link":"https:\/\/departamentos.uel.br\/ginecologia-e-obstetricia\/sobre-o-departamento\/","title":{"rendered":"Sobre o Departamento"},"content":{"rendered":"\n<p>Nossa miss\u00e3o \u00e9 promover o conhecimento e a pr\u00e1tica avan\u00e7ada na sa\u00fade da mulher, oferecendo um ambiente de aprendizado excepcional e inova\u00e7\u00e3o cont\u00ednua. No cora\u00e7\u00e3o de nossa abordagem est\u00e1 o compromisso com o bem-estar integral das mulheres em todas as fases de suas vidas.<\/p>\n\n\n\n<p>Com um corpo docente dedicado e experiente, buscamos n\u00e3o apenas formar profissionais altamente qualificados, mas tamb\u00e9m liderar pesquisas inovadoras que impactam positivamente a sa\u00fade feminina globalmente. Desde o ensino te\u00f3rico at\u00e9 a pr\u00e1tica cl\u00ednica, incentivamos a excel\u00eancia acad\u00eamica e o cuidado compassivo.<\/p>\n\n\n\n<p>Estamos comprometidos com a promo\u00e7\u00e3o da sa\u00fade reprodutiva, preven\u00e7\u00e3o de doen\u00e7as ginecol\u00f3gicas, tratamentos avan\u00e7ados em obstetr\u00edcia, e uma abordagem hol\u00edstica que considera aspectos emocionais, sociais e culturais da sa\u00fade da mulher.<\/p>\n","protected":false},"excerpt":{"rendered":"<p>Nossa miss\u00e3o \u00e9 promover o conhecimento e a pr\u00e1tica avan\u00e7ada na sa\u00fade da mulher, oferecendo um ambiente de aprendizado excepcional e inova\u00e7\u00e3o cont\u00ednua. No cora\u00e7\u00e3o de nossa abordagem est\u00e1 o compromisso com o bem-estar integral das mulheres em todas as fases de suas vidas. Com um corpo docente dedicado e experiente, buscamos n\u00e3o apenas formar [&hellip;]<\/p>\n","protected":false},"author":6,"featured_media":0,"parent":0,"menu_order":0,"comment_status":"closed","ping_status":"closed","template":"","meta":{"_acf_changed":false,"_themeisle_gutenberg_block_has_review":false,"footnotes":""},"class_list":["post-40","page","type-page","status-publish","hentry"],"acf":[],"_links":{"self":[{"href":"https:\/\/departamentos.uel.br\/ginecologia-e-obstetricia\/wp-json\/wp\/v2\/pages\/40","targetHints":{"allow":["GET"]}}],"collection":[{"href":"https:\/\/departamentos.uel.br\/ginecologia-e-obstetricia\/wp-json\/wp\/v2\/pages"}],"about":[{"href":"https:\/\/departamentos.uel.br\/ginecologia-e-obstetricia\/wp-json\/wp\/v2\/types\/page"}],"author":[{"embeddable":true,"href":"https:\/\/departamentos.uel.br\/ginecologia-e-obstetricia\/wp-json\/wp\/v2\/users\/6"}],"replies":[{"embeddable":true,"href":"https:\/\/departamentos.uel.br\/ginecologia-e-obstetricia\/wp-json\/wp\/v2\/comments?post=40"}],"version-history":[{"count":3,"href":"https:\/\/departamentos.uel.br\/ginecologia-e-obstetricia\/wp-json\/wp\/v2\/pages\/40\/revisions"}],"predecessor-version":[{"id":56,"href":"https:\/\/departamentos.uel.br\/ginecologia-e-obstetricia\/wp-json\/wp\/v2\/pages\/40\/revisions\/56"}],"wp:attachment":[{"href":"https:\/\/departamentos.uel.br\/ginecologia-e-obstetricia\/wp-json\/wp\/v2\/media?parent=40"}],"curies":[{"name":"wp","href":"https:\/\/api.w.org\/{rel}","templated":true}]}}