{"id":313,"date":"2022-10-03T20:42:50","date_gmt":"2022-10-03T23:42:50","guid":{"rendered":"https:\/\/departamentos.uel.br\/geologia-e-geomatica\/?page_id=313"},"modified":"2022-10-03T20:42:50","modified_gmt":"2022-10-03T23:42:50","slug":"lpuel-v-009","status":"publish","type":"page","link":"https:\/\/departamentos.uel.br\/geologia-e-geomatica\/apresentacao\/museu-de-geologia\/acervo-do-museu\/fosseis-de-vertebrados\/lpuel-v-009\/","title":{"rendered":"LPUEL-V 009"},"content":{"rendered":"\n<figure class=\"wp-block-image\"><img decoding=\"async\" src=\"http:\/\/www.uel.br\/grupo-pesquisa\/geologia\/images\/Acervo\/Vertebrados\/LPUEL-V%20009.JPG\" alt=\"\" \/><\/figure>\n\n\n\n<p>C\u00f3digo da amostra: LPUEL-V 009<br>Descri\u00e7\u00e3o: r\u00e9ptil mesossaur\u00eddeo<br>Estratigrafia: Forma\u00e7\u00e3o Irati<br>Idade: Permiano<br>Proced\u00eancia: desconhecida<\/p>\n","protected":false},"excerpt":{"rendered":"<p>C\u00f3digo da amostra: LPUEL-V 009Descri\u00e7\u00e3o: r\u00e9ptil mesossaur\u00eddeoEstratigrafia: Forma\u00e7\u00e3o IratiIdade: PermianoProced\u00eancia: desconhecida<\/p>\n","protected":false},"author":9,"featured_media":0,"parent":292,"menu_order":0,"comment_status":"closed","ping_status":"closed","template":"","meta":{"_acf_changed":false,"_themeisle_gutenberg_block_has_review":false,"footnotes":""},"class_list":["post-313","page","type-page","status-publish","hentry"],"acf":[],"_links":{"self":[{"href":"https:\/\/departamentos.uel.br\/geologia-e-geomatica\/wp-json\/wp\/v2\/pages\/313","targetHints":{"allow":["GET"]}}],"collection":[{"href":"https:\/\/departamentos.uel.br\/geologia-e-geomatica\/wp-json\/wp\/v2\/pages"}],"about":[{"href":"https:\/\/departamentos.uel.br\/geologia-e-geomatica\/wp-json\/wp\/v2\/types\/page"}],"author":[{"embeddable":true,"href":"https:\/\/departamentos.uel.br\/geologia-e-geomatica\/wp-json\/wp\/v2\/users\/9"}],"replies":[{"embeddable":true,"href":"https:\/\/departamentos.uel.br\/geologia-e-geomatica\/wp-json\/wp\/v2\/comments?post=313"}],"version-history":[{"count":1,"href":"https:\/\/departamentos.uel.br\/geologia-e-geomatica\/wp-json\/wp\/v2\/pages\/313\/revisions"}],"predecessor-version":[{"id":314,"href":"https:\/\/departamentos.uel.br\/geologia-e-geomatica\/wp-json\/wp\/v2\/pages\/313\/revisions\/314"}],"up":[{"embeddable":true,"href":"https:\/\/departamentos.uel.br\/geologia-e-geomatica\/wp-json\/wp\/v2\/pages\/292"}],"wp:attachment":[{"href":"https:\/\/departamentos.uel.br\/geologia-e-geomatica\/wp-json\/wp\/v2\/media?parent=313"}],"curies":[{"name":"wp","href":"https:\/\/api.w.org\/{rel}","templated":true}]}}