{"id":283,"date":"2022-10-03T20:23:32","date_gmt":"2022-10-03T23:23:32","guid":{"rendered":"https:\/\/departamentos.uel.br\/geologia-e-geomatica\/?page_id=283"},"modified":"2022-10-03T20:23:32","modified_gmt":"2022-10-03T23:23:32","slug":"lpuel-i-004","status":"publish","type":"page","link":"https:\/\/departamentos.uel.br\/geologia-e-geomatica\/apresentacao\/museu-de-geologia\/acervo-do-museu\/fosseis-de-invertebrados\/lpuel-i-004\/","title":{"rendered":"LPUEL-I 004"},"content":{"rendered":"\n<figure class=\"wp-block-image\"><img decoding=\"async\" src=\"http:\/\/www.uel.br\/grupo-pesquisa\/geologia\/images\/Acervo\/Invertebrados\/LPUEL-I%20004.JPG\" alt=\"\" \/><\/figure>\n\n\n\n<p>C\u00f3digo da amostra: LPUEL-I 004<br>Descri\u00e7\u00e3o: valva de&nbsp;<em>Orbiculoidea sp.&nbsp;<\/em>(braqui\u00f3pode lingulata)<br>Estratigrafia: Forma\u00e7\u00e3o Ponta Grossa<br>Idade: Devoniano<br>Proced\u00eancia: Ponta Grossa &#8211; PR<\/p>\n","protected":false},"excerpt":{"rendered":"<p>C\u00f3digo da amostra: LPUEL-I 004Descri\u00e7\u00e3o: valva de&nbsp;Orbiculoidea sp.&nbsp;(braqui\u00f3pode lingulata)Estratigrafia: Forma\u00e7\u00e3o Ponta GrossaIdade: DevonianoProced\u00eancia: Ponta Grossa &#8211; PR<\/p>\n","protected":false},"author":9,"featured_media":0,"parent":273,"menu_order":0,"comment_status":"closed","ping_status":"closed","template":"","meta":{"_acf_changed":false,"_themeisle_gutenberg_block_has_review":false,"footnotes":""},"class_list":["post-283","page","type-page","status-publish","hentry"],"acf":[],"_links":{"self":[{"href":"https:\/\/departamentos.uel.br\/geologia-e-geomatica\/wp-json\/wp\/v2\/pages\/283","targetHints":{"allow":["GET"]}}],"collection":[{"href":"https:\/\/departamentos.uel.br\/geologia-e-geomatica\/wp-json\/wp\/v2\/pages"}],"about":[{"href":"https:\/\/departamentos.uel.br\/geologia-e-geomatica\/wp-json\/wp\/v2\/types\/page"}],"author":[{"embeddable":true,"href":"https:\/\/departamentos.uel.br\/geologia-e-geomatica\/wp-json\/wp\/v2\/users\/9"}],"replies":[{"embeddable":true,"href":"https:\/\/departamentos.uel.br\/geologia-e-geomatica\/wp-json\/wp\/v2\/comments?post=283"}],"version-history":[{"count":1,"href":"https:\/\/departamentos.uel.br\/geologia-e-geomatica\/wp-json\/wp\/v2\/pages\/283\/revisions"}],"predecessor-version":[{"id":284,"href":"https:\/\/departamentos.uel.br\/geologia-e-geomatica\/wp-json\/wp\/v2\/pages\/283\/revisions\/284"}],"up":[{"embeddable":true,"href":"https:\/\/departamentos.uel.br\/geologia-e-geomatica\/wp-json\/wp\/v2\/pages\/273"}],"wp:attachment":[{"href":"https:\/\/departamentos.uel.br\/geologia-e-geomatica\/wp-json\/wp\/v2\/media?parent=283"}],"curies":[{"name":"wp","href":"https:\/\/api.w.org\/{rel}","templated":true}]}}