{"id":265,"date":"2022-10-03T20:06:35","date_gmt":"2022-10-03T23:06:35","guid":{"rendered":"https:\/\/departamentos.uel.br\/geologia-e-geomatica\/?page_id=265"},"modified":"2022-10-03T20:06:35","modified_gmt":"2022-10-03T23:06:35","slug":"sobre-os-fosseis","status":"publish","type":"page","link":"https:\/\/departamentos.uel.br\/geologia-e-geomatica\/apresentacao\/museu-de-geologia\/sobre-os-fosseis\/","title":{"rendered":"Sobre os F\u00f3sseis"},"content":{"rendered":"\n<p><strong>O que s\u00e3o f\u00f3sseis?<\/strong><\/p>\n\n\n\n<p>Os f\u00f3sseis s\u00e3o restos ou vest\u00edgios de organismos que viveram em tempos passados. Podem ser tanto os restos de organismos que resistiram ao tempo, como conchas, dentes, ossos, carapa\u00e7as, mat\u00e9ria org\u00e2nica carbonizada ou mumificada, etc., at\u00e9 vest\u00edgios biol\u00f3gicos indiretos, como moldes ou r\u00e9plicas de conchas e folhas ou marcas indicativas de atividades biol\u00f3gicas pret\u00e9ritas (pegadas, pistas, etc.). A ci\u00eancia que estuda os f\u00f3sseis \u00e9 a Paleontologia.<\/p>\n\n\n\n<figure class=\"wp-block-image\"><img decoding=\"async\" src=\"http:\/\/www.uel.br\/grupo-pesquisa\/geologia\/images\/Fosseis\/fosseis1.jpg\" alt=\"fosseis1\" \/><\/figure>\n\n\n\n<p><em>Figura: diferentes tipos de f\u00f3sseis. (A) Molde da carapa\u00e7a externa de um trilobita. A carapa\u00e7a em si n\u00e3o se encontra na amostra, somente um molde formado pela impress\u00e3o por ela deixada. (B) Restos de um tronco fossilizado. O material original da amostra foi substitu\u00eddo por minerais, mantendo a forma do vegetal. (C) Restos de folha fossilizada. Somente o carbono original da amostra foi preservado, formando a pel\u00edcula escura vista na amostra.<\/em><\/p>\n\n\n\n<p><strong>Paleontologia ou Arqueologia?<\/strong><\/p>\n\n\n\n<p>Muitos confundem a Paleontologia e a Arqueologia, que possuem objetos de estudo similares. A principal diferen\u00e7a est\u00e1 relacionada a idade dos objetos estudados. A Paleontologia compreende objetos com mais de 10.000 anos de idade, enquanto que a Arqueologia estuda objetos com idade menor que essa. Embora hajam s\u00edtios arqueol\u00f3gicos mais antigos e jazigos fossil\u00edferos mais recentes que essa data limite,&nbsp;ela foi convencionada pois representa o \u00ednicio da mais recente \u00e9poca geol\u00f3gica, o Holoceno, ap\u00f3s o fim da \u00faltima fase glacial pleistoc\u00eanica.<\/p>\n\n\n\n<p><strong>Por que os f\u00f3sseis s\u00e3o importantes?<\/strong><\/p>\n\n\n\n<p>Al\u00e9m de representarem uma janela que mostra como era a vida em tempos pr\u00e9-hist\u00f3ricos, os f\u00f3sseis s\u00e3o muito importantes pois atrav\u00e9s do seu estudo podemos estabelecer correla\u00e7\u00f5es entre as rochas e determinar suas idades relativas. Tamb\u00e9m \u00e9 poss\u00edvel determinar como seria o clima e a geologia de um lugar quando o organismo que deixou um f\u00f3ssil era vivo: f\u00f3sseis de animais marinhos, como conchas de moluscos por exemplo, indicam que o lugar onde foram encontrados costumava ser mar. Restos org\u00e2nicos de organismos fossilizados s\u00e3o os constituintes do petr\u00f3leo,&nbsp;do qual&nbsp;deriva-se a gasolina, o \u00f3leo diesel, o asfalto e o pl\u00e1stico, e por isso&nbsp;ele \u00e9 chamado de combust\u00edvel f\u00f3ssil.* Retirado de: TEIXEIRA, W.; TOLEDO, M. C. M. de; FAIRCHILD, T. R.; TAIOLI, F.&nbsp;<strong>Decifrando a Terra<\/strong>. S\u00e3o Paulo, Oficina de Texto, 2002.<\/p>\n","protected":false},"excerpt":{"rendered":"<p>O que s\u00e3o f\u00f3sseis? Os f\u00f3sseis s\u00e3o restos ou vest\u00edgios de organismos que viveram em tempos passados. Podem ser tanto os restos de organismos que resistiram ao tempo, como conchas, dentes, ossos, carapa\u00e7as, mat\u00e9ria org\u00e2nica carbonizada ou mumificada, etc., at\u00e9 vest\u00edgios biol\u00f3gicos indiretos, como moldes ou r\u00e9plicas de conchas e folhas ou marcas indicativas de [&hellip;]<\/p>\n","protected":false},"author":9,"featured_media":0,"parent":175,"menu_order":0,"comment_status":"closed","ping_status":"closed","template":"","meta":{"_acf_changed":false,"_themeisle_gutenberg_block_has_review":false,"footnotes":""},"class_list":["post-265","page","type-page","status-publish","hentry"],"acf":[],"_links":{"self":[{"href":"https:\/\/departamentos.uel.br\/geologia-e-geomatica\/wp-json\/wp\/v2\/pages\/265","targetHints":{"allow":["GET"]}}],"collection":[{"href":"https:\/\/departamentos.uel.br\/geologia-e-geomatica\/wp-json\/wp\/v2\/pages"}],"about":[{"href":"https:\/\/departamentos.uel.br\/geologia-e-geomatica\/wp-json\/wp\/v2\/types\/page"}],"author":[{"embeddable":true,"href":"https:\/\/departamentos.uel.br\/geologia-e-geomatica\/wp-json\/wp\/v2\/users\/9"}],"replies":[{"embeddable":true,"href":"https:\/\/departamentos.uel.br\/geologia-e-geomatica\/wp-json\/wp\/v2\/comments?post=265"}],"version-history":[{"count":1,"href":"https:\/\/departamentos.uel.br\/geologia-e-geomatica\/wp-json\/wp\/v2\/pages\/265\/revisions"}],"predecessor-version":[{"id":266,"href":"https:\/\/departamentos.uel.br\/geologia-e-geomatica\/wp-json\/wp\/v2\/pages\/265\/revisions\/266"}],"up":[{"embeddable":true,"href":"https:\/\/departamentos.uel.br\/geologia-e-geomatica\/wp-json\/wp\/v2\/pages\/175"}],"wp:attachment":[{"href":"https:\/\/departamentos.uel.br\/geologia-e-geomatica\/wp-json\/wp\/v2\/media?parent=265"}],"curies":[{"name":"wp","href":"https:\/\/api.w.org\/{rel}","templated":true}]}}