{"id":252,"date":"2022-10-03T19:45:00","date_gmt":"2022-10-03T22:45:00","guid":{"rendered":"https:\/\/departamentos.uel.br\/geologia-e-geomatica\/?page_id=252"},"modified":"2022-10-03T19:45:00","modified_gmt":"2022-10-03T22:45:00","slug":"lpuel-pl-024","status":"publish","type":"page","link":"https:\/\/departamentos.uel.br\/geologia-e-geomatica\/apresentacao\/museu-de-geologia\/acervo-do-museu\/fosseis-de-plantas\/lpuel-pl-024\/","title":{"rendered":"LPUEL-PL 024"},"content":{"rendered":"\n<figure class=\"wp-block-image\"><img decoding=\"async\" src=\"http:\/\/www.uel.br\/grupo-pesquisa\/geologia\/images\/Acervo\/Plantas\/LPUEL-Pl%20024.JPG\" alt=\"\" \/><\/figure>\n\n\n\n<figure class=\"wp-block-image\"><img decoding=\"async\" src=\"http:\/\/www.uel.br\/grupo-pesquisa\/geologia\/images\/Acervo\/Plantas\/LPUEL-Pl%20025.JPG\" alt=\"\" \/><\/figure>\n\n\n\n<p>C\u00f3digo da amostra: LPUEL-PL 024<br>Descri\u00e7\u00e3o: caule silicificado<br>Estratigrafia: desconhecido<br>Idade: desconhecido<br>Proced\u00eancia: desconhecido<\/p>\n","protected":false},"excerpt":{"rendered":"<p>C\u00f3digo da amostra: LPUEL-PL 024Descri\u00e7\u00e3o: caule silicificadoEstratigrafia: desconhecidoIdade: desconhecidoProced\u00eancia: desconhecido<\/p>\n","protected":false},"author":9,"featured_media":0,"parent":199,"menu_order":0,"comment_status":"closed","ping_status":"closed","template":"","meta":{"_acf_changed":false,"_themeisle_gutenberg_block_has_review":false,"footnotes":""},"class_list":["post-252","page","type-page","status-publish","hentry"],"acf":[],"_links":{"self":[{"href":"https:\/\/departamentos.uel.br\/geologia-e-geomatica\/wp-json\/wp\/v2\/pages\/252","targetHints":{"allow":["GET"]}}],"collection":[{"href":"https:\/\/departamentos.uel.br\/geologia-e-geomatica\/wp-json\/wp\/v2\/pages"}],"about":[{"href":"https:\/\/departamentos.uel.br\/geologia-e-geomatica\/wp-json\/wp\/v2\/types\/page"}],"author":[{"embeddable":true,"href":"https:\/\/departamentos.uel.br\/geologia-e-geomatica\/wp-json\/wp\/v2\/users\/9"}],"replies":[{"embeddable":true,"href":"https:\/\/departamentos.uel.br\/geologia-e-geomatica\/wp-json\/wp\/v2\/comments?post=252"}],"version-history":[{"count":1,"href":"https:\/\/departamentos.uel.br\/geologia-e-geomatica\/wp-json\/wp\/v2\/pages\/252\/revisions"}],"predecessor-version":[{"id":253,"href":"https:\/\/departamentos.uel.br\/geologia-e-geomatica\/wp-json\/wp\/v2\/pages\/252\/revisions\/253"}],"up":[{"embeddable":true,"href":"https:\/\/departamentos.uel.br\/geologia-e-geomatica\/wp-json\/wp\/v2\/pages\/199"}],"wp:attachment":[{"href":"https:\/\/departamentos.uel.br\/geologia-e-geomatica\/wp-json\/wp\/v2\/media?parent=252"}],"curies":[{"name":"wp","href":"https:\/\/api.w.org\/{rel}","templated":true}]}}