{"id":247,"date":"2022-10-03T19:46:11","date_gmt":"2022-10-03T22:46:11","guid":{"rendered":"https:\/\/departamentos.uel.br\/geologia-e-geomatica\/?page_id=247"},"modified":"2022-10-03T19:46:11","modified_gmt":"2022-10-03T22:46:11","slug":"lpuel-pl-022","status":"publish","type":"page","link":"https:\/\/departamentos.uel.br\/geologia-e-geomatica\/apresentacao\/museu-de-geologia\/acervo-do-museu\/fosseis-de-plantas\/lpuel-pl-022\/","title":{"rendered":"LPUEL-PL 022"},"content":{"rendered":"\n<figure class=\"wp-block-image\"><img decoding=\"async\" src=\"http:\/\/www.uel.br\/grupo-pesquisa\/geologia\/images\/Acervo\/Plantas\/LPUEL-Pl%20022a.JPG\" alt=\"\" \/><\/figure>\n\n\n\n<figure class=\"wp-block-image\"><img decoding=\"async\" src=\"http:\/\/www.uel.br\/grupo-pesquisa\/geologia\/images\/Acervo\/Plantas\/LPUEL-Pl%20022b.JPG\" alt=\"\" \/><\/figure>\n\n\n\n<p>C\u00f3digo da amostra: LPUEL-PL 022a e 022b<br>Descri\u00e7\u00e3o: fronde pecopter\u00f3ide e caule de esfen\u00f3fita<br>Estratigrafia: Forma\u00e7\u00e3o Rio Bonito<br>Idade: Permiano inferior<br>Proced\u00eancia: S\u00e3o Jo\u00e3o do Triunfo &#8211; PR<\/p>\n","protected":false},"excerpt":{"rendered":"<p>C\u00f3digo da amostra: LPUEL-PL 022a e 022bDescri\u00e7\u00e3o: fronde pecopter\u00f3ide e caule de esfen\u00f3fitaEstratigrafia: Forma\u00e7\u00e3o Rio BonitoIdade: Permiano inferiorProced\u00eancia: S\u00e3o Jo\u00e3o do Triunfo &#8211; PR<\/p>\n","protected":false},"author":9,"featured_media":0,"parent":199,"menu_order":0,"comment_status":"closed","ping_status":"closed","template":"","meta":{"_acf_changed":false,"_themeisle_gutenberg_block_has_review":false,"footnotes":""},"class_list":["post-247","page","type-page","status-publish","hentry"],"acf":[],"_links":{"self":[{"href":"https:\/\/departamentos.uel.br\/geologia-e-geomatica\/wp-json\/wp\/v2\/pages\/247","targetHints":{"allow":["GET"]}}],"collection":[{"href":"https:\/\/departamentos.uel.br\/geologia-e-geomatica\/wp-json\/wp\/v2\/pages"}],"about":[{"href":"https:\/\/departamentos.uel.br\/geologia-e-geomatica\/wp-json\/wp\/v2\/types\/page"}],"author":[{"embeddable":true,"href":"https:\/\/departamentos.uel.br\/geologia-e-geomatica\/wp-json\/wp\/v2\/users\/9"}],"replies":[{"embeddable":true,"href":"https:\/\/departamentos.uel.br\/geologia-e-geomatica\/wp-json\/wp\/v2\/comments?post=247"}],"version-history":[{"count":1,"href":"https:\/\/departamentos.uel.br\/geologia-e-geomatica\/wp-json\/wp\/v2\/pages\/247\/revisions"}],"predecessor-version":[{"id":248,"href":"https:\/\/departamentos.uel.br\/geologia-e-geomatica\/wp-json\/wp\/v2\/pages\/247\/revisions\/248"}],"up":[{"embeddable":true,"href":"https:\/\/departamentos.uel.br\/geologia-e-geomatica\/wp-json\/wp\/v2\/pages\/199"}],"wp:attachment":[{"href":"https:\/\/departamentos.uel.br\/geologia-e-geomatica\/wp-json\/wp\/v2\/media?parent=247"}],"curies":[{"name":"wp","href":"https:\/\/api.w.org\/{rel}","templated":true}]}}