{"id":185,"date":"2022-10-03T19:16:34","date_gmt":"2022-10-03T22:16:34","guid":{"rendered":"https:\/\/departamentos.uel.br\/geologia-e-geomatica\/?page_id=185"},"modified":"2022-11-03T08:03:29","modified_gmt":"2022-11-03T11:03:29","slug":"objetivos","status":"publish","type":"page","link":"https:\/\/departamentos.uel.br\/geologia-e-geomatica\/apresentacao\/museu-de-geologia\/o-museu\/objetivos\/","title":{"rendered":"Objetivos"},"content":{"rendered":"\n<p>O Museu de Geologia da Universidade Estadual de Londrina, organiza e mant\u00e9m um acervo de amostras de cunho geol\u00f3gico e paleontol\u00f3gico e tem como objetivos:<\/p>\n\n\n\n<p>&#8211; Ser um laborat\u00f3rio de aulas pr\u00e1ticas para disciplinas relacionadas \u00e0s Geoci\u00eancias;<\/p>\n\n\n\n<p>&#8211; Prover amostras para pesquisas acad\u00eamicas promovidas pelos docentes e discentes da Universidade;<\/p>\n\n\n\n<p>&#8211; Atender \u00e0s visita\u00e7\u00f5es de alunos de col\u00e9gios do Ensino Fundamental e M\u00e9dio da cidade de Londrina e regi\u00e3o; e<\/p>\n\n\n\n<p>&#8211; Atender \u00e0s d\u00favidas da comunidade externa sobre assuntos geol\u00f3gicos e paleontol\u00f3gicos.<\/p>\n","protected":false},"excerpt":{"rendered":"<p>O Museu de Geologia da Universidade Estadual de Londrina, organiza e mant\u00e9m um acervo de amostras de cunho geol\u00f3gico e paleontol\u00f3gico e tem como objetivos: &#8211; Ser um laborat\u00f3rio de aulas pr\u00e1ticas para disciplinas relacionadas \u00e0s Geoci\u00eancias; &#8211; Prover amostras para pesquisas acad\u00eamicas promovidas pelos docentes e discentes da Universidade; &#8211; Atender \u00e0s visita\u00e7\u00f5es de [&hellip;]<\/p>\n","protected":false},"author":9,"featured_media":0,"parent":183,"menu_order":0,"comment_status":"closed","ping_status":"closed","template":"","meta":{"_acf_changed":false,"_themeisle_gutenberg_block_has_review":false,"footnotes":""},"class_list":["post-185","page","type-page","status-publish","hentry"],"acf":[],"_links":{"self":[{"href":"https:\/\/departamentos.uel.br\/geologia-e-geomatica\/wp-json\/wp\/v2\/pages\/185","targetHints":{"allow":["GET"]}}],"collection":[{"href":"https:\/\/departamentos.uel.br\/geologia-e-geomatica\/wp-json\/wp\/v2\/pages"}],"about":[{"href":"https:\/\/departamentos.uel.br\/geologia-e-geomatica\/wp-json\/wp\/v2\/types\/page"}],"author":[{"embeddable":true,"href":"https:\/\/departamentos.uel.br\/geologia-e-geomatica\/wp-json\/wp\/v2\/users\/9"}],"replies":[{"embeddable":true,"href":"https:\/\/departamentos.uel.br\/geologia-e-geomatica\/wp-json\/wp\/v2\/comments?post=185"}],"version-history":[{"count":4,"href":"https:\/\/departamentos.uel.br\/geologia-e-geomatica\/wp-json\/wp\/v2\/pages\/185\/revisions"}],"predecessor-version":[{"id":424,"href":"https:\/\/departamentos.uel.br\/geologia-e-geomatica\/wp-json\/wp\/v2\/pages\/185\/revisions\/424"}],"up":[{"embeddable":true,"href":"https:\/\/departamentos.uel.br\/geologia-e-geomatica\/wp-json\/wp\/v2\/pages\/183"}],"wp:attachment":[{"href":"https:\/\/departamentos.uel.br\/geologia-e-geomatica\/wp-json\/wp\/v2\/media?parent=185"}],"curies":[{"name":"wp","href":"https:\/\/api.w.org\/{rel}","templated":true}]}}