{"id":183,"date":"2022-10-03T19:15:14","date_gmt":"2022-10-03T22:15:14","guid":{"rendered":"https:\/\/departamentos.uel.br\/geologia-e-geomatica\/?page_id=183"},"modified":"2022-11-03T08:01:15","modified_gmt":"2022-11-03T11:01:15","slug":"o-museu","status":"publish","type":"page","link":"https:\/\/departamentos.uel.br\/geologia-e-geomatica\/apresentacao\/museu-de-geologia\/o-museu\/","title":{"rendered":"O Museu"},"content":{"rendered":"\n<h2 class=\"has-verde-escuro-color has-text-color wp-block-heading\">Hist\u00f3rico<\/h2>\n\n\n\n<p>O Museu de Geologia da Universidade Estadual de Londrina foi inaugurado em 1993, juntamente com o\u00a0Laborat\u00f3rio de Geologia e Pedologia\u00a0do Departamento de Geologia e Geom\u00e1tica, no Centro de Ci\u00eancias Exatas &#8211; CCE. Se localiza em uma sala no mesmo Laborat\u00f3rio, onde foi organizado seu acervo e suas amostras expostas.<\/p>\n\n\n\n<figure class=\"wp-block-image size-large\"><img loading=\"lazy\" decoding=\"async\" width=\"1024\" height=\"768\" src=\"https:\/\/departamentos.uel.br\/geologia-e-geomatica\/wp-content\/uploads\/2022\/11\/WhatsApp-Image-2022-10-21-at-11.52.11-2-1024x768.jpeg\" alt=\"\" class=\"wp-image-422\" srcset=\"https:\/\/departamentos.uel.br\/geologia-e-geomatica\/wp-content\/uploads\/2022\/11\/WhatsApp-Image-2022-10-21-at-11.52.11-2-1024x768.jpeg 1024w, https:\/\/departamentos.uel.br\/geologia-e-geomatica\/wp-content\/uploads\/2022\/11\/WhatsApp-Image-2022-10-21-at-11.52.11-2-300x225.jpeg 300w, https:\/\/departamentos.uel.br\/geologia-e-geomatica\/wp-content\/uploads\/2022\/11\/WhatsApp-Image-2022-10-21-at-11.52.11-2-768x576.jpeg 768w, https:\/\/departamentos.uel.br\/geologia-e-geomatica\/wp-content\/uploads\/2022\/11\/WhatsApp-Image-2022-10-21-at-11.52.11-2-1536x1152.jpeg 1536w, https:\/\/departamentos.uel.br\/geologia-e-geomatica\/wp-content\/uploads\/2022\/11\/WhatsApp-Image-2022-10-21-at-11.52.11-2.jpeg 1600w\" sizes=\"auto, (max-width: 1024px) 100vw, 1024px\" \/><\/figure>\n\n\n\n<p class=\"has-text-align-center\"><em>Foto: exterior do Laborat\u00f3rio de Geologia e Pedologia, onde se encontra o Museu<\/em><\/p>\n\n\n\n<p>Desde ent\u00e3o, o Museu tem organizado visitas did\u00e1ticas com col\u00e9gios de Londrina e regi\u00e3o, al\u00e9m de abrigar amostras de cunho Geol\u00f3gico e Paleontol\u00f3gico caracter\u00edsticas do estado&nbsp;do Paran\u00e1 e de outras localidades.<\/p>\n\n\n\n<figure class=\"wp-block-image\"><img decoding=\"async\" src=\"http:\/\/www.uel.br\/grupo-pesquisa\/geologia\/images\/O_Museu\/sam_1200%20copy.jpg\" alt=\"\" \/><\/figure>\n\n\n\n<p class=\"has-text-align-center\"><em>Foto: entrada do Museu pelo lado externo do Laborat\u00f3rio<\/em><\/p>\n\n\n\n<figure class=\"wp-block-image\"><img decoding=\"async\" src=\"http:\/\/www.uel.br\/grupo-pesquisa\/geologia\/images\/O_Museu\/sam_1196%20copy.jpg\" alt=\"\" \/><\/figure>\n\n\n\n<p class=\"has-text-align-center\"><em>Foto: prateleira onde est\u00e3o expostas as amostras de f\u00f3sseis em exibi\u00e7\u00e3o no Museu<\/em><\/p>\n\n\n\n<figure class=\"wp-block-image\"><img decoding=\"async\" src=\"http:\/\/www.uel.br\/grupo-pesquisa\/geologia\/images\/O_Museu\/sam_1193%20copy.jpg\" alt=\"\" \/><\/figure>\n\n\n\n<p class=\"has-text-align-center\"><em>Foto: prateleiras contendo amostras de rochas metam\u00f3rficas e sedimentares<\/em><\/p>\n\n\n\n<p>Para abrigar o restante do acervo que n\u00e3o se encontra em exibi\u00e7\u00e3o no Museu, existe a sala do Mostru\u00e1rio Fixo de Rochas, Minerais e F\u00f3sseis. Nela, todas as outras amostras encontram-se guardadas em prateleiras e estantes.<\/p>\n\n\n\n<figure class=\"wp-block-image\"><img decoding=\"async\" src=\"http:\/\/www.uel.br\/grupo-pesquisa\/geologia\/images\/O_Museu\/sam_1198%20copy.jpg\" alt=\"\" \/><\/figure>\n\n\n\n<p class=\"has-text-align-center\"><em>Foto: entrada do Mostru\u00e1rio Fixo de Rochas, Minerais e F\u00f3sseis<\/em><\/p>\n\n\n\n<figure class=\"wp-block-image\"><img decoding=\"async\" src=\"http:\/\/www.uel.br\/grupo-pesquisa\/geologia\/images\/O_Museu\/sam_1190%20copy.jpg\" alt=\"\" \/><\/figure>\n\n\n\n<p class=\"has-text-align-center\"><em>Foto: estante contendo amostras de f\u00f3sseis<\/em><\/p>\n\n\n\n<figure class=\"wp-block-image\"><img decoding=\"async\" src=\"http:\/\/www.uel.br\/grupo-pesquisa\/geologia\/images\/O_Museu\/sam_1192%20copy.jpg\" alt=\"\" \/><\/figure>\n\n\n\n<p class=\"has-text-align-center\"><em>Foto: algumas amostras de vegetais f\u00f3sseis em prateleira<\/em><\/p>\n\n\n\n<figure class=\"wp-block-image\"><img decoding=\"async\" src=\"http:\/\/www.uel.br\/grupo-pesquisa\/geologia\/images\/O_Museu\/sam_1199%20copy.jpg\" alt=\"\" \/><\/figure>\n\n\n\n<p class=\"has-text-align-center\"><em>Foto: amostras de rochas em estante<\/em><\/p>\n\n\n\n<div class=\"wp-block-buttons is-layout-flex wp-block-buttons-is-layout-flex\">\n<div class=\"wp-block-button\"><a class=\"wp-block-button__link has-cinza-claro-color has-verde-escuro-background-color has-text-color has-background wp-element-button\" href=\"https:\/\/departamentos.uel.br\/geologia-e-geomatica\/apresentacao\/museu-de-geologia\/o-museu\/objetivos\/\">Objetivos<\/a><\/div>\n\n\n\n<div class=\"wp-block-button\"><a class=\"wp-block-button__link has-cinza-claro-color has-verde-escuro-background-color has-text-color has-background wp-element-button\" href=\"https:\/\/departamentos.uel.br\/geologia-e-geomatica\/apresentacao\/museu-de-geologia\/o-museu\/visitas\/\">Visitas<\/a><\/div>\n<\/div>\n","protected":false},"excerpt":{"rendered":"<p>Hist\u00f3rico O Museu de Geologia da Universidade Estadual de Londrina foi inaugurado em 1993, juntamente com o\u00a0Laborat\u00f3rio de Geologia e Pedologia\u00a0do Departamento de Geologia e Geom\u00e1tica, no Centro de Ci\u00eancias Exatas &#8211; CCE. Se localiza em uma sala no mesmo Laborat\u00f3rio, onde foi organizado seu acervo e suas amostras expostas. Foto: exterior do Laborat\u00f3rio de [&hellip;]<\/p>\n","protected":false},"author":9,"featured_media":0,"parent":175,"menu_order":0,"comment_status":"closed","ping_status":"closed","template":"","meta":{"_acf_changed":false,"_themeisle_gutenberg_block_has_review":false,"footnotes":""},"class_list":["post-183","page","type-page","status-publish","hentry"],"acf":[],"_links":{"self":[{"href":"https:\/\/departamentos.uel.br\/geologia-e-geomatica\/wp-json\/wp\/v2\/pages\/183","targetHints":{"allow":["GET"]}}],"collection":[{"href":"https:\/\/departamentos.uel.br\/geologia-e-geomatica\/wp-json\/wp\/v2\/pages"}],"about":[{"href":"https:\/\/departamentos.uel.br\/geologia-e-geomatica\/wp-json\/wp\/v2\/types\/page"}],"author":[{"embeddable":true,"href":"https:\/\/departamentos.uel.br\/geologia-e-geomatica\/wp-json\/wp\/v2\/users\/9"}],"replies":[{"embeddable":true,"href":"https:\/\/departamentos.uel.br\/geologia-e-geomatica\/wp-json\/wp\/v2\/comments?post=183"}],"version-history":[{"count":5,"href":"https:\/\/departamentos.uel.br\/geologia-e-geomatica\/wp-json\/wp\/v2\/pages\/183\/revisions"}],"predecessor-version":[{"id":423,"href":"https:\/\/departamentos.uel.br\/geologia-e-geomatica\/wp-json\/wp\/v2\/pages\/183\/revisions\/423"}],"up":[{"embeddable":true,"href":"https:\/\/departamentos.uel.br\/geologia-e-geomatica\/wp-json\/wp\/v2\/pages\/175"}],"wp:attachment":[{"href":"https:\/\/departamentos.uel.br\/geologia-e-geomatica\/wp-json\/wp\/v2\/media?parent=183"}],"curies":[{"name":"wp","href":"https:\/\/api.w.org\/{rel}","templated":true}]}}