{"id":175,"date":"2022-10-03T18:51:44","date_gmt":"2022-10-03T21:51:44","guid":{"rendered":"https:\/\/departamentos.uel.br\/geologia-e-geomatica\/?page_id=175"},"modified":"2022-12-09T07:08:35","modified_gmt":"2022-12-09T10:08:35","slug":"museu-de-geologia","status":"publish","type":"page","link":"https:\/\/departamentos.uel.br\/geologia-e-geomatica\/apresentacao\/museu-de-geologia\/","title":{"rendered":"Museu de Geologia"},"content":{"rendered":"\n<p><\/p>\n\n\n\n<p><\/p>\n\n\n\n<p class=\"has-text-align-center has-verde-color has-text-color has-large-font-size\"><strong>Seja Bem-vindo (a) ao Museu de Geologia da Universidade Estadual de Londrina<\/strong><\/p>\n\n\n\n<p><\/p>\n\n\n\n<p>Este projeto, criado como resultado de uma Inicia\u00e7\u00e3o Cient\u00edfica, apresenta em seu conte\u00fado os f\u00f3sseis dispon\u00edveis no acervo do Museu de Geologia da Universidade Estadual de Londrina. Ele foi elaborado no intuito de tornar conhecido o acervo do Museu tanto a pesquisadores e outros membros da comunidade cient\u00edfica, como tamb\u00e9m o de ser&nbsp;uma ferramenta did\u00e1tica no ensino e divulga\u00e7\u00e3o da Paleontologia nas escolas.<\/p>\n\n\n\n<p>Dentre os esp\u00e9cimes dispon\u00edveis no acervo encontram-se v\u00e1rios exemplares de f\u00f3sseis de ocorr\u00eancia t\u00edpica no estado do Paran\u00e1 &#8211; amostras de braqui\u00f3podes e outros invertebrados marinhos, e tamb\u00e9m de r\u00e9pteis mesossaur\u00eddeos &#8211; bem como amostras provenientes de outras regi\u00f5es do Brasil, todas de significante import\u00e2ncia para o estudo de Geologia e Paleontologia.<\/p>\n\n\n<div class=\"wp-block-image\">\n<figure class=\"aligncenter size-full\"><img loading=\"lazy\" decoding=\"async\" width=\"972\" height=\"238\" src=\"https:\/\/departamentos.uel.br\/geologia-e-geomatica\/wp-content\/uploads\/2022\/12\/Museu.png\" alt=\"\" class=\"wp-image-555\" srcset=\"https:\/\/departamentos.uel.br\/geologia-e-geomatica\/wp-content\/uploads\/2022\/12\/Museu.png 972w, https:\/\/departamentos.uel.br\/geologia-e-geomatica\/wp-content\/uploads\/2022\/12\/Museu-300x73.png 300w, https:\/\/departamentos.uel.br\/geologia-e-geomatica\/wp-content\/uploads\/2022\/12\/Museu-768x188.png 768w\" sizes=\"auto, (max-width: 972px) 100vw, 972px\" \/><\/figure>\n<\/div>\n\n\n<hr class=\"wp-block-separator has-alpha-channel-opacity\" \/>\n\n\n\n<div class=\"wp-block-buttons is-horizontal is-content-justification-center is-layout-flex wp-container-core-buttons-is-layout-ddb39544 wp-block-buttons-is-layout-flex\">\n<div class=\"wp-block-button\"><a class=\"wp-block-button__link has-cinza-claro-color has-verde-escuro-background-color has-text-color has-background wp-element-button\" href=\"https:\/\/departamentos.uel.br\/geologia-e-geomatica\/apresentacao\/museu-de-geologia\/acervo-do-museu\/\">Acervo do Museu<\/a><\/div>\n\n\n\n<div class=\"wp-block-button\"><a class=\"wp-block-button__link has-cinza-claro-color has-verde-escuro-background-color has-text-color has-background wp-element-button\" href=\"https:\/\/departamentos.uel.br\/geologia-e-geomatica\/apresentacao\/museu-de-geologia\/o-museu\/\">O Museu<\/a><\/div>\n\n\n\n<div class=\"wp-block-button\"><a class=\"wp-block-button__link has-cinza-claro-color has-verde-escuro-background-color has-text-color has-background wp-element-button\" href=\"https:\/\/departamentos.uel.br\/geologia-e-geomatica\/apresentacao\/museu-de-geologia\/sobre-os-fosseis\/\">Sobre os F\u00f3sseis<\/a><\/div>\n\n\n\n<div class=\"wp-block-button\"><a class=\"wp-block-button__link has-cinza-claro-color has-verde-escuro-background-color has-text-color has-background wp-element-button\" href=\"https:\/\/departamentos.uel.br\/geologia-e-geomatica\/apresentacao\/museu-de-geologia\/contato-do-museu\/\">Contato<\/a><\/div>\n<\/div>\n","protected":false},"excerpt":{"rendered":"<p>Seja Bem-vindo (a) ao Museu de Geologia da Universidade Estadual de Londrina Este projeto, criado como resultado de uma Inicia\u00e7\u00e3o Cient\u00edfica, apresenta em seu conte\u00fado os f\u00f3sseis dispon\u00edveis no acervo do Museu de Geologia da Universidade Estadual de Londrina. Ele foi elaborado no intuito de tornar conhecido o acervo do Museu tanto a pesquisadores e [&hellip;]<\/p>\n","protected":false},"author":9,"featured_media":0,"parent":20,"menu_order":0,"comment_status":"closed","ping_status":"closed","template":"","meta":{"_acf_changed":false,"_themeisle_gutenberg_block_has_review":false,"footnotes":""},"class_list":["post-175","page","type-page","status-publish","hentry"],"acf":[],"_links":{"self":[{"href":"https:\/\/departamentos.uel.br\/geologia-e-geomatica\/wp-json\/wp\/v2\/pages\/175","targetHints":{"allow":["GET"]}}],"collection":[{"href":"https:\/\/departamentos.uel.br\/geologia-e-geomatica\/wp-json\/wp\/v2\/pages"}],"about":[{"href":"https:\/\/departamentos.uel.br\/geologia-e-geomatica\/wp-json\/wp\/v2\/types\/page"}],"author":[{"embeddable":true,"href":"https:\/\/departamentos.uel.br\/geologia-e-geomatica\/wp-json\/wp\/v2\/users\/9"}],"replies":[{"embeddable":true,"href":"https:\/\/departamentos.uel.br\/geologia-e-geomatica\/wp-json\/wp\/v2\/comments?post=175"}],"version-history":[{"count":13,"href":"https:\/\/departamentos.uel.br\/geologia-e-geomatica\/wp-json\/wp\/v2\/pages\/175\/revisions"}],"predecessor-version":[{"id":558,"href":"https:\/\/departamentos.uel.br\/geologia-e-geomatica\/wp-json\/wp\/v2\/pages\/175\/revisions\/558"}],"up":[{"embeddable":true,"href":"https:\/\/departamentos.uel.br\/geologia-e-geomatica\/wp-json\/wp\/v2\/pages\/20"}],"wp:attachment":[{"href":"https:\/\/departamentos.uel.br\/geologia-e-geomatica\/wp-json\/wp\/v2\/media?parent=175"}],"curies":[{"name":"wp","href":"https:\/\/api.w.org\/{rel}","templated":true}]}}