{"id":128,"date":"2022-10-03T14:43:46","date_gmt":"2022-10-03T17:43:46","guid":{"rendered":"https:\/\/departamentos.uel.br\/geologia-e-geomatica\/?page_id=128"},"modified":"2024-11-12T15:36:47","modified_gmt":"2024-11-12T18:36:47","slug":"estrutura","status":"publish","type":"page","link":"https:\/\/departamentos.uel.br\/geologia-e-geomatica\/apresentacao\/estrutura\/","title":{"rendered":"Laborat\u00f3rios"},"content":{"rendered":"\n<p>O Departamento de Geologia e Geom\u00e1tica conta v\u00e1rios laborat\u00f3rios:<\/p>\n\n\n\n<ul class=\"wp-block-list\">\n<li>Laborat\u00f3rio:&nbsp;<strong>Aeronaves Remotamente Pilotadas<\/strong><\/li>\n\n\n\n<li>Coordenador: Luciano Nardini Gomes<\/li>\n<\/ul>\n\n\n\n<ul class=\"wp-block-list\">\n<li>Laborat\u00f3rio:&nbsp;<strong>Geoqu\u00edmica<\/strong><\/li>\n\n\n\n<li>Coordenador: Jos\u00e9 Paulo Peccinini Pinese<\/li>\n<\/ul>\n\n\n\n<ul class=\"wp-block-list\">\n<li>Laborat\u00f3rio:&nbsp;<strong>Geoturismo e Espeleologia&nbsp;&nbsp;<\/strong><\/li>\n\n\n\n<li>Coordenador: Angelo Spoladore<\/li>\n<\/ul>\n\n\n\n<ul class=\"wp-block-list\">\n<li>Laborat\u00f3rio:&nbsp;<strong>Hidrogeologia e Ambiental<\/strong><\/li>\n\n\n\n<li>Coordenador: Andr\u00e9 Celligoi e Cleuber Moraes<\/li>\n<\/ul>\n\n\n\n<ul class=\"wp-block-list\">\n<li>Laborat\u00f3rio:&nbsp;<strong>Mineralogia&nbsp;&nbsp;<\/strong><\/li>\n\n\n\n<li>Coordenador: Cleuber Moraes Brito<\/li>\n<\/ul>\n\n\n\n<ul class=\"wp-block-list\">\n<li>Laborat\u00f3rio:&nbsp;<strong>Paleontologia<\/strong><\/li>\n\n\n\n<li>Coordenador: Andr\u00e9 Celligoi<\/li>\n<\/ul>\n\n\n\n<ul class=\"wp-block-list\">\n<li>Laborat\u00f3rio:&nbsp;<strong>Pedologia<\/strong><\/li>\n\n\n\n<li>Coordenador: Pedro Rodolfo Siqueira Vendrame<\/li>\n<\/ul>\n\n\n\n<ul class=\"wp-block-list\">\n<li>Laborat\u00f3rio:&nbsp;<strong>Sedimentologia<\/strong><\/li>\n\n\n\n<li>Coordenador: Edison Archela<\/li>\n<\/ul>\n\n\n\n<ul class=\"wp-block-list\">\n<li>Laborat\u00f3rio:&nbsp;<strong>Sensoriamento Remoto e Geoprocessamento<\/strong><\/li>\n\n\n\n<li>Coordenador: Osvaldo Coelho Pereira Neto<\/li>\n<\/ul>\n\n\n\n<ul class=\"wp-block-list\">\n<li>Laborat\u00f3rio:&nbsp;<strong>Topografia e Geod\u00e9sia<\/strong><\/li>\n\n\n\n<li>Coordenador: Fernanda Leite Ribeiro, Rafael Nardini e Paulo Adeildo Lopes<\/li>\n<\/ul>\n\n\n\n<p>O DGG tamb\u00e9m \u00e9 respons\u00e1vel pelo Museu de Geologia da UEL, na qual abriga amostras de cunho Geol\u00f3gicos, Paleontol\u00f3gicos e dos Solos caracter\u00edsticos do estado&nbsp;do Paran\u00e1 e de outras localidades.<\/p>\n\n\n<div class=\"wp-block-image\">\n<figure class=\"aligncenter size-full\"><a href=\"https:\/\/departamentos.uel.br\/geologia-e-geomatica\/apresentacao\/museu-de-geologia\/\"><img loading=\"lazy\" decoding=\"async\" width=\"972\" height=\"238\" src=\"https:\/\/departamentos.uel.br\/geologia-e-geomatica\/wp-content\/uploads\/2022\/12\/Museu.png\" alt=\"\" class=\"wp-image-555\" srcset=\"https:\/\/departamentos.uel.br\/geologia-e-geomatica\/wp-content\/uploads\/2022\/12\/Museu.png 972w, https:\/\/departamentos.uel.br\/geologia-e-geomatica\/wp-content\/uploads\/2022\/12\/Museu-300x73.png 300w, https:\/\/departamentos.uel.br\/geologia-e-geomatica\/wp-content\/uploads\/2022\/12\/Museu-768x188.png 768w\" sizes=\"auto, (max-width: 972px) 100vw, 972px\" \/><\/a><\/figure>\n<\/div>\n\n\n<p>Confira algumas fotos do DGG:<\/p>\n\n\n\n<figure class=\"wp-block-gallery has-nested-images columns-default is-cropped wp-block-gallery-1 is-layout-flex wp-block-gallery-is-layout-flex\">\n<figure class=\"wp-block-image size-large\"><img loading=\"lazy\" decoding=\"async\" width=\"1024\" height=\"768\" data-id=\"418\" src=\"https:\/\/departamentos.uel.br\/geologia-e-geomatica\/wp-content\/uploads\/2022\/11\/WhatsApp-Image-2022-10-21-at-11.52.10-1-1024x768.jpeg\" alt=\"\" class=\"wp-image-418\" srcset=\"https:\/\/departamentos.uel.br\/geologia-e-geomatica\/wp-content\/uploads\/2022\/11\/WhatsApp-Image-2022-10-21-at-11.52.10-1-1024x768.jpeg 1024w, https:\/\/departamentos.uel.br\/geologia-e-geomatica\/wp-content\/uploads\/2022\/11\/WhatsApp-Image-2022-10-21-at-11.52.10-1-300x225.jpeg 300w, https:\/\/departamentos.uel.br\/geologia-e-geomatica\/wp-content\/uploads\/2022\/11\/WhatsApp-Image-2022-10-21-at-11.52.10-1-768x576.jpeg 768w, https:\/\/departamentos.uel.br\/geologia-e-geomatica\/wp-content\/uploads\/2022\/11\/WhatsApp-Image-2022-10-21-at-11.52.10-1-1536x1152.jpeg 1536w, https:\/\/departamentos.uel.br\/geologia-e-geomatica\/wp-content\/uploads\/2022\/11\/WhatsApp-Image-2022-10-21-at-11.52.10-1.jpeg 1600w\" sizes=\"auto, (max-width: 1024px) 100vw, 1024px\" \/><\/figure>\n\n\n\n<figure class=\"wp-block-image size-large\"><img loading=\"lazy\" decoding=\"async\" width=\"768\" height=\"1024\" data-id=\"416\" src=\"https:\/\/departamentos.uel.br\/geologia-e-geomatica\/wp-content\/uploads\/2022\/11\/WhatsApp-Image-2022-10-21-at-11.52.10-768x1024.jpeg\" alt=\"\" class=\"wp-image-416\" srcset=\"https:\/\/departamentos.uel.br\/geologia-e-geomatica\/wp-content\/uploads\/2022\/11\/WhatsApp-Image-2022-10-21-at-11.52.10-768x1024.jpeg 768w, https:\/\/departamentos.uel.br\/geologia-e-geomatica\/wp-content\/uploads\/2022\/11\/WhatsApp-Image-2022-10-21-at-11.52.10-225x300.jpeg 225w, https:\/\/departamentos.uel.br\/geologia-e-geomatica\/wp-content\/uploads\/2022\/11\/WhatsApp-Image-2022-10-21-at-11.52.10-1152x1536.jpeg 1152w, https:\/\/departamentos.uel.br\/geologia-e-geomatica\/wp-content\/uploads\/2022\/11\/WhatsApp-Image-2022-10-21-at-11.52.10.jpeg 1200w\" sizes=\"auto, (max-width: 768px) 100vw, 768px\" \/><\/figure>\n\n\n\n<figure class=\"wp-block-image size-large\"><img loading=\"lazy\" decoding=\"async\" width=\"1024\" height=\"768\" data-id=\"417\" src=\"https:\/\/departamentos.uel.br\/geologia-e-geomatica\/wp-content\/uploads\/2022\/11\/WhatsApp-Image-2022-10-21-at-11.52.11-1-1024x768.jpeg\" alt=\"\" class=\"wp-image-417\" srcset=\"https:\/\/departamentos.uel.br\/geologia-e-geomatica\/wp-content\/uploads\/2022\/11\/WhatsApp-Image-2022-10-21-at-11.52.11-1-1024x768.jpeg 1024w, https:\/\/departamentos.uel.br\/geologia-e-geomatica\/wp-content\/uploads\/2022\/11\/WhatsApp-Image-2022-10-21-at-11.52.11-1-300x225.jpeg 300w, https:\/\/departamentos.uel.br\/geologia-e-geomatica\/wp-content\/uploads\/2022\/11\/WhatsApp-Image-2022-10-21-at-11.52.11-1-768x576.jpeg 768w, https:\/\/departamentos.uel.br\/geologia-e-geomatica\/wp-content\/uploads\/2022\/11\/WhatsApp-Image-2022-10-21-at-11.52.11-1-1536x1152.jpeg 1536w, https:\/\/departamentos.uel.br\/geologia-e-geomatica\/wp-content\/uploads\/2022\/11\/WhatsApp-Image-2022-10-21-at-11.52.11-1.jpeg 1600w\" sizes=\"auto, (max-width: 1024px) 100vw, 1024px\" \/><\/figure>\n\n\n\n<figure class=\"wp-block-image size-large\"><img loading=\"lazy\" decoding=\"async\" width=\"1024\" height=\"768\" data-id=\"419\" src=\"https:\/\/departamentos.uel.br\/geologia-e-geomatica\/wp-content\/uploads\/2022\/11\/WhatsApp-Image-2022-10-21-at-11.52.11-1024x768.jpeg\" alt=\"\" class=\"wp-image-419\" srcset=\"https:\/\/departamentos.uel.br\/geologia-e-geomatica\/wp-content\/uploads\/2022\/11\/WhatsApp-Image-2022-10-21-at-11.52.11-1024x768.jpeg 1024w, https:\/\/departamentos.uel.br\/geologia-e-geomatica\/wp-content\/uploads\/2022\/11\/WhatsApp-Image-2022-10-21-at-11.52.11-300x225.jpeg 300w, https:\/\/departamentos.uel.br\/geologia-e-geomatica\/wp-content\/uploads\/2022\/11\/WhatsApp-Image-2022-10-21-at-11.52.11-768x576.jpeg 768w, https:\/\/departamentos.uel.br\/geologia-e-geomatica\/wp-content\/uploads\/2022\/11\/WhatsApp-Image-2022-10-21-at-11.52.11-1536x1152.jpeg 1536w, https:\/\/departamentos.uel.br\/geologia-e-geomatica\/wp-content\/uploads\/2022\/11\/WhatsApp-Image-2022-10-21-at-11.52.11.jpeg 1600w\" sizes=\"auto, (max-width: 1024px) 100vw, 1024px\" \/><\/figure>\n<\/figure>\n\n\n\n<h2 class=\"wp-block-heading\">FUTURO DGG:<\/h2>\n\n\n\n<figure class=\"wp-block-gallery has-nested-images columns-default is-cropped wp-block-gallery-2 is-layout-flex wp-block-gallery-is-layout-flex\">\n<figure class=\"wp-block-image size-large\"><img loading=\"lazy\" decoding=\"async\" width=\"1024\" height=\"724\" data-id=\"584\" src=\"https:\/\/departamentos.uel.br\/geologia-e-geomatica\/wp-content\/uploads\/2022\/12\/Processo-3093.2020.43-Criacao-do-novo-Depto-Aprovado-CA_removed-1_pages-to-jpg-0006-1024x724.jpg\" alt=\"\" class=\"wp-image-584\" srcset=\"https:\/\/departamentos.uel.br\/geologia-e-geomatica\/wp-content\/uploads\/2022\/12\/Processo-3093.2020.43-Criacao-do-novo-Depto-Aprovado-CA_removed-1_pages-to-jpg-0006-1024x724.jpg 1024w, https:\/\/departamentos.uel.br\/geologia-e-geomatica\/wp-content\/uploads\/2022\/12\/Processo-3093.2020.43-Criacao-do-novo-Depto-Aprovado-CA_removed-1_pages-to-jpg-0006-300x212.jpg 300w, https:\/\/departamentos.uel.br\/geologia-e-geomatica\/wp-content\/uploads\/2022\/12\/Processo-3093.2020.43-Criacao-do-novo-Depto-Aprovado-CA_removed-1_pages-to-jpg-0006-768x543.jpg 768w, https:\/\/departamentos.uel.br\/geologia-e-geomatica\/wp-content\/uploads\/2022\/12\/Processo-3093.2020.43-Criacao-do-novo-Depto-Aprovado-CA_removed-1_pages-to-jpg-0006-1536x1086.jpg 1536w, https:\/\/departamentos.uel.br\/geologia-e-geomatica\/wp-content\/uploads\/2022\/12\/Processo-3093.2020.43-Criacao-do-novo-Depto-Aprovado-CA_removed-1_pages-to-jpg-0006.jpg 1754w\" sizes=\"auto, (max-width: 1024px) 100vw, 1024px\" \/><\/figure>\n\n\n\n<figure class=\"wp-block-image size-large\"><img loading=\"lazy\" decoding=\"async\" width=\"1024\" height=\"724\" data-id=\"587\" src=\"https:\/\/departamentos.uel.br\/geologia-e-geomatica\/wp-content\/uploads\/2022\/12\/Processo-3093.2020.43-Criacao-do-novo-Depto-Aprovado-CA_removed-1_pages-to-jpg-0007-1024x724.jpg\" alt=\"\" class=\"wp-image-587\" srcset=\"https:\/\/departamentos.uel.br\/geologia-e-geomatica\/wp-content\/uploads\/2022\/12\/Processo-3093.2020.43-Criacao-do-novo-Depto-Aprovado-CA_removed-1_pages-to-jpg-0007-1024x724.jpg 1024w, https:\/\/departamentos.uel.br\/geologia-e-geomatica\/wp-content\/uploads\/2022\/12\/Processo-3093.2020.43-Criacao-do-novo-Depto-Aprovado-CA_removed-1_pages-to-jpg-0007-300x212.jpg 300w, https:\/\/departamentos.uel.br\/geologia-e-geomatica\/wp-content\/uploads\/2022\/12\/Processo-3093.2020.43-Criacao-do-novo-Depto-Aprovado-CA_removed-1_pages-to-jpg-0007-768x543.jpg 768w, https:\/\/departamentos.uel.br\/geologia-e-geomatica\/wp-content\/uploads\/2022\/12\/Processo-3093.2020.43-Criacao-do-novo-Depto-Aprovado-CA_removed-1_pages-to-jpg-0007-1536x1086.jpg 1536w, https:\/\/departamentos.uel.br\/geologia-e-geomatica\/wp-content\/uploads\/2022\/12\/Processo-3093.2020.43-Criacao-do-novo-Depto-Aprovado-CA_removed-1_pages-to-jpg-0007.jpg 1754w\" sizes=\"auto, (max-width: 1024px) 100vw, 1024px\" \/><\/figure>\n\n\n\n<figure class=\"wp-block-image size-large\"><img loading=\"lazy\" decoding=\"async\" width=\"1024\" height=\"724\" data-id=\"589\" src=\"https:\/\/departamentos.uel.br\/geologia-e-geomatica\/wp-content\/uploads\/2022\/12\/Processo-3093.2020.43-Criacao-do-novo-Depto-Aprovado-CA_removed-1_pages-to-jpg-0009-1024x724.jpg\" alt=\"\" class=\"wp-image-589\" srcset=\"https:\/\/departamentos.uel.br\/geologia-e-geomatica\/wp-content\/uploads\/2022\/12\/Processo-3093.2020.43-Criacao-do-novo-Depto-Aprovado-CA_removed-1_pages-to-jpg-0009-1024x724.jpg 1024w, https:\/\/departamentos.uel.br\/geologia-e-geomatica\/wp-content\/uploads\/2022\/12\/Processo-3093.2020.43-Criacao-do-novo-Depto-Aprovado-CA_removed-1_pages-to-jpg-0009-300x212.jpg 300w, https:\/\/departamentos.uel.br\/geologia-e-geomatica\/wp-content\/uploads\/2022\/12\/Processo-3093.2020.43-Criacao-do-novo-Depto-Aprovado-CA_removed-1_pages-to-jpg-0009-768x543.jpg 768w, https:\/\/departamentos.uel.br\/geologia-e-geomatica\/wp-content\/uploads\/2022\/12\/Processo-3093.2020.43-Criacao-do-novo-Depto-Aprovado-CA_removed-1_pages-to-jpg-0009-1536x1086.jpg 1536w, https:\/\/departamentos.uel.br\/geologia-e-geomatica\/wp-content\/uploads\/2022\/12\/Processo-3093.2020.43-Criacao-do-novo-Depto-Aprovado-CA_removed-1_pages-to-jpg-0009.jpg 1754w\" sizes=\"auto, (max-width: 1024px) 100vw, 1024px\" \/><\/figure>\n\n\n\n<figure class=\"wp-block-image size-large\"><img loading=\"lazy\" decoding=\"async\" width=\"1024\" height=\"724\" data-id=\"586\" src=\"https:\/\/departamentos.uel.br\/geologia-e-geomatica\/wp-content\/uploads\/2022\/12\/Processo-3093.2020.43-Criacao-do-novo-Depto-Aprovado-CA_removed-1_pages-to-jpg-0010-1024x724.jpg\" alt=\"\" class=\"wp-image-586\" srcset=\"https:\/\/departamentos.uel.br\/geologia-e-geomatica\/wp-content\/uploads\/2022\/12\/Processo-3093.2020.43-Criacao-do-novo-Depto-Aprovado-CA_removed-1_pages-to-jpg-0010-1024x724.jpg 1024w, https:\/\/departamentos.uel.br\/geologia-e-geomatica\/wp-content\/uploads\/2022\/12\/Processo-3093.2020.43-Criacao-do-novo-Depto-Aprovado-CA_removed-1_pages-to-jpg-0010-300x212.jpg 300w, https:\/\/departamentos.uel.br\/geologia-e-geomatica\/wp-content\/uploads\/2022\/12\/Processo-3093.2020.43-Criacao-do-novo-Depto-Aprovado-CA_removed-1_pages-to-jpg-0010-768x543.jpg 768w, https:\/\/departamentos.uel.br\/geologia-e-geomatica\/wp-content\/uploads\/2022\/12\/Processo-3093.2020.43-Criacao-do-novo-Depto-Aprovado-CA_removed-1_pages-to-jpg-0010-1536x1086.jpg 1536w, https:\/\/departamentos.uel.br\/geologia-e-geomatica\/wp-content\/uploads\/2022\/12\/Processo-3093.2020.43-Criacao-do-novo-Depto-Aprovado-CA_removed-1_pages-to-jpg-0010.jpg 1754w\" sizes=\"auto, (max-width: 1024px) 100vw, 1024px\" \/><\/figure>\n\n\n\n<figure class=\"wp-block-image size-large\"><img loading=\"lazy\" decoding=\"async\" width=\"1024\" height=\"724\" data-id=\"585\" src=\"https:\/\/departamentos.uel.br\/geologia-e-geomatica\/wp-content\/uploads\/2022\/12\/Processo-3093.2020.43-Criacao-do-novo-Depto-Aprovado-CA_removed-1_pages-to-jpg-0011-1024x724.jpg\" alt=\"\" class=\"wp-image-585\" srcset=\"https:\/\/departamentos.uel.br\/geologia-e-geomatica\/wp-content\/uploads\/2022\/12\/Processo-3093.2020.43-Criacao-do-novo-Depto-Aprovado-CA_removed-1_pages-to-jpg-0011-1024x724.jpg 1024w, https:\/\/departamentos.uel.br\/geologia-e-geomatica\/wp-content\/uploads\/2022\/12\/Processo-3093.2020.43-Criacao-do-novo-Depto-Aprovado-CA_removed-1_pages-to-jpg-0011-300x212.jpg 300w, https:\/\/departamentos.uel.br\/geologia-e-geomatica\/wp-content\/uploads\/2022\/12\/Processo-3093.2020.43-Criacao-do-novo-Depto-Aprovado-CA_removed-1_pages-to-jpg-0011-768x543.jpg 768w, https:\/\/departamentos.uel.br\/geologia-e-geomatica\/wp-content\/uploads\/2022\/12\/Processo-3093.2020.43-Criacao-do-novo-Depto-Aprovado-CA_removed-1_pages-to-jpg-0011-1536x1086.jpg 1536w, https:\/\/departamentos.uel.br\/geologia-e-geomatica\/wp-content\/uploads\/2022\/12\/Processo-3093.2020.43-Criacao-do-novo-Depto-Aprovado-CA_removed-1_pages-to-jpg-0011.jpg 1754w\" sizes=\"auto, (max-width: 1024px) 100vw, 1024px\" \/><\/figure>\n\n\n\n<figure class=\"wp-block-image size-large\"><img loading=\"lazy\" decoding=\"async\" width=\"1024\" height=\"724\" data-id=\"588\" src=\"https:\/\/departamentos.uel.br\/geologia-e-geomatica\/wp-content\/uploads\/2022\/12\/Processo-3093.2020.43-Criacao-do-novo-Depto-Aprovado-CA_removed-1_pages-to-jpg-0014-1024x724.jpg\" alt=\"\" class=\"wp-image-588\" srcset=\"https:\/\/departamentos.uel.br\/geologia-e-geomatica\/wp-content\/uploads\/2022\/12\/Processo-3093.2020.43-Criacao-do-novo-Depto-Aprovado-CA_removed-1_pages-to-jpg-0014-1024x724.jpg 1024w, https:\/\/departamentos.uel.br\/geologia-e-geomatica\/wp-content\/uploads\/2022\/12\/Processo-3093.2020.43-Criacao-do-novo-Depto-Aprovado-CA_removed-1_pages-to-jpg-0014-300x212.jpg 300w, https:\/\/departamentos.uel.br\/geologia-e-geomatica\/wp-content\/uploads\/2022\/12\/Processo-3093.2020.43-Criacao-do-novo-Depto-Aprovado-CA_removed-1_pages-to-jpg-0014-768x543.jpg 768w, https:\/\/departamentos.uel.br\/geologia-e-geomatica\/wp-content\/uploads\/2022\/12\/Processo-3093.2020.43-Criacao-do-novo-Depto-Aprovado-CA_removed-1_pages-to-jpg-0014-1536x1086.jpg 1536w, https:\/\/departamentos.uel.br\/geologia-e-geomatica\/wp-content\/uploads\/2022\/12\/Processo-3093.2020.43-Criacao-do-novo-Depto-Aprovado-CA_removed-1_pages-to-jpg-0014.jpg 1754w\" sizes=\"auto, (max-width: 1024px) 100vw, 1024px\" \/><\/figure>\n\n\n\n<figure class=\"wp-block-image size-large\"><img loading=\"lazy\" decoding=\"async\" width=\"1024\" height=\"724\" data-id=\"590\" src=\"https:\/\/departamentos.uel.br\/geologia-e-geomatica\/wp-content\/uploads\/2022\/12\/Processo-3093.2020.43-Criacao-do-novo-Depto-Aprovado-CA_removed-1_pages-to-jpg-0008-1024x724.jpg\" alt=\"\" class=\"wp-image-590\" srcset=\"https:\/\/departamentos.uel.br\/geologia-e-geomatica\/wp-content\/uploads\/2022\/12\/Processo-3093.2020.43-Criacao-do-novo-Depto-Aprovado-CA_removed-1_pages-to-jpg-0008-1024x724.jpg 1024w, https:\/\/departamentos.uel.br\/geologia-e-geomatica\/wp-content\/uploads\/2022\/12\/Processo-3093.2020.43-Criacao-do-novo-Depto-Aprovado-CA_removed-1_pages-to-jpg-0008-300x212.jpg 300w, https:\/\/departamentos.uel.br\/geologia-e-geomatica\/wp-content\/uploads\/2022\/12\/Processo-3093.2020.43-Criacao-do-novo-Depto-Aprovado-CA_removed-1_pages-to-jpg-0008-768x543.jpg 768w, https:\/\/departamentos.uel.br\/geologia-e-geomatica\/wp-content\/uploads\/2022\/12\/Processo-3093.2020.43-Criacao-do-novo-Depto-Aprovado-CA_removed-1_pages-to-jpg-0008-1536x1086.jpg 1536w, https:\/\/departamentos.uel.br\/geologia-e-geomatica\/wp-content\/uploads\/2022\/12\/Processo-3093.2020.43-Criacao-do-novo-Depto-Aprovado-CA_removed-1_pages-to-jpg-0008.jpg 1754w\" sizes=\"auto, (max-width: 1024px) 100vw, 1024px\" \/><\/figure>\n\n\n\n<figure class=\"wp-block-image size-large\"><img loading=\"lazy\" decoding=\"async\" width=\"1024\" height=\"724\" data-id=\"591\" src=\"https:\/\/departamentos.uel.br\/geologia-e-geomatica\/wp-content\/uploads\/2022\/12\/Processo-3093.2020.43-Criacao-do-novo-Depto-Aprovado-CA_removed-1_pages-to-jpg-0012-1024x724.jpg\" alt=\"\" class=\"wp-image-591\" srcset=\"https:\/\/departamentos.uel.br\/geologia-e-geomatica\/wp-content\/uploads\/2022\/12\/Processo-3093.2020.43-Criacao-do-novo-Depto-Aprovado-CA_removed-1_pages-to-jpg-0012-1024x724.jpg 1024w, https:\/\/departamentos.uel.br\/geologia-e-geomatica\/wp-content\/uploads\/2022\/12\/Processo-3093.2020.43-Criacao-do-novo-Depto-Aprovado-CA_removed-1_pages-to-jpg-0012-300x212.jpg 300w, https:\/\/departamentos.uel.br\/geologia-e-geomatica\/wp-content\/uploads\/2022\/12\/Processo-3093.2020.43-Criacao-do-novo-Depto-Aprovado-CA_removed-1_pages-to-jpg-0012-768x543.jpg 768w, https:\/\/departamentos.uel.br\/geologia-e-geomatica\/wp-content\/uploads\/2022\/12\/Processo-3093.2020.43-Criacao-do-novo-Depto-Aprovado-CA_removed-1_pages-to-jpg-0012-1536x1086.jpg 1536w, https:\/\/departamentos.uel.br\/geologia-e-geomatica\/wp-content\/uploads\/2022\/12\/Processo-3093.2020.43-Criacao-do-novo-Depto-Aprovado-CA_removed-1_pages-to-jpg-0012.jpg 1754w\" sizes=\"auto, (max-width: 1024px) 100vw, 1024px\" \/><\/figure>\n<\/figure>\n","protected":false},"excerpt":{"rendered":"<p>O Departamento de Geologia e Geom\u00e1tica conta v\u00e1rios laborat\u00f3rios: O DGG tamb\u00e9m \u00e9 respons\u00e1vel pelo Museu de Geologia da UEL, na qual abriga amostras de cunho Geol\u00f3gicos, Paleontol\u00f3gicos e dos Solos caracter\u00edsticos do estado&nbsp;do Paran\u00e1 e de outras localidades. Confira algumas fotos do DGG: FUTURO DGG:<\/p>\n","protected":false},"author":9,"featured_media":0,"parent":20,"menu_order":0,"comment_status":"closed","ping_status":"closed","template":"","meta":{"_acf_changed":false,"_themeisle_gutenberg_block_has_review":false,"footnotes":""},"class_list":["post-128","page","type-page","status-publish","hentry"],"acf":[],"_links":{"self":[{"href":"https:\/\/departamentos.uel.br\/geologia-e-geomatica\/wp-json\/wp\/v2\/pages\/128","targetHints":{"allow":["GET"]}}],"collection":[{"href":"https:\/\/departamentos.uel.br\/geologia-e-geomatica\/wp-json\/wp\/v2\/pages"}],"about":[{"href":"https:\/\/departamentos.uel.br\/geologia-e-geomatica\/wp-json\/wp\/v2\/types\/page"}],"author":[{"embeddable":true,"href":"https:\/\/departamentos.uel.br\/geologia-e-geomatica\/wp-json\/wp\/v2\/users\/9"}],"replies":[{"embeddable":true,"href":"https:\/\/departamentos.uel.br\/geologia-e-geomatica\/wp-json\/wp\/v2\/comments?post=128"}],"version-history":[{"count":19,"href":"https:\/\/departamentos.uel.br\/geologia-e-geomatica\/wp-json\/wp\/v2\/pages\/128\/revisions"}],"predecessor-version":[{"id":1186,"href":"https:\/\/departamentos.uel.br\/geologia-e-geomatica\/wp-json\/wp\/v2\/pages\/128\/revisions\/1186"}],"up":[{"embeddable":true,"href":"https:\/\/departamentos.uel.br\/geologia-e-geomatica\/wp-json\/wp\/v2\/pages\/20"}],"wp:attachment":[{"href":"https:\/\/departamentos.uel.br\/geologia-e-geomatica\/wp-json\/wp\/v2\/media?parent=128"}],"curies":[{"name":"wp","href":"https:\/\/api.w.org\/{rel}","templated":true}]}}