{"id":1199,"date":"2024-11-12T15:44:40","date_gmt":"2024-11-12T18:44:40","guid":{"rendered":"https:\/\/departamentos.uel.br\/geologia-e-geomatica\/?page_id=1199"},"modified":"2024-11-13T10:01:34","modified_gmt":"2024-11-13T13:01:34","slug":"links-importantes","status":"publish","type":"page","link":"https:\/\/departamentos.uel.br\/geologia-e-geomatica\/links-importantes\/","title":{"rendered":"Links Importantes"},"content":{"rendered":"\n<p>Seguem links importantes da \u00e1rea:<\/p>\n\n\n\n<p><a href=\"https:\/\/www.gov.br\/cnpq\/pt-br\">CNPq<\/a><\/p>\n\n\n\n<p><a href=\"https:\/\/www.gov.br\/capes\/pt-br\">CAPES<\/a><\/p>\n\n\n\n<p><a href=\"https:\/\/www.iat.pr.gov.br\/Pagina\/Mapeamento-Geologico\">IAT-PR &#8211; INSTITUTO \u00c1GUA E TERRA MAPEAMENTO GEOL\u00d3GICO<\/a><\/p>\n\n\n\n<p><a href=\"https:\/\/www.amep.pr.gov.br\/Pagina\/Mapeamento-Geologico-Geotecnico-Mapas-de-Unidades-de-Terreno-da-RMC\">MAPEAMENTO GEOL\u00d3GICO &#8211; GEOT\u00c9CNICO<\/a><\/p>\n\n\n\n<p><a href=\"https:\/\/www.sbgeo.org.br\/home\/pages\/25\">SBGEO &#8211; SOCIEDADE BRASILEIRA DE GEOLOGIA<\/a><\/p>\n\n\n\n<p><a href=\"https:\/\/www.febrageo.org.br\/home\">FEBRAGEO &#8211; FEDERA\u00c7\u00c3O BRASILEIRA DE GE\u00d3LOGOS<\/a><\/p>\n\n\n\n<p>Logos do Departamento de Geoci\u00eancias e Geom\u00e1tica:<\/p>\n\n\n\n<div class=\"wp-block-columns is-layout-flex wp-container-core-columns-is-layout-9d6595d7 wp-block-columns-is-layout-flex\">\n<div class=\"wp-block-column is-layout-flow wp-block-column-is-layout-flow\"><div class=\"wp-block-image\">\n<figure class=\"aligncenter size-large is-resized\"><img loading=\"lazy\" decoding=\"async\" width=\"1024\" height=\"725\" src=\"https:\/\/departamentos.uel.br\/geologia-e-geomatica\/wp-content\/uploads\/2023\/05\/marca-arte-final-original-1_page-0001-1024x725.jpg\" alt=\"\" class=\"wp-image-1041\" style=\"width:347px;height:auto\" srcset=\"https:\/\/departamentos.uel.br\/geologia-e-geomatica\/wp-content\/uploads\/2023\/05\/marca-arte-final-original-1_page-0001-1024x725.jpg 1024w, https:\/\/departamentos.uel.br\/geologia-e-geomatica\/wp-content\/uploads\/2023\/05\/marca-arte-final-original-1_page-0001-300x212.jpg 300w, https:\/\/departamentos.uel.br\/geologia-e-geomatica\/wp-content\/uploads\/2023\/05\/marca-arte-final-original-1_page-0001-768x543.jpg 768w, https:\/\/departamentos.uel.br\/geologia-e-geomatica\/wp-content\/uploads\/2023\/05\/marca-arte-final-original-1_page-0001-1536x1087.jpg 1536w, https:\/\/departamentos.uel.br\/geologia-e-geomatica\/wp-content\/uploads\/2023\/05\/marca-arte-final-original-1_page-0001.jpg 1754w\" sizes=\"auto, (max-width: 1024px) 100vw, 1024px\" \/><\/figure>\n<\/div><\/div>\n\n\n\n<div class=\"wp-block-column is-layout-flow wp-block-column-is-layout-flow\"><div class=\"wp-block-image\">\n<figure class=\"alignleft size-full is-resized\"><img loading=\"lazy\" decoding=\"async\" width=\"307\" height=\"204\" src=\"https:\/\/departamentos.uel.br\/geologia-e-geomatica\/wp-content\/uploads\/2024\/11\/cce.png\" alt=\"\" class=\"wp-image-1220\" style=\"width:355px;height:auto\" srcset=\"https:\/\/departamentos.uel.br\/geologia-e-geomatica\/wp-content\/uploads\/2024\/11\/cce.png 307w, https:\/\/departamentos.uel.br\/geologia-e-geomatica\/wp-content\/uploads\/2024\/11\/cce-300x199.png 300w\" sizes=\"auto, (max-width: 307px) 100vw, 307px\" \/><\/figure>\n<\/div><\/div>\n<\/div>\n\n\n\n<p class=\"has-medium-font-size\"><strong>Manual de Identidade Visual da UEL<\/strong><\/p>\n\n\n\n<p>Ao representar a Universidade Estadual de Londrina, utilize a&nbsp;<a href=\"https:\/\/portal.uel.br\/conheca-a-uel\/pages\/marca-e-logotipo.php\" target=\"_blank\" rel=\"noreferrer noopener\">logomarca da UEL<\/a>, conforme manual abaixo:<\/p>\n\n\n\n<div data-wp-interactive=\"core\/file\" class=\"wp-block-file\"><object data-wp-bind--hidden=\"!state.hasPdfPreview\" hidden class=\"wp-block-file__embed\" data=\"https:\/\/departamentos.uel.br\/geologia-e-geomatica\/wp-content\/uploads\/2024\/11\/MANUAL_DE_IDENTIDADE_UEL_-_2019-1.pdf\" type=\"application\/pdf\" style=\"width:100%;height:600px\" aria-label=\"Incorporado de MANUAL_DE_IDENTIDADE_UEL_-_2019 (1).\"><\/object><a id=\"wp-block-file--media-9adc1992-9a34-4990-ada8-c7b51fdf4a5b\" href=\"https:\/\/departamentos.uel.br\/geologia-e-geomatica\/wp-content\/uploads\/2024\/11\/MANUAL_DE_IDENTIDADE_UEL_-_2019-1.pdf\">MANUAL_DE_IDENTIDADE_UEL_-_2019 (1)<\/a><a href=\"https:\/\/departamentos.uel.br\/geologia-e-geomatica\/wp-content\/uploads\/2024\/11\/MANUAL_DE_IDENTIDADE_UEL_-_2019-1.pdf\" class=\"wp-block-file__button wp-element-button\" download aria-describedby=\"wp-block-file--media-9adc1992-9a34-4990-ada8-c7b51fdf4a5b\">Baixar<\/a><\/div>\n","protected":false},"excerpt":{"rendered":"<p>Seguem links importantes da \u00e1rea: CNPq CAPES IAT-PR &#8211; INSTITUTO \u00c1GUA E TERRA MAPEAMENTO GEOL\u00d3GICO MAPEAMENTO GEOL\u00d3GICO &#8211; GEOT\u00c9CNICO SBGEO &#8211; SOCIEDADE BRASILEIRA DE GEOLOGIA FEBRAGEO &#8211; FEDERA\u00c7\u00c3O BRASILEIRA DE GE\u00d3LOGOS Logos do Departamento de Geoci\u00eancias e Geom\u00e1tica: Manual de Identidade Visual da UEL Ao representar a Universidade Estadual de Londrina, utilize a&nbsp;logomarca da UEL, [&hellip;]<\/p>\n","protected":false},"author":10,"featured_media":0,"parent":0,"menu_order":0,"comment_status":"closed","ping_status":"closed","template":"","meta":{"_acf_changed":false,"_themeisle_gutenberg_block_has_review":false,"footnotes":""},"class_list":["post-1199","page","type-page","status-publish","hentry"],"acf":[],"_links":{"self":[{"href":"https:\/\/departamentos.uel.br\/geologia-e-geomatica\/wp-json\/wp\/v2\/pages\/1199","targetHints":{"allow":["GET"]}}],"collection":[{"href":"https:\/\/departamentos.uel.br\/geologia-e-geomatica\/wp-json\/wp\/v2\/pages"}],"about":[{"href":"https:\/\/departamentos.uel.br\/geologia-e-geomatica\/wp-json\/wp\/v2\/types\/page"}],"author":[{"embeddable":true,"href":"https:\/\/departamentos.uel.br\/geologia-e-geomatica\/wp-json\/wp\/v2\/users\/10"}],"replies":[{"embeddable":true,"href":"https:\/\/departamentos.uel.br\/geologia-e-geomatica\/wp-json\/wp\/v2\/comments?post=1199"}],"version-history":[{"count":10,"href":"https:\/\/departamentos.uel.br\/geologia-e-geomatica\/wp-json\/wp\/v2\/pages\/1199\/revisions"}],"predecessor-version":[{"id":1236,"href":"https:\/\/departamentos.uel.br\/geologia-e-geomatica\/wp-json\/wp\/v2\/pages\/1199\/revisions\/1236"}],"wp:attachment":[{"href":"https:\/\/departamentos.uel.br\/geologia-e-geomatica\/wp-json\/wp\/v2\/media?parent=1199"}],"curies":[{"name":"wp","href":"https:\/\/api.w.org\/{rel}","templated":true}]}}