{"id":1193,"date":"2024-11-12T15:43:59","date_gmt":"2024-11-12T18:43:59","guid":{"rendered":"https:\/\/departamentos.uel.br\/geologia-e-geomatica\/?page_id=1193"},"modified":"2024-11-13T09:19:38","modified_gmt":"2024-11-13T12:19:38","slug":"sobre-o-departamento","status":"publish","type":"page","link":"https:\/\/departamentos.uel.br\/geologia-e-geomatica\/sobre-o-departamento\/","title":{"rendered":"Sobre o Departamento"},"content":{"rendered":"<div class=\"wp-block-image\">\n<figure class=\"aligncenter size-full is-resized\"><img loading=\"lazy\" decoding=\"async\" width=\"768\" height=\"432\" src=\"https:\/\/departamentos.uel.br\/geologia-e-geomatica\/wp-content\/uploads\/2024\/11\/apresentacao-geo.png\" alt=\"\" class=\"wp-image-1209\" style=\"width:522px;height:auto\" srcset=\"https:\/\/departamentos.uel.br\/geologia-e-geomatica\/wp-content\/uploads\/2024\/11\/apresentacao-geo.png 768w, https:\/\/departamentos.uel.br\/geologia-e-geomatica\/wp-content\/uploads\/2024\/11\/apresentacao-geo-300x169.png 300w\" sizes=\"auto, (max-width: 768px) 100vw, 768px\" \/><\/figure>\n<\/div>\n\n\n<p>No in\u00edcio de abril de 2022 o Conselho Universit\u00e1rio (CU) da Universidade Estadual de Londrina (UEL) aprovou a cria\u00e7\u00e3o do Departamento de Geologia e Geom\u00e1tica (DGG), atrav\u00e9s da Resolu\u00e7\u00e3o n\u00ba 017\/2022. <\/p>\n\n\n\n<p>Foram dois anos de an\u00e1lise para a cria\u00e7\u00e3o do DGG e contou com o apoio externo de entidades, como a da Sociedade Brasileira de Geologia (SBG) e a Federa\u00e7\u00e3o Brasileira dos Ge\u00f3logos (FEBRAGEO).<\/p>\n\n\n\n<p>O DGG tem como objetivos, fortalecer a pesquisa acad\u00eamica em suas \u00e1reas, de aumentar a capacidade t\u00e9cnica na presta\u00e7\u00e3o de servi\u00e7os na \u00e1rea que ainda carece de profissionais. <\/p>\n\n\n\n<p>Tamb\u00e9m tem como foco, ser uma refer\u00eancia regional em sua \u00e1rea.<\/p>\n\n\n\n<p>O DGG conta com 11 docentes provenientes do Centro de Ci\u00eancias Exatas (CCE).<\/p>\n\n\n\n<p><\/p>\n","protected":false},"excerpt":{"rendered":"<p>No in\u00edcio de abril de 2022 o Conselho Universit\u00e1rio (CU) da Universidade Estadual de Londrina (UEL) aprovou a cria\u00e7\u00e3o do Departamento de Geologia e Geom\u00e1tica (DGG), atrav\u00e9s da Resolu\u00e7\u00e3o n\u00ba 017\/2022. Foram dois anos de an\u00e1lise para a cria\u00e7\u00e3o do DGG e contou com o apoio externo de entidades, como a da Sociedade Brasileira de [&hellip;]<\/p>\n","protected":false},"author":10,"featured_media":0,"parent":0,"menu_order":0,"comment_status":"closed","ping_status":"closed","template":"","meta":{"_acf_changed":false,"_themeisle_gutenberg_block_has_review":false,"footnotes":""},"class_list":["post-1193","page","type-page","status-publish","hentry"],"acf":[],"_links":{"self":[{"href":"https:\/\/departamentos.uel.br\/geologia-e-geomatica\/wp-json\/wp\/v2\/pages\/1193","targetHints":{"allow":["GET"]}}],"collection":[{"href":"https:\/\/departamentos.uel.br\/geologia-e-geomatica\/wp-json\/wp\/v2\/pages"}],"about":[{"href":"https:\/\/departamentos.uel.br\/geologia-e-geomatica\/wp-json\/wp\/v2\/types\/page"}],"author":[{"embeddable":true,"href":"https:\/\/departamentos.uel.br\/geologia-e-geomatica\/wp-json\/wp\/v2\/users\/10"}],"replies":[{"embeddable":true,"href":"https:\/\/departamentos.uel.br\/geologia-e-geomatica\/wp-json\/wp\/v2\/comments?post=1193"}],"version-history":[{"count":7,"href":"https:\/\/departamentos.uel.br\/geologia-e-geomatica\/wp-json\/wp\/v2\/pages\/1193\/revisions"}],"predecessor-version":[{"id":1231,"href":"https:\/\/departamentos.uel.br\/geologia-e-geomatica\/wp-json\/wp\/v2\/pages\/1193\/revisions\/1231"}],"wp:attachment":[{"href":"https:\/\/departamentos.uel.br\/geologia-e-geomatica\/wp-json\/wp\/v2\/media?parent=1193"}],"curies":[{"name":"wp","href":"https:\/\/api.w.org\/{rel}","templated":true}]}}